{"id":524,"date":"2021-03-01T16:57:03","date_gmt":"2021-03-01T16:57:03","guid":{"rendered":"https:\/\/follainprod.wpengine.com\/?page_id=524"},"modified":"2024-09-27T14:55:52","modified_gmt":"2024-09-27T13:55:52","slug":"recipes","status":"publish","type":"page","link":"https:\/\/www.follain.ie\/ga\/recipes\/","title":{"rendered":"Oidis"},"content":{"rendered":"","protected":false},"excerpt":{"rendered":"","protected":false},"author":1,"featured_media":0,"parent":0,"menu_order":0,"comment_status":"closed","ping_status":"closed","template":"templates\/recipes.php","meta":{"_acf_changed":false,"footnotes":""},"class_list":["post-524","page","type-page","status-publish","hentry"],"acf":[],"yoast_head":"<!-- This site is optimized with the Yoast SEO plugin v27.2 - https:\/\/yoast.com\/product\/yoast-seo-wordpress\/ -->\n<title>Oidis - Foll\u00e1in Irish<\/title>\n<meta name=\"description\" content=\"Seo a leanas oidis a \u00fas\u00e1idim\u00edd f\u00e9in in\u00e1r gc\u00f3caireacht sa bhaile. T\u00e1 idir oidis m\u00edlse agus sobhlasta ar f\u00e1il anseo ag \u00fas\u00e1id Foll\u00e1in\" \/>\n<meta name=\"robots\" content=\"index, follow, max-snippet:-1, max-image-preview:large, max-video-preview:-1\" \/>\n<link rel=\"canonical\" href=\"https:\/\/www.follain.ie\/ga\/recipes\/\" \/>\n<meta property=\"og:locale\" content=\"en_GB\" \/>\n<meta property=\"og:type\" content=\"article\" \/>\n<meta property=\"og:title\" content=\"Oidis - Foll\u00e1in Irish\" \/>\n<meta property=\"og:description\" content=\"Seo a leanas oidis a \u00fas\u00e1idim\u00edd f\u00e9in in\u00e1r gc\u00f3caireacht sa bhaile. T\u00e1 idir oidis m\u00edlse agus sobhlasta ar f\u00e1il anseo ag \u00fas\u00e1id Foll\u00e1in\" \/>\n<meta property=\"og:url\" content=\"https:\/\/www.follain.ie\/ga\/recipes\/\" \/>\n<meta property=\"og:site_name\" content=\"Foll\u00e1in Irish\" \/>\n<meta property=\"article:modified_time\" content=\"2024-09-27T13:55:52+00:00\" \/>\n<meta name=\"twitter:card\" content=\"summary_large_image\" \/>\n<!-- \/ Yoast SEO plugin. -->","yoast_head_json":{"title":"Oidis - Foll\u00e1in Irish","description":"Seo a leanas oidis a \u00fas\u00e1idim\u00edd f\u00e9in in\u00e1r gc\u00f3caireacht sa bhaile. T\u00e1 idir oidis m\u00edlse agus sobhlasta ar f\u00e1il anseo ag \u00fas\u00e1id Foll\u00e1in","robots":{"index":"index","follow":"follow","max-snippet":"max-snippet:-1","max-image-preview":"max-image-preview:large","max-video-preview":"max-video-preview:-1"},"canonical":"https:\/\/www.follain.ie\/ga\/recipes\/","og_locale":"en_GB","og_type":"article","og_title":"Oidis - Foll\u00e1in Irish","og_description":"Seo a leanas oidis a \u00fas\u00e1idim\u00edd f\u00e9in in\u00e1r gc\u00f3caireacht sa bhaile. T\u00e1 idir oidis m\u00edlse agus sobhlasta ar f\u00e1il anseo ag \u00fas\u00e1id Foll\u00e1in","og_url":"https:\/\/www.follain.ie\/ga\/recipes\/","og_site_name":"Foll\u00e1in Irish","article_modified_time":"2024-09-27T13:55:52+00:00","twitter_card":"summary_large_image","schema":{"@context":"https:\/\/schema.org","@graph":[{"@type":"WebPage","@id":"https:\/\/www.follain.ie\/ga\/recipes\/","url":"https:\/\/www.follain.ie\/ga\/recipes\/","name":"Oidis - Foll\u00e1in Irish","isPartOf":{"@id":"https:\/\/www.follain.ie\/ga\/#website"},"datePublished":"2021-03-01T16:57:03+00:00","dateModified":"2024-09-27T13:55:52+00:00","description":"Seo a leanas oidis a \u00fas\u00e1idim\u00edd f\u00e9in in\u00e1r gc\u00f3caireacht sa bhaile. T\u00e1 idir oidis m\u00edlse agus sobhlasta ar f\u00e1il anseo ag \u00fas\u00e1id Foll\u00e1in","breadcrumb":{"@id":"https:\/\/www.follain.ie\/ga\/recipes\/#breadcrumb"},"inLanguage":"en-GB","potentialAction":[{"@type":"ReadAction","target":["https:\/\/www.follain.ie\/ga\/recipes\/"]}]},{"@type":"BreadcrumbList","@id":"https:\/\/www.follain.ie\/ga\/recipes\/#breadcrumb","itemListElement":[{"@type":"ListItem","position":1,"name":"Baile","item":"https:\/\/www.follain.ie\/ga\/"},{"@type":"ListItem","position":2,"name":"Oidis"}]},{"@type":"WebSite","@id":"https:\/\/www.follain.ie\/ga\/#website","url":"https:\/\/www.follain.ie\/ga\/","name":"Foll\u00e1in Irish","description":"We love sharing our passion for good food and eating well through our dedication to making delicious preserves","potentialAction":[{"@type":"SearchAction","target":{"@type":"EntryPoint","urlTemplate":"https:\/\/www.follain.ie\/ga\/?s={search_term_string}"},"query-input":{"@type":"PropertyValueSpecification","valueRequired":true,"valueName":"search_term_string"}}],"inLanguage":"en-GB"}]}},"_links":{"self":[{"href":"https:\/\/www.follain.ie\/ga\/wp-json\/wp\/v2\/pages\/524","targetHints":{"allow":["GET"]}}],"collection":[{"href":"https:\/\/www.follain.ie\/ga\/wp-json\/wp\/v2\/pages"}],"about":[{"href":"https:\/\/www.follain.ie\/ga\/wp-json\/wp\/v2\/types\/page"}],"author":[{"embeddable":true,"href":"https:\/\/www.follain.ie\/ga\/wp-json\/wp\/v2\/users\/1"}],"replies":[{"embeddable":true,"href":"https:\/\/www.follain.ie\/ga\/wp-json\/wp\/v2\/comments?post=524"}],"version-history":[{"count":0,"href":"https:\/\/www.follain.ie\/ga\/wp-json\/wp\/v2\/pages\/524\/revisions"}],"wp:attachment":[{"href":"https:\/\/www.follain.ie\/ga\/wp-json\/wp\/v2\/media?parent=524"}],"curies":[{"name":"wp","href":"https:\/\/api.w.org\/{rel}","templated":true}]}}