{"id":709,"date":"2021-03-04T14:36:31","date_gmt":"2021-03-04T14:36:31","guid":{"rendered":"https:\/\/follainprod.wpengine.com\/?page_id=709"},"modified":"2025-11-05T18:04:32","modified_gmt":"2025-11-05T18:04:32","slug":"create-your-own-box","status":"publish","type":"page","link":"https:\/\/www.follain.ie\/ga\/create-your-own-box\/","title":{"rendered":"D\u00e9an do Bhosca F\u00e9in"},"content":{"rendered":"","protected":false},"excerpt":{"rendered":"","protected":false},"author":1,"featured_media":0,"parent":0,"menu_order":0,"comment_status":"closed","ping_status":"closed","template":"cyob.php","meta":{"_acf_changed":false,"footnotes":""},"class_list":["post-709","page","type-page","status-publish","hentry"],"acf":[],"yoast_head":"<!-- This site is optimized with the Yoast SEO plugin v27.2 - https:\/\/yoast.com\/product\/yoast-seo-wordpress\/ -->\n<title>D\u00e9an do Bhosca F\u00e9in - Foll\u00e1in Irish<\/title>\n<meta name=\"description\" content=\"Is f\u00e9idir leat do rogha t\u00e1irge a roghn\u00fa dod&#039; bhosca f\u00e9in. Cruthaigh go blasta \u00e9!\" \/>\n<meta name=\"robots\" content=\"index, follow, max-snippet:-1, max-image-preview:large, max-video-preview:-1\" \/>\n<link rel=\"canonical\" href=\"https:\/\/www.follain.ie\/ga\/create-your-own-box\/\" \/>\n<meta property=\"og:locale\" content=\"en_GB\" \/>\n<meta property=\"og:type\" content=\"article\" \/>\n<meta property=\"og:title\" content=\"D\u00e9an do Bhosca F\u00e9in - Foll\u00e1in Irish\" \/>\n<meta property=\"og:description\" content=\"Is f\u00e9idir leat do rogha t\u00e1irge a roghn\u00fa dod&#039; bhosca f\u00e9in. Cruthaigh go blasta \u00e9!\" \/>\n<meta property=\"og:url\" content=\"https:\/\/www.follain.ie\/ga\/create-your-own-box\/\" \/>\n<meta property=\"og:site_name\" content=\"Foll\u00e1in Irish\" \/>\n<meta property=\"article:modified_time\" content=\"2025-11-05T18:04:32+00:00\" \/>\n<meta property=\"og:image\" content=\"https:\/\/www.follain.ie\/ga\/wp-content\/uploads\/sites\/3\/2021\/12\/CYOB-Setting.png\" \/>\n\t<meta property=\"og:image:width\" content=\"1066\" \/>\n\t<meta property=\"og:image:height\" content=\"758\" \/>\n\t<meta property=\"og:image:type\" content=\"image\/png\" \/>\n<meta name=\"twitter:card\" content=\"summary_large_image\" \/>\n<meta name=\"twitter:image\" content=\"https:\/\/www.follain.ie\/ga\/wp-content\/uploads\/sites\/3\/2021\/12\/CYOB-Setting.png\" \/>\n<!-- \/ Yoast SEO plugin. -->","yoast_head_json":{"title":"D\u00e9an do Bhosca F\u00e9in - Foll\u00e1in Irish","description":"Is f\u00e9idir leat do rogha t\u00e1irge a roghn\u00fa dod' bhosca f\u00e9in. Cruthaigh go blasta \u00e9!","robots":{"index":"index","follow":"follow","max-snippet":"max-snippet:-1","max-image-preview":"max-image-preview:large","max-video-preview":"max-video-preview:-1"},"canonical":"https:\/\/www.follain.ie\/ga\/create-your-own-box\/","og_locale":"en_GB","og_type":"article","og_title":"D\u00e9an do Bhosca F\u00e9in - Foll\u00e1in Irish","og_description":"Is f\u00e9idir leat do rogha t\u00e1irge a roghn\u00fa dod' bhosca f\u00e9in. Cruthaigh go blasta \u00e9!","og_url":"https:\/\/www.follain.ie\/ga\/create-your-own-box\/","og_site_name":"Foll\u00e1in Irish","article_modified_time":"2025-11-05T18:04:32+00:00","og_image":[{"width":1066,"height":758,"url":"https:\/\/www.follain.ie\/ga\/wp-content\/uploads\/sites\/3\/2021\/12\/CYOB-Setting.png","type":"image\/png"}],"twitter_card":"summary_large_image","twitter_image":"https:\/\/www.follain.ie\/ga\/wp-content\/uploads\/sites\/3\/2021\/12\/CYOB-Setting.png","schema":{"@context":"https:\/\/schema.org","@graph":[{"@type":"WebPage","@id":"https:\/\/www.follain.ie\/ga\/create-your-own-box\/","url":"https:\/\/www.follain.ie\/ga\/create-your-own-box\/","name":"D\u00e9an do Bhosca F\u00e9in - Foll\u00e1in Irish","isPartOf":{"@id":"https:\/\/www.follain.ie\/ga\/#website"},"datePublished":"2021-03-04T14:36:31+00:00","dateModified":"2025-11-05T18:04:32+00:00","description":"Is f\u00e9idir leat do rogha t\u00e1irge a roghn\u00fa dod' bhosca f\u00e9in. Cruthaigh go blasta \u00e9!","breadcrumb":{"@id":"https:\/\/www.follain.ie\/ga\/create-your-own-box\/#breadcrumb"},"inLanguage":"en-GB","potentialAction":[{"@type":"ReadAction","target":["https:\/\/www.follain.ie\/ga\/create-your-own-box\/"]}]},{"@type":"BreadcrumbList","@id":"https:\/\/www.follain.ie\/ga\/create-your-own-box\/#breadcrumb","itemListElement":[{"@type":"ListItem","position":1,"name":"Baile","item":"https:\/\/www.follain.ie\/ga\/"},{"@type":"ListItem","position":2,"name":"D\u00e9an do Bhosca F\u00e9in"}]},{"@type":"WebSite","@id":"https:\/\/www.follain.ie\/ga\/#website","url":"https:\/\/www.follain.ie\/ga\/","name":"Foll\u00e1in Irish","description":"We love sharing our passion for good food and eating well through our dedication to making delicious preserves","potentialAction":[{"@type":"SearchAction","target":{"@type":"EntryPoint","urlTemplate":"https:\/\/www.follain.ie\/ga\/?s={search_term_string}"},"query-input":{"@type":"PropertyValueSpecification","valueRequired":true,"valueName":"search_term_string"}}],"inLanguage":"en-GB"}]}},"_links":{"self":[{"href":"https:\/\/www.follain.ie\/ga\/wp-json\/wp\/v2\/pages\/709","targetHints":{"allow":["GET"]}}],"collection":[{"href":"https:\/\/www.follain.ie\/ga\/wp-json\/wp\/v2\/pages"}],"about":[{"href":"https:\/\/www.follain.ie\/ga\/wp-json\/wp\/v2\/types\/page"}],"author":[{"embeddable":true,"href":"https:\/\/www.follain.ie\/ga\/wp-json\/wp\/v2\/users\/1"}],"replies":[{"embeddable":true,"href":"https:\/\/www.follain.ie\/ga\/wp-json\/wp\/v2\/comments?post=709"}],"version-history":[{"count":0,"href":"https:\/\/www.follain.ie\/ga\/wp-json\/wp\/v2\/pages\/709\/revisions"}],"wp:attachment":[{"href":"https:\/\/www.follain.ie\/ga\/wp-json\/wp\/v2\/media?parent=709"}],"curies":[{"name":"wp","href":"https:\/\/api.w.org\/{rel}","templated":true}]}}