{"id":2680,"date":"2021-06-04T09:51:35","date_gmt":"2021-06-04T08:51:35","guid":{"rendered":"https:\/\/follainprod.wpengine.com\/irish\/?post_type=product&#038;p=2680"},"modified":"2024-04-24T09:48:38","modified_gmt":"2024-04-24T08:48:38","slug":"relish-gift-box","status":"publish","type":"product","link":"https:\/\/www.follain.ie\/ga\/product\/relish-gift-box\/","title":{"rendered":"Anlann Sobhlasta"},"content":{"rendered":"<p class=\"p1\">R\u00e9imse Anlann Sobhlasta gan si\u00facra (GS). Anuraidh dh\u00e9anamar athbhreithni\u00fa ar na hanlainn sobhlasta agus t\u00e1im\u00edd ana sh\u00e1sta leis an toradh. S\u00e9 seo bosca de s\u00e9 t\u00e1irge, dh\u00e1 cheann de gach shaghas. Bain triail as le c\u00e1is n\u00f3 i gceapair\u00ed n\u00f3 f\u00e9ach ar roinnt dos na hoidis at\u00e1 d\u00e9anta againn f\u00e9in ag \u00fas\u00e1id na hanlainn seo.<\/p>\n","protected":false},"excerpt":{"rendered":"<p>R\u00e9imse Anlann Sobhlasta. Bain triail as na hearra\u00ed seo le c\u00e1is n\u00f3 i gceapair\u00ed n\u00f3 f\u00e9ach ar roinnt dos na hoidis at\u00e1 d\u00e9anta againn f\u00e9in ag \u00fas\u00e1id na hanlainn seo.<\/p>\n","protected":false},"featured_media":2690,"template":"","meta":{"_acf_changed":false},"product_brand":[],"product_cat":[140,53],"product_tag":[],"class_list":{"0":"post-2680","1":"product","2":"type-product","3":"status-publish","4":"has-post-thumbnail","6":"product_cat-box-of-4","7":"product_cat-gift-box","9":"first","10":"instock","11":"purchasable","12":"product-type-simple"},"composite_virtual":false,"composite_layout":"","composite_add_to_cart_form_location":"","composite_editable_in_cart":false,"composite_sold_individually_context":"","composite_shop_price_calc":"","composite_components":[],"composite_scenarios":[],"acf":[],"yoast_head":"<!-- This site is optimized with the Yoast SEO plugin v27.2 - https:\/\/yoast.com\/product\/yoast-seo-wordpress\/ -->\n<title>Anlann Sobhlasta - Foll\u00e1in Irish<\/title>\n<meta name=\"description\" content=\"R\u00e9imse Anlann Goinbhlasta gan si\u00facra (GS). Anuraidh dh\u00e9anamar athbhreithni\u00fa ar na hanlainn ghoinbhlasta agus t\u00e1im\u00edd ana sh\u00e1sta leis an toradh. S\u00e9 seo bosca de s\u00e9 t\u00e1irge, dh\u00e1 cheann de gach shaghas. Bain triail as le c\u00e1is n\u00f3 i gceapair\u00ed n\u00f3 f\u00e9ach ar roinnt dos na hoidis at\u00e1 d\u00e9anta againn f\u00e9in ag \u00fas\u00e1id na hanlainn seo.\" \/>\n<meta name=\"robots\" content=\"index, follow, max-snippet:-1, max-image-preview:large, max-video-preview:-1\" \/>\n<link rel=\"canonical\" href=\"https:\/\/www.follain.ie\/ga\/product\/relish-gift-box\/\" \/>\n<meta property=\"og:locale\" content=\"en_GB\" \/>\n<meta property=\"og:type\" content=\"article\" \/>\n<meta property=\"og:title\" content=\"Relish Gift Box\" \/>\n<meta property=\"og:description\" content=\"A mix of our no added sugar relishes and our aged apple chutney. A selection to suit every cheeseboard!\" \/>\n<meta property=\"og:url\" content=\"https:\/\/www.follain.ie\/ga\/product\/relish-gift-box\/\" \/>\n<meta property=\"og:site_name\" content=\"Foll\u00e1in Irish\" \/>\n<meta property=\"article:modified_time\" content=\"2024-04-24T08:48:38+00:00\" \/>\n<meta name=\"twitter:card\" content=\"summary_large_image\" \/>\n<meta name=\"twitter:title\" content=\"Relish Gift Box\" \/>\n<meta name=\"twitter:description\" content=\"A mix of our no added sugar relishes and our aged apple chutney. A selection to suit every cheeseboard!\" \/>\n<meta name=\"twitter:label1\" content=\"Estimated reading time\" \/>\n\t<meta name=\"twitter:data1\" content=\"1 minute\" \/>\n<!-- \/ Yoast SEO plugin. -->","yoast_head_json":{"title":"Anlann Sobhlasta - Foll\u00e1in Irish","description":"R\u00e9imse Anlann Goinbhlasta gan si\u00facra (GS). Anuraidh dh\u00e9anamar athbhreithni\u00fa ar na hanlainn ghoinbhlasta agus t\u00e1im\u00edd ana sh\u00e1sta leis an toradh. S\u00e9 seo bosca de s\u00e9 t\u00e1irge, dh\u00e1 cheann de gach shaghas. Bain triail as le c\u00e1is n\u00f3 i gceapair\u00ed n\u00f3 f\u00e9ach ar roinnt dos na hoidis at\u00e1 d\u00e9anta againn f\u00e9in ag \u00fas\u00e1id na hanlainn seo.","robots":{"index":"index","follow":"follow","max-snippet":"max-snippet:-1","max-image-preview":"max-image-preview:large","max-video-preview":"max-video-preview:-1"},"canonical":"https:\/\/www.follain.ie\/ga\/product\/relish-gift-box\/","og_locale":"en_GB","og_type":"article","og_title":"Relish Gift Box","og_description":"A mix of our no added sugar relishes and our aged apple chutney. A selection to suit every cheeseboard!","og_url":"https:\/\/www.follain.ie\/ga\/product\/relish-gift-box\/","og_site_name":"Foll\u00e1in Irish","article_modified_time":"2024-04-24T08:48:38+00:00","twitter_card":"summary_large_image","twitter_title":"Relish Gift Box","twitter_description":"A mix of our no added sugar relishes and our aged apple chutney. A selection to suit every cheeseboard!","twitter_misc":{"Estimated reading time":"1 minute"},"schema":{"@context":"https:\/\/schema.org","@graph":[{"@type":"WebPage","@id":"https:\/\/www.follain.ie\/ga\/product\/relish-gift-box\/","url":"https:\/\/www.follain.ie\/ga\/product\/relish-gift-box\/","name":"Anlann Sobhlasta - Foll\u00e1in Irish","isPartOf":{"@id":"https:\/\/www.follain.ie\/ga\/#website"},"primaryImageOfPage":{"@id":"https:\/\/www.follain.ie\/ga\/product\/relish-gift-box\/#primaryimage"},"image":{"@id":"https:\/\/www.follain.ie\/ga\/product\/relish-gift-box\/#primaryimage"},"thumbnailUrl":"https:\/\/www.follain.ie\/ga\/wp-content\/uploads\/sites\/3\/2021\/06\/Relish-Giftbox.png","datePublished":"2021-06-04T08:51:35+00:00","dateModified":"2024-04-24T08:48:38+00:00","description":"R\u00e9imse Anlann Goinbhlasta gan si\u00facra (GS). Anuraidh dh\u00e9anamar athbhreithni\u00fa ar na hanlainn ghoinbhlasta agus t\u00e1im\u00edd ana sh\u00e1sta leis an toradh. S\u00e9 seo bosca de s\u00e9 t\u00e1irge, dh\u00e1 cheann de gach shaghas. Bain triail as le c\u00e1is n\u00f3 i gceapair\u00ed n\u00f3 f\u00e9ach ar roinnt dos na hoidis at\u00e1 d\u00e9anta againn f\u00e9in ag \u00fas\u00e1id na hanlainn seo.","breadcrumb":{"@id":"https:\/\/www.follain.ie\/ga\/product\/relish-gift-box\/#breadcrumb"},"inLanguage":"en-GB","potentialAction":[{"@type":"ReadAction","target":["https:\/\/www.follain.ie\/ga\/product\/relish-gift-box\/"]}]},{"@type":"ImageObject","inLanguage":"en-GB","@id":"https:\/\/www.follain.ie\/ga\/product\/relish-gift-box\/#primaryimage","url":"https:\/\/www.follain.ie\/ga\/wp-content\/uploads\/sites\/3\/2021\/06\/Relish-Giftbox.png","contentUrl":"https:\/\/www.follain.ie\/ga\/wp-content\/uploads\/sites\/3\/2021\/06\/Relish-Giftbox.png","width":851,"height":1012},{"@type":"BreadcrumbList","@id":"https:\/\/www.follain.ie\/ga\/product\/relish-gift-box\/#breadcrumb","itemListElement":[{"@type":"ListItem","position":1,"name":"Baile","item":"https:\/\/www.follain.ie\/ga\/"},{"@type":"ListItem","position":2,"name":"F\u00e9ir\u00edn\u00ed","item":"https:\/\/www.follain.ie\/ga\/catag%C3%B3ir-t%C3%A1irg%C3%AD\/gift-box\/"},{"@type":"ListItem","position":3,"name":"Anlann Sobhlasta"}]},{"@type":"WebSite","@id":"https:\/\/www.follain.ie\/ga\/#website","url":"https:\/\/www.follain.ie\/ga\/","name":"Foll\u00e1in Irish","description":"We love sharing our passion for good food and eating well through our dedication to making delicious preserves","potentialAction":[{"@type":"SearchAction","target":{"@type":"EntryPoint","urlTemplate":"https:\/\/www.follain.ie\/ga\/?s={search_term_string}"},"query-input":{"@type":"PropertyValueSpecification","valueRequired":true,"valueName":"search_term_string"}}],"inLanguage":"en-GB"}]}},"_links":{"self":[{"href":"https:\/\/www.follain.ie\/ga\/wp-json\/wp\/v2\/product\/2680","targetHints":{"allow":["GET"]}}],"collection":[{"href":"https:\/\/www.follain.ie\/ga\/wp-json\/wp\/v2\/product"}],"about":[{"href":"https:\/\/www.follain.ie\/ga\/wp-json\/wp\/v2\/types\/product"}],"wp:featuredmedia":[{"embeddable":true,"href":"https:\/\/www.follain.ie\/ga\/wp-json\/wp\/v2\/media\/2690"}],"wp:attachment":[{"href":"https:\/\/www.follain.ie\/ga\/wp-json\/wp\/v2\/media?parent=2680"}],"wp:term":[{"taxonomy":"product_brand","embeddable":true,"href":"https:\/\/www.follain.ie\/ga\/wp-json\/wp\/v2\/product_brand?post=2680"},{"taxonomy":"product_cat","embeddable":true,"href":"https:\/\/www.follain.ie\/ga\/wp-json\/wp\/v2\/product_cat?post=2680"},{"taxonomy":"product_tag","embeddable":true,"href":"https:\/\/www.follain.ie\/ga\/wp-json\/wp\/v2\/product_tag?post=2680"}],"curies":[{"name":"wp","href":"https:\/\/api.w.org\/{rel}","templated":true}]}}