{"id":2681,"date":"2021-06-04T09:51:35","date_gmt":"2021-06-04T08:51:35","guid":{"rendered":"https:\/\/follainprod.wpengine.com\/irish\/?post_type=product&#038;p=2681"},"modified":"2024-04-24T09:48:26","modified_gmt":"2024-04-24T08:48:26","slug":"nothing-but-fruit-marmalades-gift-box","status":"publish","type":"product","link":"https:\/\/www.follain.ie\/ga\/product\/nothing-but-fruit-marmalades-gift-box\/","title":{"rendered":"\u00c9ags\u00falacht Subhor\u00e1iste Gan Si\u00facra (GS)"},"content":{"rendered":"<p class=\"p1\">Thosnaigh sc\u00e9al Foll\u00e1in le subhor\u00e1iste amh\u00e1in agus \u00f3 shin i leith t\u00e1im\u00edd tar \u00e9is r\u00e9imse leathan subhor\u00e1iste a chur leis, ina measc Subhor\u00e1iste gan si\u00facra. Sa bhosca seo geobhair na cinn is ansa linn.<\/p>\n","protected":false},"excerpt":{"rendered":"<p class=\"p1\">If you like the taste of fresh citrus nothing but fruit marmalades made with no added sugar are for you.<\/p>\n","protected":false},"featured_media":2691,"template":"","meta":{"_acf_changed":false},"product_brand":[],"product_cat":[140,53],"product_tag":[],"class_list":{"0":"post-2681","1":"product","2":"type-product","3":"status-publish","4":"has-post-thumbnail","6":"product_cat-box-of-4","7":"product_cat-gift-box","9":"first","10":"instock","11":"purchasable","12":"product-type-simple"},"composite_virtual":false,"composite_layout":"","composite_add_to_cart_form_location":"","composite_editable_in_cart":false,"composite_sold_individually_context":"","composite_shop_price_calc":"","composite_components":[],"composite_scenarios":[],"acf":[],"yoast_head":"<!-- This site is optimized with the Yoast SEO plugin v27.2 - https:\/\/yoast.com\/product\/yoast-seo-wordpress\/ -->\n<title>\u00c9ags\u00falacht Subhor\u00e1iste Gan Si\u00facra (GS) - Foll\u00e1in Irish<\/title>\n<meta name=\"description\" content=\"Thosnaigh sc\u00e9al Foll\u00e1in le subhor\u00e1iste amh\u00e1in agus \u00f3 shin i leith t\u00e1im\u00edd tar \u00e9is r\u00e9imse leathan subhor\u00e1iste a chur leis, ina measc Subhor\u00e1iste gan si\u00facra. Sa bhosca seo geobhair na cinn is ansa linn.\" \/>\n<meta name=\"robots\" content=\"index, follow, max-snippet:-1, max-image-preview:large, max-video-preview:-1\" \/>\n<link rel=\"canonical\" href=\"https:\/\/www.follain.ie\/ga\/product\/nothing-but-fruit-marmalades-gift-box\/\" \/>\n<meta property=\"og:locale\" content=\"en_GB\" \/>\n<meta property=\"og:type\" content=\"article\" \/>\n<meta property=\"og:title\" content=\"Nothing but Fruit Marmalades Gift Box\" \/>\n<meta property=\"og:description\" content=\"If you like the taste of fresh citrus nothing but fruit marmalades made with no added sugar are for you.\u00a0\" \/>\n<meta property=\"og:url\" content=\"https:\/\/www.follain.ie\/ga\/product\/nothing-but-fruit-marmalades-gift-box\/\" \/>\n<meta property=\"og:site_name\" content=\"Foll\u00e1in Irish\" \/>\n<meta property=\"article:modified_time\" content=\"2024-04-24T08:48:26+00:00\" \/>\n<meta name=\"twitter:card\" content=\"summary_large_image\" \/>\n<meta name=\"twitter:title\" content=\"Nothing but Fruit Marmalades Gift Box\" \/>\n<meta name=\"twitter:description\" content=\"If you like the taste of fresh citrus nothing but fruit marmalades made with no added sugar are for you.\u00a0\" \/>\n<meta name=\"twitter:label1\" content=\"Estimated reading time\" \/>\n\t<meta name=\"twitter:data1\" content=\"1 minute\" \/>\n<!-- \/ Yoast SEO plugin. -->","yoast_head_json":{"title":"\u00c9ags\u00falacht Subhor\u00e1iste Gan Si\u00facra (GS) - Foll\u00e1in Irish","description":"Thosnaigh sc\u00e9al Foll\u00e1in le subhor\u00e1iste amh\u00e1in agus \u00f3 shin i leith t\u00e1im\u00edd tar \u00e9is r\u00e9imse leathan subhor\u00e1iste a chur leis, ina measc Subhor\u00e1iste gan si\u00facra. Sa bhosca seo geobhair na cinn is ansa linn.","robots":{"index":"index","follow":"follow","max-snippet":"max-snippet:-1","max-image-preview":"max-image-preview:large","max-video-preview":"max-video-preview:-1"},"canonical":"https:\/\/www.follain.ie\/ga\/product\/nothing-but-fruit-marmalades-gift-box\/","og_locale":"en_GB","og_type":"article","og_title":"Nothing but Fruit Marmalades Gift Box","og_description":"If you like the taste of fresh citrus nothing but fruit marmalades made with no added sugar are for you.\u00a0","og_url":"https:\/\/www.follain.ie\/ga\/product\/nothing-but-fruit-marmalades-gift-box\/","og_site_name":"Foll\u00e1in Irish","article_modified_time":"2024-04-24T08:48:26+00:00","twitter_card":"summary_large_image","twitter_title":"Nothing but Fruit Marmalades Gift Box","twitter_description":"If you like the taste of fresh citrus nothing but fruit marmalades made with no added sugar are for you.\u00a0","twitter_misc":{"Estimated reading time":"1 minute"},"schema":{"@context":"https:\/\/schema.org","@graph":[{"@type":"WebPage","@id":"https:\/\/www.follain.ie\/ga\/product\/nothing-but-fruit-marmalades-gift-box\/","url":"https:\/\/www.follain.ie\/ga\/product\/nothing-but-fruit-marmalades-gift-box\/","name":"\u00c9ags\u00falacht Subhor\u00e1iste Gan Si\u00facra (GS) - Foll\u00e1in Irish","isPartOf":{"@id":"https:\/\/www.follain.ie\/ga\/#website"},"primaryImageOfPage":{"@id":"https:\/\/www.follain.ie\/ga\/product\/nothing-but-fruit-marmalades-gift-box\/#primaryimage"},"image":{"@id":"https:\/\/www.follain.ie\/ga\/product\/nothing-but-fruit-marmalades-gift-box\/#primaryimage"},"thumbnailUrl":"https:\/\/www.follain.ie\/ga\/wp-content\/uploads\/sites\/3\/2021\/06\/NBF-Marmalades-Giftbox.png","datePublished":"2021-06-04T08:51:35+00:00","dateModified":"2024-04-24T08:48:26+00:00","description":"Thosnaigh sc\u00e9al Foll\u00e1in le subhor\u00e1iste amh\u00e1in agus \u00f3 shin i leith t\u00e1im\u00edd tar \u00e9is r\u00e9imse leathan subhor\u00e1iste a chur leis, ina measc Subhor\u00e1iste gan si\u00facra. Sa bhosca seo geobhair na cinn is ansa linn.","breadcrumb":{"@id":"https:\/\/www.follain.ie\/ga\/product\/nothing-but-fruit-marmalades-gift-box\/#breadcrumb"},"inLanguage":"en-GB","potentialAction":[{"@type":"ReadAction","target":["https:\/\/www.follain.ie\/ga\/product\/nothing-but-fruit-marmalades-gift-box\/"]}]},{"@type":"ImageObject","inLanguage":"en-GB","@id":"https:\/\/www.follain.ie\/ga\/product\/nothing-but-fruit-marmalades-gift-box\/#primaryimage","url":"https:\/\/www.follain.ie\/ga\/wp-content\/uploads\/sites\/3\/2021\/06\/NBF-Marmalades-Giftbox.png","contentUrl":"https:\/\/www.follain.ie\/ga\/wp-content\/uploads\/sites\/3\/2021\/06\/NBF-Marmalades-Giftbox.png","width":851,"height":1012},{"@type":"BreadcrumbList","@id":"https:\/\/www.follain.ie\/ga\/product\/nothing-but-fruit-marmalades-gift-box\/#breadcrumb","itemListElement":[{"@type":"ListItem","position":1,"name":"Baile","item":"https:\/\/www.follain.ie\/ga\/"},{"@type":"ListItem","position":2,"name":"F\u00e9ir\u00edn\u00ed","item":"https:\/\/www.follain.ie\/ga\/catag%C3%B3ir-t%C3%A1irg%C3%AD\/gift-box\/"},{"@type":"ListItem","position":3,"name":"\u00c9ags\u00falacht Subhor\u00e1iste Gan Si\u00facra (GS)"}]},{"@type":"WebSite","@id":"https:\/\/www.follain.ie\/ga\/#website","url":"https:\/\/www.follain.ie\/ga\/","name":"Foll\u00e1in Irish","description":"We love sharing our passion for good food and eating well through our dedication to making delicious preserves","potentialAction":[{"@type":"SearchAction","target":{"@type":"EntryPoint","urlTemplate":"https:\/\/www.follain.ie\/ga\/?s={search_term_string}"},"query-input":{"@type":"PropertyValueSpecification","valueRequired":true,"valueName":"search_term_string"}}],"inLanguage":"en-GB"}]}},"_links":{"self":[{"href":"https:\/\/www.follain.ie\/ga\/wp-json\/wp\/v2\/product\/2681","targetHints":{"allow":["GET"]}}],"collection":[{"href":"https:\/\/www.follain.ie\/ga\/wp-json\/wp\/v2\/product"}],"about":[{"href":"https:\/\/www.follain.ie\/ga\/wp-json\/wp\/v2\/types\/product"}],"wp:featuredmedia":[{"embeddable":true,"href":"https:\/\/www.follain.ie\/ga\/wp-json\/wp\/v2\/media\/2691"}],"wp:attachment":[{"href":"https:\/\/www.follain.ie\/ga\/wp-json\/wp\/v2\/media?parent=2681"}],"wp:term":[{"taxonomy":"product_brand","embeddable":true,"href":"https:\/\/www.follain.ie\/ga\/wp-json\/wp\/v2\/product_brand?post=2681"},{"taxonomy":"product_cat","embeddable":true,"href":"https:\/\/www.follain.ie\/ga\/wp-json\/wp\/v2\/product_cat?post=2681"},{"taxonomy":"product_tag","embeddable":true,"href":"https:\/\/www.follain.ie\/ga\/wp-json\/wp\/v2\/product_tag?post=2681"}],"curies":[{"name":"wp","href":"https:\/\/api.w.org\/{rel}","templated":true}]}}