{"id":2682,"date":"2021-06-04T09:51:35","date_gmt":"2021-06-04T08:51:35","guid":{"rendered":"https:\/\/follainprod.wpengine.com\/irish\/?post_type=product&#038;p=2682"},"modified":"2026-04-30T15:04:54","modified_gmt":"2026-04-30T14:04:54","slug":"nothing-but-fruit-jams-gift-box","status":"publish","type":"product","link":"https:\/\/www.follain.ie\/ga\/product\/nothing-but-fruit-jams-gift-box\/","title":{"rendered":"\u00c9ags\u00falacht Subhanna Gan Si\u00facra (GS)"},"content":{"rendered":"<p class=\"p1\">R\u00e9imse subhanna gan si\u00facra (GS) leis na cinn is m\u00f3 \u00e9ileamh orthu ina measc &#8211; S\u00fa Tal\u00fan, S\u00fa Chraobh srl. M\u00e1s mian leat do chuid si\u00facra a laghd\u00fa m\u00f3 m\u00e1s \u00e9 an blas \u00far is ansa leat ceannaigh an bosca seo. N\u00ed bheidh cath\u00fa ort.<\/p>\n","protected":false},"excerpt":{"rendered":"<p class=\"p1\">Our best-selling Nothing but Fruit jams.<\/p>\n","protected":false},"featured_media":2693,"template":"","meta":{"_acf_changed":false},"product_brand":[],"product_cat":[141,53],"product_tag":[],"class_list":{"0":"post-2682","1":"product","2":"type-product","3":"status-publish","4":"has-post-thumbnail","6":"product_cat-box-of-6","7":"product_cat-gift-box","9":"first","10":"instock","11":"purchasable","12":"product-type-simple"},"composite_virtual":false,"composite_layout":"","composite_add_to_cart_form_location":"","composite_editable_in_cart":false,"composite_sold_individually_context":"","composite_shop_price_calc":"","composite_components":[],"composite_scenarios":[],"acf":[],"yoast_head":"<!-- This site is optimized with the Yoast SEO plugin v27.4 - https:\/\/yoast.com\/product\/yoast-seo-wordpress\/ -->\n<title>\u00c9ags\u00falacht Subhanna Gan Si\u00facra (GS) - Foll\u00e1in Irish<\/title>\n<meta name=\"description\" content=\"R\u00e9imse subhanna gan si\u00facra (GS) leis na cinn is m\u00f3 \u00e9ileamh orthu ina measc - S\u00fa Tal\u00fan, S\u00fa Chraobh srl. M\u00e1s mian leat do chuid si\u00facra a laghd\u00fa m\u00f3 m\u00e1s \u00e9 an blas \u00far is ansa leat ceannaigh an bosca seo. N\u00ed bheidh cath\u00fa ort.\" \/>\n<meta name=\"robots\" content=\"index, follow, max-snippet:-1, max-image-preview:large, max-video-preview:-1\" \/>\n<link rel=\"canonical\" href=\"https:\/\/www.follain.ie\/ga\/product\/nothing-but-fruit-jams-gift-box\/\" \/>\n<meta property=\"og:locale\" content=\"en_GB\" \/>\n<meta property=\"og:type\" content=\"article\" \/>\n<meta property=\"og:title\" content=\"Nothing but Fruit Jams Gift Box\" \/>\n<meta property=\"og:description\" content=\"Our best-selling Nothing but Fruit jams.\" \/>\n<meta property=\"og:url\" content=\"https:\/\/www.follain.ie\/ga\/product\/nothing-but-fruit-jams-gift-box\/\" \/>\n<meta property=\"og:site_name\" content=\"Foll\u00e1in Irish\" \/>\n<meta property=\"article:modified_time\" content=\"2026-04-30T14:04:54+00:00\" \/>\n<meta name=\"twitter:card\" content=\"summary_large_image\" \/>\n<meta name=\"twitter:title\" content=\"Nothing but Fruit Jams Gift Box\" \/>\n<meta name=\"twitter:description\" content=\"Our best-selling Nothing but Fruit jams.\" \/>\n<meta name=\"twitter:label1\" content=\"Estimated reading time\" \/>\n\t<meta name=\"twitter:data1\" content=\"1 minute\" \/>\n<!-- \/ Yoast SEO plugin. -->","yoast_head_json":{"title":"\u00c9ags\u00falacht Subhanna Gan Si\u00facra (GS) - Foll\u00e1in Irish","description":"R\u00e9imse subhanna gan si\u00facra (GS) leis na cinn is m\u00f3 \u00e9ileamh orthu ina measc - S\u00fa Tal\u00fan, S\u00fa Chraobh srl. M\u00e1s mian leat do chuid si\u00facra a laghd\u00fa m\u00f3 m\u00e1s \u00e9 an blas \u00far is ansa leat ceannaigh an bosca seo. N\u00ed bheidh cath\u00fa ort.","robots":{"index":"index","follow":"follow","max-snippet":"max-snippet:-1","max-image-preview":"max-image-preview:large","max-video-preview":"max-video-preview:-1"},"canonical":"https:\/\/www.follain.ie\/ga\/product\/nothing-but-fruit-jams-gift-box\/","og_locale":"en_GB","og_type":"article","og_title":"Nothing but Fruit Jams Gift Box","og_description":"Our best-selling Nothing but Fruit jams.","og_url":"https:\/\/www.follain.ie\/ga\/product\/nothing-but-fruit-jams-gift-box\/","og_site_name":"Foll\u00e1in Irish","article_modified_time":"2026-04-30T14:04:54+00:00","twitter_card":"summary_large_image","twitter_title":"Nothing but Fruit Jams Gift Box","twitter_description":"Our best-selling Nothing but Fruit jams.","twitter_misc":{"Estimated reading time":"1 minute"},"schema":{"@context":"https:\/\/schema.org","@graph":[{"@type":"WebPage","@id":"https:\/\/www.follain.ie\/ga\/product\/nothing-but-fruit-jams-gift-box\/","url":"https:\/\/www.follain.ie\/ga\/product\/nothing-but-fruit-jams-gift-box\/","name":"\u00c9ags\u00falacht Subhanna Gan Si\u00facra (GS) - Foll\u00e1in Irish","isPartOf":{"@id":"https:\/\/www.follain.ie\/ga\/#website"},"primaryImageOfPage":{"@id":"https:\/\/www.follain.ie\/ga\/product\/nothing-but-fruit-jams-gift-box\/#primaryimage"},"image":{"@id":"https:\/\/www.follain.ie\/ga\/product\/nothing-but-fruit-jams-gift-box\/#primaryimage"},"thumbnailUrl":"https:\/\/www.follain.ie\/ga\/wp-content\/uploads\/sites\/3\/2021\/06\/NBF-Jam-Giftbox.png","datePublished":"2021-06-04T08:51:35+00:00","dateModified":"2026-04-30T14:04:54+00:00","description":"R\u00e9imse subhanna gan si\u00facra (GS) leis na cinn is m\u00f3 \u00e9ileamh orthu ina measc - S\u00fa Tal\u00fan, S\u00fa Chraobh srl. M\u00e1s mian leat do chuid si\u00facra a laghd\u00fa m\u00f3 m\u00e1s \u00e9 an blas \u00far is ansa leat ceannaigh an bosca seo. N\u00ed bheidh cath\u00fa ort.","breadcrumb":{"@id":"https:\/\/www.follain.ie\/ga\/product\/nothing-but-fruit-jams-gift-box\/#breadcrumb"},"inLanguage":"en-GB","potentialAction":[{"@type":"ReadAction","target":["https:\/\/www.follain.ie\/ga\/product\/nothing-but-fruit-jams-gift-box\/"]}]},{"@type":"ImageObject","inLanguage":"en-GB","@id":"https:\/\/www.follain.ie\/ga\/product\/nothing-but-fruit-jams-gift-box\/#primaryimage","url":"https:\/\/www.follain.ie\/ga\/wp-content\/uploads\/sites\/3\/2021\/06\/NBF-Jam-Giftbox.png","contentUrl":"https:\/\/www.follain.ie\/ga\/wp-content\/uploads\/sites\/3\/2021\/06\/NBF-Jam-Giftbox.png","width":851,"height":1012},{"@type":"BreadcrumbList","@id":"https:\/\/www.follain.ie\/ga\/product\/nothing-but-fruit-jams-gift-box\/#breadcrumb","itemListElement":[{"@type":"ListItem","position":1,"name":"Baile","item":"https:\/\/www.follain.ie\/ga\/"},{"@type":"ListItem","position":2,"name":"F\u00e9ir\u00edn\u00ed","item":"https:\/\/www.follain.ie\/ga\/catag%C3%B3ir-t%C3%A1irg%C3%AD\/gift-box\/"},{"@type":"ListItem","position":3,"name":"\u00c9ags\u00falacht Subhanna Gan Si\u00facra (GS)"}]},{"@type":"WebSite","@id":"https:\/\/www.follain.ie\/ga\/#website","url":"https:\/\/www.follain.ie\/ga\/","name":"Foll\u00e1in Irish","description":"We love sharing our passion for good food and eating well through our dedication to making delicious preserves","potentialAction":[{"@type":"SearchAction","target":{"@type":"EntryPoint","urlTemplate":"https:\/\/www.follain.ie\/ga\/?s={search_term_string}"},"query-input":{"@type":"PropertyValueSpecification","valueRequired":true,"valueName":"search_term_string"}}],"inLanguage":"en-GB"}]}},"_links":{"self":[{"href":"https:\/\/www.follain.ie\/ga\/wp-json\/wp\/v2\/product\/2682","targetHints":{"allow":["GET"]}}],"collection":[{"href":"https:\/\/www.follain.ie\/ga\/wp-json\/wp\/v2\/product"}],"about":[{"href":"https:\/\/www.follain.ie\/ga\/wp-json\/wp\/v2\/types\/product"}],"wp:featuredmedia":[{"embeddable":true,"href":"https:\/\/www.follain.ie\/ga\/wp-json\/wp\/v2\/media\/2693"}],"wp:attachment":[{"href":"https:\/\/www.follain.ie\/ga\/wp-json\/wp\/v2\/media?parent=2682"}],"wp:term":[{"taxonomy":"product_brand","embeddable":true,"href":"https:\/\/www.follain.ie\/ga\/wp-json\/wp\/v2\/product_brand?post=2682"},{"taxonomy":"product_cat","embeddable":true,"href":"https:\/\/www.follain.ie\/ga\/wp-json\/wp\/v2\/product_cat?post=2682"},{"taxonomy":"product_tag","embeddable":true,"href":"https:\/\/www.follain.ie\/ga\/wp-json\/wp\/v2\/product_tag?post=2682"}],"curies":[{"name":"wp","href":"https:\/\/api.w.org\/{rel}","templated":true}]}}