{"id":3210,"date":"2021-10-19T12:40:22","date_gmt":"2021-10-19T11:40:22","guid":{"rendered":"https:\/\/follainprod.wpengine.com\/ga\/?post_type=product&#038;p=3210"},"modified":"2025-11-05T19:41:20","modified_gmt":"2025-11-05T19:41:20","slug":"meascan-subhanna-subhoraiste-glothach-nollag","status":"publish","type":"product","link":"https:\/\/www.follain.ie\/ga\/product\/meascan-subhanna-subhoraiste-glothach-nollag\/","title":{"rendered":"Bosca na Nollag"},"content":{"rendered":"<p>Spr\u00edosraigh an Nollaig le measc\u00e1n subhanna, anlainn agus gl\u00f3thach na Nollag Foll\u00e1in. Tagann an bhosca seo le dh\u00e1 sp\u00fan\u00f3g uath\u00fail Foll\u00e1in, saor in aisce. F\u00e9ir\u00edn beag breise uainne, d\u00edbhse.<\/p>\n","protected":false},"excerpt":{"rendered":"<p>T\u00e9idh t\u00fa fh\u00e9in suas sa gheimhreadh leis an r\u00e9imse do subhanna le sm\u00e9ara b\u00e1ite i bhf\u00edon sp\u00edosraithe, subhor\u00e1iste agus gl\u00f3thach \u00fall le sp\u00edosra\u00ed na Nollag.<\/p>\n<p>&nbsp;<\/p>\n<p>&nbsp;<\/p>\n","protected":false},"featured_media":3216,"template":"","meta":{"_acf_changed":false},"product_brand":[],"product_cat":[141,53,345],"product_tag":[],"class_list":{"0":"post-3210","1":"product","2":"type-product","3":"status-publish","4":"has-post-thumbnail","6":"product_cat-box-of-6","7":"product_cat-gift-box","8":"product_cat-nollag-ga","10":"first","11":"instock","12":"purchasable","13":"product-type-simple"},"composite_virtual":false,"composite_layout":"","composite_add_to_cart_form_location":"","composite_editable_in_cart":false,"composite_sold_individually_context":"","composite_shop_price_calc":"","composite_components":[],"composite_scenarios":[],"acf":[],"yoast_head":"<!-- This site is optimized with the Yoast SEO plugin v27.4 - https:\/\/yoast.com\/product\/yoast-seo-wordpress\/ -->\n<title>Bosca na Nollag - Foll\u00e1in Irish<\/title>\n<meta name=\"description\" content=\"T\u00e9idh t\u00fa fh\u00e9in suas sa gheimhreadh leis an r\u00e9imse do subhanna le sm\u00e9ara b\u00e1ite i bhf\u00edon sp\u00edosraithe, subhor\u00e1iste agus gl\u00f3thach \u00fall le sp\u00edosra\u00ed na Nollag.  &nbsp;  &nbsp; R\u00e9imse do subhanna le f\u00edon sp\u00edosraithe, subhor\u00e1iste agus gl\u00f3thach \u00fall le sp\u00edosra\u00ed na Nollag.\" \/>\n<meta name=\"robots\" content=\"index, follow, max-snippet:-1, max-image-preview:large, max-video-preview:-1\" \/>\n<link rel=\"canonical\" href=\"https:\/\/www.follain.ie\/ga\/product\/meascan-subhanna-subhoraiste-glothach-nollag\/\" \/>\n<meta property=\"og:locale\" content=\"en_GB\" \/>\n<meta property=\"og:type\" content=\"article\" \/>\n<meta property=\"og:title\" content=\"Bosca na Nollag - Foll\u00e1in Irish\" \/>\n<meta property=\"og:description\" content=\"T\u00e9idh t\u00fa fh\u00e9in suas sa gheimhreadh leis an r\u00e9imse do subhanna le sm\u00e9ara b\u00e1ite i bhf\u00edon sp\u00edosraithe, subhor\u00e1iste agus gl\u00f3thach \u00fall le sp\u00edosra\u00ed na Nollag.  &nbsp;  &nbsp; R\u00e9imse do subhanna le f\u00edon sp\u00edosraithe, subhor\u00e1iste agus gl\u00f3thach \u00fall le sp\u00edosra\u00ed na Nollag.\" \/>\n<meta property=\"og:url\" content=\"https:\/\/www.follain.ie\/ga\/product\/meascan-subhanna-subhoraiste-glothach-nollag\/\" \/>\n<meta property=\"og:site_name\" content=\"Foll\u00e1in Irish\" \/>\n<meta property=\"article:modified_time\" content=\"2025-11-05T19:41:20+00:00\" \/>\n<meta property=\"og:image\" content=\"https:\/\/www.follain.ie\/ga\/wp-content\/uploads\/sites\/3\/2021\/12\/christmasBox_1200x630.png\" \/>\n\t<meta property=\"og:image:width\" content=\"840\" \/>\n\t<meta property=\"og:image:height\" content=\"440\" \/>\n\t<meta property=\"og:image:type\" content=\"image\/png\" \/>\n<meta name=\"twitter:card\" content=\"summary_large_image\" \/>\n<meta name=\"twitter:image\" content=\"https:\/\/www.follain.ie\/ga\/wp-content\/uploads\/sites\/3\/2021\/12\/christmasBox_1200x630.png\" \/>\n<meta name=\"twitter:label1\" content=\"Estimated reading time\" \/>\n\t<meta name=\"twitter:data1\" content=\"1 minute\" \/>\n<!-- \/ Yoast SEO plugin. -->","yoast_head_json":{"title":"Bosca na Nollag - Foll\u00e1in Irish","description":"T\u00e9idh t\u00fa fh\u00e9in suas sa gheimhreadh leis an r\u00e9imse do subhanna le sm\u00e9ara b\u00e1ite i bhf\u00edon sp\u00edosraithe, subhor\u00e1iste agus gl\u00f3thach \u00fall le sp\u00edosra\u00ed na Nollag.  &nbsp;  &nbsp; R\u00e9imse do subhanna le f\u00edon sp\u00edosraithe, subhor\u00e1iste agus gl\u00f3thach \u00fall le sp\u00edosra\u00ed na Nollag.","robots":{"index":"index","follow":"follow","max-snippet":"max-snippet:-1","max-image-preview":"max-image-preview:large","max-video-preview":"max-video-preview:-1"},"canonical":"https:\/\/www.follain.ie\/ga\/product\/meascan-subhanna-subhoraiste-glothach-nollag\/","og_locale":"en_GB","og_type":"article","og_title":"Bosca na Nollag - Foll\u00e1in Irish","og_description":"T\u00e9idh t\u00fa fh\u00e9in suas sa gheimhreadh leis an r\u00e9imse do subhanna le sm\u00e9ara b\u00e1ite i bhf\u00edon sp\u00edosraithe, subhor\u00e1iste agus gl\u00f3thach \u00fall le sp\u00edosra\u00ed na Nollag.  &nbsp;  &nbsp; R\u00e9imse do subhanna le f\u00edon sp\u00edosraithe, subhor\u00e1iste agus gl\u00f3thach \u00fall le sp\u00edosra\u00ed na Nollag.","og_url":"https:\/\/www.follain.ie\/ga\/product\/meascan-subhanna-subhoraiste-glothach-nollag\/","og_site_name":"Foll\u00e1in Irish","article_modified_time":"2025-11-05T19:41:20+00:00","og_image":[{"width":840,"height":440,"url":"https:\/\/www.follain.ie\/ga\/wp-content\/uploads\/sites\/3\/2021\/12\/christmasBox_1200x630.png","type":"image\/png"}],"twitter_card":"summary_large_image","twitter_image":"https:\/\/www.follain.ie\/ga\/wp-content\/uploads\/sites\/3\/2021\/12\/christmasBox_1200x630.png","twitter_misc":{"Estimated reading time":"1 minute"},"schema":{"@context":"https:\/\/schema.org","@graph":[{"@type":"WebPage","@id":"https:\/\/www.follain.ie\/ga\/product\/meascan-subhanna-subhoraiste-glothach-nollag\/","url":"https:\/\/www.follain.ie\/ga\/product\/meascan-subhanna-subhoraiste-glothach-nollag\/","name":"Bosca na Nollag - Foll\u00e1in Irish","isPartOf":{"@id":"https:\/\/www.follain.ie\/ga\/#website"},"primaryImageOfPage":{"@id":"https:\/\/www.follain.ie\/ga\/product\/meascan-subhanna-subhoraiste-glothach-nollag\/#primaryimage"},"image":{"@id":"https:\/\/www.follain.ie\/ga\/product\/meascan-subhanna-subhoraiste-glothach-nollag\/#primaryimage"},"thumbnailUrl":"https:\/\/www.follain.ie\/ga\/wp-content\/uploads\/sites\/3\/2021\/10\/Bosca-Nollag.png","datePublished":"2021-10-19T11:40:22+00:00","dateModified":"2025-11-05T19:41:20+00:00","description":"T\u00e9idh t\u00fa fh\u00e9in suas sa gheimhreadh leis an r\u00e9imse do subhanna le sm\u00e9ara b\u00e1ite i bhf\u00edon sp\u00edosraithe, subhor\u00e1iste agus gl\u00f3thach \u00fall le sp\u00edosra\u00ed na Nollag. &nbsp; &nbsp; R\u00e9imse do subhanna le f\u00edon sp\u00edosraithe, subhor\u00e1iste agus gl\u00f3thach \u00fall le sp\u00edosra\u00ed na Nollag.","breadcrumb":{"@id":"https:\/\/www.follain.ie\/ga\/product\/meascan-subhanna-subhoraiste-glothach-nollag\/#breadcrumb"},"inLanguage":"en-GB","potentialAction":[{"@type":"ReadAction","target":["https:\/\/www.follain.ie\/ga\/product\/meascan-subhanna-subhoraiste-glothach-nollag\/"]}]},{"@type":"ImageObject","inLanguage":"en-GB","@id":"https:\/\/www.follain.ie\/ga\/product\/meascan-subhanna-subhoraiste-glothach-nollag\/#primaryimage","url":"https:\/\/www.follain.ie\/ga\/wp-content\/uploads\/sites\/3\/2021\/10\/Bosca-Nollag.png","contentUrl":"https:\/\/www.follain.ie\/ga\/wp-content\/uploads\/sites\/3\/2021\/10\/Bosca-Nollag.png","width":851,"height":1012},{"@type":"BreadcrumbList","@id":"https:\/\/www.follain.ie\/ga\/product\/meascan-subhanna-subhoraiste-glothach-nollag\/#breadcrumb","itemListElement":[{"@type":"ListItem","position":1,"name":"Baile","item":"https:\/\/www.follain.ie\/ga\/"},{"@type":"ListItem","position":2,"name":"F\u00e9ir\u00edn\u00ed","item":"https:\/\/www.follain.ie\/ga\/catag%C3%B3ir-t%C3%A1irg%C3%AD\/gift-box\/"},{"@type":"ListItem","position":3,"name":"Bosca na Nollag"}]},{"@type":"WebSite","@id":"https:\/\/www.follain.ie\/ga\/#website","url":"https:\/\/www.follain.ie\/ga\/","name":"Foll\u00e1in Irish","description":"We love sharing our passion for good food and eating well through our dedication to making delicious preserves","potentialAction":[{"@type":"SearchAction","target":{"@type":"EntryPoint","urlTemplate":"https:\/\/www.follain.ie\/ga\/?s={search_term_string}"},"query-input":{"@type":"PropertyValueSpecification","valueRequired":true,"valueName":"search_term_string"}}],"inLanguage":"en-GB"}]}},"_links":{"self":[{"href":"https:\/\/www.follain.ie\/ga\/wp-json\/wp\/v2\/product\/3210","targetHints":{"allow":["GET"]}}],"collection":[{"href":"https:\/\/www.follain.ie\/ga\/wp-json\/wp\/v2\/product"}],"about":[{"href":"https:\/\/www.follain.ie\/ga\/wp-json\/wp\/v2\/types\/product"}],"wp:featuredmedia":[{"embeddable":true,"href":"https:\/\/www.follain.ie\/ga\/wp-json\/wp\/v2\/media\/3216"}],"wp:attachment":[{"href":"https:\/\/www.follain.ie\/ga\/wp-json\/wp\/v2\/media?parent=3210"}],"wp:term":[{"taxonomy":"product_brand","embeddable":true,"href":"https:\/\/www.follain.ie\/ga\/wp-json\/wp\/v2\/product_brand?post=3210"},{"taxonomy":"product_cat","embeddable":true,"href":"https:\/\/www.follain.ie\/ga\/wp-json\/wp\/v2\/product_cat?post=3210"},{"taxonomy":"product_tag","embeddable":true,"href":"https:\/\/www.follain.ie\/ga\/wp-json\/wp\/v2\/product_tag?post=3210"}],"curies":[{"name":"wp","href":"https:\/\/api.w.org\/{rel}","templated":true}]}}