{"id":3224,"date":"2021-11-24T09:25:41","date_gmt":"2021-11-24T09:25:41","guid":{"rendered":"https:\/\/www.follain.ie\/ga\/?post_type=product&#038;p=3224"},"modified":"2026-04-30T15:05:37","modified_gmt":"2026-04-30T14:05:37","slug":"seatnai-ull-spiosraithe","status":"publish","type":"product","link":"https:\/\/www.follain.ie\/ga\/product\/seatnai-ull-spiosraithe\/","title":{"rendered":"Seatna\u00ed \u00dall Sp\u00edosraithe"},"content":{"rendered":"<p class=\"p1\">T\u00e1 blas na Nollag go smior sa Seatna\u00ed \u00e1lainn seo. D\u00e9anta le h\u00falla \u00c9ireannacha, Bansabhd\u00e1in agus measc\u00e1n sp\u00edosra\u00ed.<span class=\"Apple-converted-space\">\u00a0<\/span><\/p>\n<p>Sa phr\u00f3ca: 340g<\/p>\n","protected":false},"excerpt":{"rendered":"<p>D\u00e9anta le h\u00falla \u00c9ireannacha agus measc\u00e1n sp\u00edosra\u00ed.<\/p>\n","protected":false},"featured_media":3229,"template":"","meta":{"_acf_changed":false},"product_brand":[],"product_cat":[43],"product_tag":[],"class_list":{"0":"post-3224","1":"product","2":"type-product","3":"status-publish","4":"has-post-thumbnail","6":"product_cat-anlainn","8":"first","9":"instock","10":"purchasable","11":"product-type-variable"},"composite_virtual":false,"composite_layout":"","composite_add_to_cart_form_location":"","composite_editable_in_cart":false,"composite_sold_individually_context":"","composite_shop_price_calc":"","composite_components":[],"composite_scenarios":[],"acf":[],"yoast_head":"<!-- This site is optimized with the Yoast SEO plugin v27.4 - https:\/\/yoast.com\/product\/yoast-seo-wordpress\/ -->\n<title>Seatna\u00ed \u00dall Sp\u00edosraithe - Foll\u00e1in Irish<\/title>\n<meta name=\"description\" content=\"D\u00e9anta le h\u00falla \u00c9ireannacha agus measc\u00e1n sp\u00edosra\u00ed.\" \/>\n<meta name=\"robots\" content=\"index, follow, max-snippet:-1, max-image-preview:large, max-video-preview:-1\" \/>\n<link rel=\"canonical\" href=\"https:\/\/www.follain.ie\/ga\/product\/seatnai-ull-spiosraithe\/\" \/>\n<meta property=\"og:locale\" content=\"en_GB\" \/>\n<meta property=\"og:type\" content=\"article\" \/>\n<meta property=\"og:title\" content=\"Seatna\u00ed \u00dall Sp\u00edosraithe - Foll\u00e1in Irish\" \/>\n<meta property=\"og:description\" content=\"D\u00e9anta le h\u00falla \u00c9ireannacha agus measc\u00e1n sp\u00edosra\u00ed.\" \/>\n<meta property=\"og:url\" content=\"https:\/\/www.follain.ie\/ga\/product\/seatnai-ull-spiosraithe\/\" \/>\n<meta property=\"og:site_name\" content=\"Foll\u00e1in Irish\" \/>\n<meta property=\"article:modified_time\" content=\"2026-04-30T14:05:37+00:00\" \/>\n<meta property=\"og:image\" content=\"https:\/\/www.follain.ie\/ga\/wp-content\/uploads\/sites\/3\/2021\/06\/Nollaig_group_alt5-edit-1.jpg\" \/>\n\t<meta property=\"og:image:width\" content=\"1000\" \/>\n\t<meta property=\"og:image:height\" content=\"667\" \/>\n\t<meta property=\"og:image:type\" content=\"image\/jpeg\" \/>\n<meta name=\"twitter:card\" content=\"summary_large_image\" \/>\n<meta name=\"twitter:image\" content=\"https:\/\/www.follain.ie\/ga\/wp-content\/uploads\/sites\/3\/2021\/06\/Nollaig_group_alt5-edit-1.jpg\" \/>\n<meta name=\"twitter:label1\" content=\"Estimated reading time\" \/>\n\t<meta name=\"twitter:data1\" content=\"1 minute\" \/>\n<!-- \/ Yoast SEO plugin. -->","yoast_head_json":{"title":"Seatna\u00ed \u00dall Sp\u00edosraithe - Foll\u00e1in Irish","description":"D\u00e9anta le h\u00falla \u00c9ireannacha agus measc\u00e1n sp\u00edosra\u00ed.","robots":{"index":"index","follow":"follow","max-snippet":"max-snippet:-1","max-image-preview":"max-image-preview:large","max-video-preview":"max-video-preview:-1"},"canonical":"https:\/\/www.follain.ie\/ga\/product\/seatnai-ull-spiosraithe\/","og_locale":"en_GB","og_type":"article","og_title":"Seatna\u00ed \u00dall Sp\u00edosraithe - Foll\u00e1in Irish","og_description":"D\u00e9anta le h\u00falla \u00c9ireannacha agus measc\u00e1n sp\u00edosra\u00ed.","og_url":"https:\/\/www.follain.ie\/ga\/product\/seatnai-ull-spiosraithe\/","og_site_name":"Foll\u00e1in Irish","article_modified_time":"2026-04-30T14:05:37+00:00","og_image":[{"width":1000,"height":667,"url":"https:\/\/www.follain.ie\/ga\/wp-content\/uploads\/sites\/3\/2021\/06\/Nollaig_group_alt5-edit-1.jpg","type":"image\/jpeg"}],"twitter_card":"summary_large_image","twitter_image":"https:\/\/www.follain.ie\/ga\/wp-content\/uploads\/sites\/3\/2021\/06\/Nollaig_group_alt5-edit-1.jpg","twitter_misc":{"Estimated reading time":"1 minute"},"schema":{"@context":"https:\/\/schema.org","@graph":[{"@type":"WebPage","@id":"https:\/\/www.follain.ie\/ga\/product\/seatnai-ull-spiosraithe\/","url":"https:\/\/www.follain.ie\/ga\/product\/seatnai-ull-spiosraithe\/","name":"Seatna\u00ed \u00dall Sp\u00edosraithe - Foll\u00e1in Irish","isPartOf":{"@id":"https:\/\/www.follain.ie\/ga\/#website"},"primaryImageOfPage":{"@id":"https:\/\/www.follain.ie\/ga\/product\/seatnai-ull-spiosraithe\/#primaryimage"},"image":{"@id":"https:\/\/www.follain.ie\/ga\/product\/seatnai-ull-spiosraithe\/#primaryimage"},"thumbnailUrl":"https:\/\/www.follain.ie\/ga\/wp-content\/uploads\/sites\/3\/2021\/11\/spiced-apple-chutney-shadow.png","datePublished":"2021-11-24T09:25:41+00:00","dateModified":"2026-04-30T14:05:37+00:00","description":"D\u00e9anta le h\u00falla \u00c9ireannacha agus measc\u00e1n sp\u00edosra\u00ed.","breadcrumb":{"@id":"https:\/\/www.follain.ie\/ga\/product\/seatnai-ull-spiosraithe\/#breadcrumb"},"inLanguage":"en-GB","potentialAction":[{"@type":"ReadAction","target":["https:\/\/www.follain.ie\/ga\/product\/seatnai-ull-spiosraithe\/"]}]},{"@type":"ImageObject","inLanguage":"en-GB","@id":"https:\/\/www.follain.ie\/ga\/product\/seatnai-ull-spiosraithe\/#primaryimage","url":"https:\/\/www.follain.ie\/ga\/wp-content\/uploads\/sites\/3\/2021\/11\/spiced-apple-chutney-shadow.png","contentUrl":"https:\/\/www.follain.ie\/ga\/wp-content\/uploads\/sites\/3\/2021\/11\/spiced-apple-chutney-shadow.png","width":482,"height":520},{"@type":"BreadcrumbList","@id":"https:\/\/www.follain.ie\/ga\/product\/seatnai-ull-spiosraithe\/#breadcrumb","itemListElement":[{"@type":"ListItem","position":1,"name":"Baile","item":"https:\/\/www.follain.ie\/ga\/"},{"@type":"ListItem","position":2,"name":"Anlainn","item":"https:\/\/www.follain.ie\/ga\/catag%C3%B3ir-t%C3%A1irg%C3%AD\/anlainn\/"},{"@type":"ListItem","position":3,"name":"Seatna\u00ed \u00dall Sp\u00edosraithe"}]},{"@type":"WebSite","@id":"https:\/\/www.follain.ie\/ga\/#website","url":"https:\/\/www.follain.ie\/ga\/","name":"Foll\u00e1in Irish","description":"We love sharing our passion for good food and eating well through our dedication to making delicious preserves","potentialAction":[{"@type":"SearchAction","target":{"@type":"EntryPoint","urlTemplate":"https:\/\/www.follain.ie\/ga\/?s={search_term_string}"},"query-input":{"@type":"PropertyValueSpecification","valueRequired":true,"valueName":"search_term_string"}}],"inLanguage":"en-GB"}]}},"_links":{"self":[{"href":"https:\/\/www.follain.ie\/ga\/wp-json\/wp\/v2\/product\/3224","targetHints":{"allow":["GET"]}}],"collection":[{"href":"https:\/\/www.follain.ie\/ga\/wp-json\/wp\/v2\/product"}],"about":[{"href":"https:\/\/www.follain.ie\/ga\/wp-json\/wp\/v2\/types\/product"}],"wp:featuredmedia":[{"embeddable":true,"href":"https:\/\/www.follain.ie\/ga\/wp-json\/wp\/v2\/media\/3229"}],"wp:attachment":[{"href":"https:\/\/www.follain.ie\/ga\/wp-json\/wp\/v2\/media?parent=3224"}],"wp:term":[{"taxonomy":"product_brand","embeddable":true,"href":"https:\/\/www.follain.ie\/ga\/wp-json\/wp\/v2\/product_brand?post=3224"},{"taxonomy":"product_cat","embeddable":true,"href":"https:\/\/www.follain.ie\/ga\/wp-json\/wp\/v2\/product_cat?post=3224"},{"taxonomy":"product_tag","embeddable":true,"href":"https:\/\/www.follain.ie\/ga\/wp-json\/wp\/v2\/product_tag?post=3224"}],"curies":[{"name":"wp","href":"https:\/\/api.w.org\/{rel}","templated":true}]}}