{"id":3279,"date":"2023-09-11T14:26:41","date_gmt":"2023-09-11T13:26:41","guid":{"rendered":"https:\/\/www.follain.ie\/ga\/?post_type=product&#038;p=3279"},"modified":"2025-11-05T17:48:26","modified_gmt":"2025-11-05T17:48:26","slug":"bosca-caise","status":"publish","type":"product","link":"https:\/\/www.follain.ie\/ga\/product\/bosca-caise\/","title":{"rendered":"Bosca C\u00e1ise"},"content":{"rendered":"<p>Sa bhosca seo t\u00e1 measc\u00e1n d\u00e1r anlainn, seatna\u00ed agus subhanna a oireann do c\u00e1iseanna \u00e9ags\u00fala.<\/p>\n<p>Tagann an bosca seo le sp\u00fan\u00f3g f\u00e9 leith Foll\u00e1in agus c\u00e1is cl\u00e1r\u00a0 a luann na c\u00e1iseanna \u00e9ags\u00fala a mholann Foll\u00e1in len\u00e1r gcuid earra\u00ed.<\/p>\n<p>***n\u00ed thagann an bosca seo le c\u00e1is ***<\/p>\n","protected":false},"excerpt":{"rendered":"<p>Sa bhosca seo t\u00e1 measc\u00e1n d\u00e1r anlainn, seatna\u00ed agus subhanna a oireann do c\u00e1iseanna \u00e9ags\u00fala. Tagann an bosca seo le sp\u00fan\u00f3g f\u00e9 leith Foll\u00e1in agus c\u00e1is cl\u00e1r\u00a0 a luann na c\u00e1iseanna \u00e9ags\u00fala a mholann Foll\u00e1in len\u00e1r gcuid earra\u00ed. ***n\u00ed thagann an bosca seo le c\u00e1is ***<\/p>\n","protected":false},"featured_media":3289,"template":"","meta":{"_acf_changed":false},"product_brand":[],"product_cat":[141,53,345],"product_tag":[],"class_list":{"0":"post-3279","1":"product","2":"type-product","3":"status-publish","4":"has-post-thumbnail","6":"product_cat-box-of-6","7":"product_cat-gift-box","8":"product_cat-nollag-ga","10":"first","11":"instock","12":"purchasable","13":"product-type-simple"},"composite_virtual":false,"composite_layout":"","composite_add_to_cart_form_location":"","composite_editable_in_cart":false,"composite_sold_individually_context":"","composite_shop_price_calc":"","composite_components":[],"composite_scenarios":[],"acf":[],"yoast_head":"<!-- This site is optimized with the Yoast SEO plugin v27.4 - https:\/\/yoast.com\/product\/yoast-seo-wordpress\/ -->\n<title>Bosca C\u00e1ise - Foll\u00e1in Irish<\/title>\n<meta name=\"description\" content=\"Sa bhosca seo t\u00e1 measc\u00e1n d\u00e1r anlainn, seatna\u00ed agus subhanna a oireann do c\u00e1iseanna \u00e9ags\u00fala. Tagann an bosca seo le sp\u00fan\u00f3g f\u00e9 leith Foll\u00e1in agus c\u00e1is cl\u00e1r\u00a0\" \/>\n<meta name=\"robots\" content=\"index, follow, max-snippet:-1, max-image-preview:large, max-video-preview:-1\" \/>\n<link rel=\"canonical\" href=\"https:\/\/www.follain.ie\/ga\/product\/bosca-caise\/\" \/>\n<meta property=\"og:locale\" content=\"en_GB\" \/>\n<meta property=\"og:type\" content=\"article\" \/>\n<meta property=\"og:title\" content=\"Bosca C\u00e1ise - Foll\u00e1in Irish\" \/>\n<meta property=\"og:description\" content=\"Sa bhosca seo t\u00e1 measc\u00e1n d\u00e1r anlainn, seatna\u00ed agus subhanna a oireann do c\u00e1iseanna \u00e9ags\u00fala. Tagann an bosca seo le sp\u00fan\u00f3g f\u00e9 leith Foll\u00e1in agus c\u00e1is cl\u00e1r\u00a0\" \/>\n<meta property=\"og:url\" content=\"https:\/\/www.follain.ie\/ga\/product\/bosca-caise\/\" \/>\n<meta property=\"og:site_name\" content=\"Foll\u00e1in Irish\" \/>\n<meta property=\"article:modified_time\" content=\"2025-11-05T17:48:26+00:00\" \/>\n<meta property=\"og:image\" content=\"https:\/\/www.follain.ie\/ga\/wp-content\/uploads\/sites\/3\/2023\/04\/Cheese-Pairing-Gift-Box-copy-scaled.jpg\" \/>\n\t<meta property=\"og:image:width\" content=\"1723\" \/>\n\t<meta property=\"og:image:height\" content=\"2048\" \/>\n\t<meta property=\"og:image:type\" content=\"image\/jpeg\" \/>\n<meta name=\"twitter:card\" content=\"summary_large_image\" \/>\n<meta name=\"twitter:label1\" content=\"Estimated reading time\" \/>\n\t<meta name=\"twitter:data1\" content=\"1 minute\" \/>\n<!-- \/ Yoast SEO plugin. -->","yoast_head_json":{"title":"Bosca C\u00e1ise - Foll\u00e1in Irish","description":"Sa bhosca seo t\u00e1 measc\u00e1n d\u00e1r anlainn, seatna\u00ed agus subhanna a oireann do c\u00e1iseanna \u00e9ags\u00fala. Tagann an bosca seo le sp\u00fan\u00f3g f\u00e9 leith Foll\u00e1in agus c\u00e1is cl\u00e1r\u00a0","robots":{"index":"index","follow":"follow","max-snippet":"max-snippet:-1","max-image-preview":"max-image-preview:large","max-video-preview":"max-video-preview:-1"},"canonical":"https:\/\/www.follain.ie\/ga\/product\/bosca-caise\/","og_locale":"en_GB","og_type":"article","og_title":"Bosca C\u00e1ise - Foll\u00e1in Irish","og_description":"Sa bhosca seo t\u00e1 measc\u00e1n d\u00e1r anlainn, seatna\u00ed agus subhanna a oireann do c\u00e1iseanna \u00e9ags\u00fala. Tagann an bosca seo le sp\u00fan\u00f3g f\u00e9 leith Foll\u00e1in agus c\u00e1is cl\u00e1r\u00a0","og_url":"https:\/\/www.follain.ie\/ga\/product\/bosca-caise\/","og_site_name":"Foll\u00e1in Irish","article_modified_time":"2025-11-05T17:48:26+00:00","og_image":[{"width":1723,"height":2048,"url":"https:\/\/www.follain.ie\/ga\/wp-content\/uploads\/sites\/3\/2023\/04\/Cheese-Pairing-Gift-Box-copy-scaled.jpg","type":"image\/jpeg"}],"twitter_card":"summary_large_image","twitter_misc":{"Estimated reading time":"1 minute"},"schema":{"@context":"https:\/\/schema.org","@graph":[{"@type":"WebPage","@id":"https:\/\/www.follain.ie\/ga\/product\/bosca-caise\/","url":"https:\/\/www.follain.ie\/ga\/product\/bosca-caise\/","name":"Bosca C\u00e1ise - Foll\u00e1in Irish","isPartOf":{"@id":"https:\/\/www.follain.ie\/ga\/#website"},"primaryImageOfPage":{"@id":"https:\/\/www.follain.ie\/ga\/product\/bosca-caise\/#primaryimage"},"image":{"@id":"https:\/\/www.follain.ie\/ga\/product\/bosca-caise\/#primaryimage"},"thumbnailUrl":"https:\/\/www.follain.ie\/ga\/wp-content\/uploads\/sites\/3\/2023\/04\/Cheese-Pairing-Gift-Box-copy-scaled.jpg","datePublished":"2023-09-11T13:26:41+00:00","dateModified":"2025-11-05T17:48:26+00:00","description":"Sa bhosca seo t\u00e1 measc\u00e1n d\u00e1r anlainn, seatna\u00ed agus subhanna a oireann do c\u00e1iseanna \u00e9ags\u00fala. Tagann an bosca seo le sp\u00fan\u00f3g f\u00e9 leith Foll\u00e1in agus c\u00e1is cl\u00e1r\u00a0","breadcrumb":{"@id":"https:\/\/www.follain.ie\/ga\/product\/bosca-caise\/#breadcrumb"},"inLanguage":"en-GB","potentialAction":[{"@type":"ReadAction","target":["https:\/\/www.follain.ie\/ga\/product\/bosca-caise\/"]}]},{"@type":"ImageObject","inLanguage":"en-GB","@id":"https:\/\/www.follain.ie\/ga\/product\/bosca-caise\/#primaryimage","url":"https:\/\/www.follain.ie\/ga\/wp-content\/uploads\/sites\/3\/2023\/04\/Cheese-Pairing-Gift-Box-copy-scaled.jpg","contentUrl":"https:\/\/www.follain.ie\/ga\/wp-content\/uploads\/sites\/3\/2023\/04\/Cheese-Pairing-Gift-Box-copy-scaled.jpg","width":1723,"height":2048},{"@type":"BreadcrumbList","@id":"https:\/\/www.follain.ie\/ga\/product\/bosca-caise\/#breadcrumb","itemListElement":[{"@type":"ListItem","position":1,"name":"Baile","item":"https:\/\/www.follain.ie\/ga\/"},{"@type":"ListItem","position":2,"name":"F\u00e9ir\u00edn\u00ed","item":"https:\/\/www.follain.ie\/ga\/catag%C3%B3ir-t%C3%A1irg%C3%AD\/gift-box\/"},{"@type":"ListItem","position":3,"name":"Nollaig","item":"https:\/\/www.follain.ie\/ga\/product-category\/gift-box\/nollag-ga\/"},{"@type":"ListItem","position":4,"name":"Bosca C\u00e1ise"}]},{"@type":"WebSite","@id":"https:\/\/www.follain.ie\/ga\/#website","url":"https:\/\/www.follain.ie\/ga\/","name":"Foll\u00e1in Irish","description":"We love sharing our passion for good food and eating well through our dedication to making delicious preserves","potentialAction":[{"@type":"SearchAction","target":{"@type":"EntryPoint","urlTemplate":"https:\/\/www.follain.ie\/ga\/?s={search_term_string}"},"query-input":{"@type":"PropertyValueSpecification","valueRequired":true,"valueName":"search_term_string"}}],"inLanguage":"en-GB"}]}},"_links":{"self":[{"href":"https:\/\/www.follain.ie\/ga\/wp-json\/wp\/v2\/product\/3279","targetHints":{"allow":["GET"]}}],"collection":[{"href":"https:\/\/www.follain.ie\/ga\/wp-json\/wp\/v2\/product"}],"about":[{"href":"https:\/\/www.follain.ie\/ga\/wp-json\/wp\/v2\/types\/product"}],"wp:featuredmedia":[{"embeddable":true,"href":"https:\/\/www.follain.ie\/ga\/wp-json\/wp\/v2\/media\/3289"}],"wp:attachment":[{"href":"https:\/\/www.follain.ie\/ga\/wp-json\/wp\/v2\/media?parent=3279"}],"wp:term":[{"taxonomy":"product_brand","embeddable":true,"href":"https:\/\/www.follain.ie\/ga\/wp-json\/wp\/v2\/product_brand?post=3279"},{"taxonomy":"product_cat","embeddable":true,"href":"https:\/\/www.follain.ie\/ga\/wp-json\/wp\/v2\/product_cat?post=3279"},{"taxonomy":"product_tag","embeddable":true,"href":"https:\/\/www.follain.ie\/ga\/wp-json\/wp\/v2\/product_tag?post=3279"}],"curies":[{"name":"wp","href":"https:\/\/api.w.org\/{rel}","templated":true}]}}