{"id":3280,"date":"2024-04-24T09:41:49","date_gmt":"2024-04-24T08:41:49","guid":{"rendered":"https:\/\/www.follain.ie\/ga\/?post_type=product&#038;p=3280"},"modified":"2024-04-24T09:42:57","modified_gmt":"2024-04-24T08:42:57","slug":"follain-x-nutshed","status":"publish","type":"product","link":"https:\/\/www.follain.ie\/ga\/product\/follain-x-nutshed\/","title":{"rendered":"Foll\u00e1in X Nutshed"},"content":{"rendered":"<p>Sa bhosca: \u00e1r thairg\u00ed<\/p>\n<ul>\n<li>Oinni\u00fan dearg agus gearl\u00f3g dubh<\/li>\n<li>Subh S\u00fa-Chraobh gan si\u00facra<\/li>\n<li>Subh s\u00fa-tal\u00fan gan si\u00facra<\/li>\n<\/ul>\n<p>Earra\u00ed Nutshed<\/p>\n<ul>\n<li>Nutshed Very Crunchy<\/li>\n<li>Nutshed Original Smooth<\/li>\n<li>Nutshed Smoky Harissa<\/li>\n<\/ul>\n<p>Tagann an bosca seo le c\u00e1rta\u00ed oidis le h- \u00fas\u00e1id\u00ed Foll\u00e1in agus \u00edm piseanna tal\u00fan le Nutshed, sp\u00fan\u00f3g uath\u00fail Foll\u00e1in, chomh maith le mala tote Foll\u00e1in.<\/p>\n<p>Sin cleamhnas a shocraigh na haingil <strong>O;)<\/strong><\/p>\n<p>&nbsp;<\/p>\n","protected":false},"excerpt":{"rendered":"<p>T\u00e1 \u00e1r subhanna &#8216;s anlainn agus im piseanna tal\u00fan an Nutshed d\u00e9anta d\u00e1 ch\u00e9ile.<\/p>\n","protected":false},"featured_media":3274,"template":"","meta":{"_acf_changed":false},"product_brand":[],"product_cat":[141,53],"product_tag":[],"class_list":{"0":"post-3280","1":"product","2":"type-product","3":"status-publish","4":"has-post-thumbnail","6":"product_cat-box-of-6","7":"product_cat-gift-box","9":"first","10":"outofstock","11":"purchasable","12":"product-type-simple"},"composite_virtual":false,"composite_layout":"","composite_add_to_cart_form_location":"","composite_editable_in_cart":false,"composite_sold_individually_context":"","composite_shop_price_calc":"","composite_components":[],"composite_scenarios":[],"acf":[],"yoast_head":"<!-- This site is optimized with the Yoast SEO plugin v27.4 - https:\/\/yoast.com\/product\/yoast-seo-wordpress\/ -->\n<title>Foll\u00e1in X Nutshed<\/title>\n<meta name=\"description\" content=\"T\u00e1 \u00e1r subhanna &#039;s anlainn agus im piseanna tal\u00fan an Nutshed d\u00e9anta d\u00e1 ch\u00e9ile.\" \/>\n<meta name=\"robots\" content=\"index, follow, max-snippet:-1, max-image-preview:large, max-video-preview:-1\" \/>\n<link rel=\"canonical\" href=\"https:\/\/www.follain.ie\/ga\/product\/follain-x-nutshed\/\" \/>\n<meta property=\"og:locale\" content=\"en_GB\" \/>\n<meta property=\"og:type\" content=\"article\" \/>\n<meta property=\"og:title\" content=\"Foll\u00e1in X Nutshed\" \/>\n<meta property=\"og:description\" content=\"T\u00e1 \u00e1r subhanna &#039;s anlainn agus im piseanna tal\u00fan an Nutshed d\u00e9anta d\u00e1 ch\u00e9ile.\" \/>\n<meta property=\"og:url\" content=\"https:\/\/www.follain.ie\/ga\/product\/follain-x-nutshed\/\" \/>\n<meta property=\"og:site_name\" content=\"Foll\u00e1in Irish\" \/>\n<meta property=\"article:modified_time\" content=\"2024-04-24T08:42:57+00:00\" \/>\n<meta property=\"og:image\" content=\"https:\/\/www.follain.ie\/ga\/wp-content\/uploads\/sites\/3\/2023\/04\/Nutshed-icon-copy.jpg\" \/>\n\t<meta property=\"og:image:width\" content=\"852\" \/>\n\t<meta property=\"og:image:height\" content=\"1013\" \/>\n\t<meta property=\"og:image:type\" content=\"image\/jpeg\" \/>\n<meta name=\"twitter:card\" content=\"summary_large_image\" \/>\n<meta name=\"twitter:label1\" content=\"Estimated reading time\" \/>\n\t<meta name=\"twitter:data1\" content=\"1 minute\" \/>\n<!-- \/ Yoast SEO plugin. -->","yoast_head_json":{"title":"Foll\u00e1in X Nutshed","description":"T\u00e1 \u00e1r subhanna 's anlainn agus im piseanna tal\u00fan an Nutshed d\u00e9anta d\u00e1 ch\u00e9ile.","robots":{"index":"index","follow":"follow","max-snippet":"max-snippet:-1","max-image-preview":"max-image-preview:large","max-video-preview":"max-video-preview:-1"},"canonical":"https:\/\/www.follain.ie\/ga\/product\/follain-x-nutshed\/","og_locale":"en_GB","og_type":"article","og_title":"Foll\u00e1in X Nutshed","og_description":"T\u00e1 \u00e1r subhanna 's anlainn agus im piseanna tal\u00fan an Nutshed d\u00e9anta d\u00e1 ch\u00e9ile.","og_url":"https:\/\/www.follain.ie\/ga\/product\/follain-x-nutshed\/","og_site_name":"Foll\u00e1in Irish","article_modified_time":"2024-04-24T08:42:57+00:00","og_image":[{"width":852,"height":1013,"url":"https:\/\/www.follain.ie\/ga\/wp-content\/uploads\/sites\/3\/2023\/04\/Nutshed-icon-copy.jpg","type":"image\/jpeg"}],"twitter_card":"summary_large_image","twitter_misc":{"Estimated reading time":"1 minute"},"schema":{"@context":"https:\/\/schema.org","@graph":[{"@type":"WebPage","@id":"https:\/\/www.follain.ie\/ga\/product\/follain-x-nutshed\/","url":"https:\/\/www.follain.ie\/ga\/product\/follain-x-nutshed\/","name":"Foll\u00e1in X Nutshed","isPartOf":{"@id":"https:\/\/www.follain.ie\/ga\/#website"},"primaryImageOfPage":{"@id":"https:\/\/www.follain.ie\/ga\/product\/follain-x-nutshed\/#primaryimage"},"image":{"@id":"https:\/\/www.follain.ie\/ga\/product\/follain-x-nutshed\/#primaryimage"},"thumbnailUrl":"https:\/\/www.follain.ie\/ga\/wp-content\/uploads\/sites\/3\/2023\/04\/Nutshed-icon-copy.jpg","datePublished":"2024-04-24T08:41:49+00:00","dateModified":"2024-04-24T08:42:57+00:00","description":"T\u00e1 \u00e1r subhanna 's anlainn agus im piseanna tal\u00fan an Nutshed d\u00e9anta d\u00e1 ch\u00e9ile.","breadcrumb":{"@id":"https:\/\/www.follain.ie\/ga\/product\/follain-x-nutshed\/#breadcrumb"},"inLanguage":"en-GB","potentialAction":[{"@type":"ReadAction","target":["https:\/\/www.follain.ie\/ga\/product\/follain-x-nutshed\/"]}]},{"@type":"ImageObject","inLanguage":"en-GB","@id":"https:\/\/www.follain.ie\/ga\/product\/follain-x-nutshed\/#primaryimage","url":"https:\/\/www.follain.ie\/ga\/wp-content\/uploads\/sites\/3\/2023\/04\/Nutshed-icon-copy.jpg","contentUrl":"https:\/\/www.follain.ie\/ga\/wp-content\/uploads\/sites\/3\/2023\/04\/Nutshed-icon-copy.jpg","width":852,"height":1013},{"@type":"BreadcrumbList","@id":"https:\/\/www.follain.ie\/ga\/product\/follain-x-nutshed\/#breadcrumb","itemListElement":[{"@type":"ListItem","position":1,"name":"Baile","item":"https:\/\/www.follain.ie\/ga\/"},{"@type":"ListItem","position":2,"name":"F\u00e9ir\u00edn\u00ed","item":"https:\/\/www.follain.ie\/ga\/catag%C3%B3ir-t%C3%A1irg%C3%AD\/gift-box\/"},{"@type":"ListItem","position":3,"name":"Foll\u00e1in X Nutshed"}]},{"@type":"WebSite","@id":"https:\/\/www.follain.ie\/ga\/#website","url":"https:\/\/www.follain.ie\/ga\/","name":"Foll\u00e1in Irish","description":"We love sharing our passion for good food and eating well through our dedication to making delicious preserves","potentialAction":[{"@type":"SearchAction","target":{"@type":"EntryPoint","urlTemplate":"https:\/\/www.follain.ie\/ga\/?s={search_term_string}"},"query-input":{"@type":"PropertyValueSpecification","valueRequired":true,"valueName":"search_term_string"}}],"inLanguage":"en-GB"}]}},"_links":{"self":[{"href":"https:\/\/www.follain.ie\/ga\/wp-json\/wp\/v2\/product\/3280","targetHints":{"allow":["GET"]}}],"collection":[{"href":"https:\/\/www.follain.ie\/ga\/wp-json\/wp\/v2\/product"}],"about":[{"href":"https:\/\/www.follain.ie\/ga\/wp-json\/wp\/v2\/types\/product"}],"wp:featuredmedia":[{"embeddable":true,"href":"https:\/\/www.follain.ie\/ga\/wp-json\/wp\/v2\/media\/3274"}],"wp:attachment":[{"href":"https:\/\/www.follain.ie\/ga\/wp-json\/wp\/v2\/media?parent=3280"}],"wp:term":[{"taxonomy":"product_brand","embeddable":true,"href":"https:\/\/www.follain.ie\/ga\/wp-json\/wp\/v2\/product_brand?post=3280"},{"taxonomy":"product_cat","embeddable":true,"href":"https:\/\/www.follain.ie\/ga\/wp-json\/wp\/v2\/product_cat?post=3280"},{"taxonomy":"product_tag","embeddable":true,"href":"https:\/\/www.follain.ie\/ga\/wp-json\/wp\/v2\/product_tag?post=3280"}],"curies":[{"name":"wp","href":"https:\/\/api.w.org\/{rel}","templated":true}]}}