{"id":3281,"date":"2023-09-25T11:59:03","date_gmt":"2023-09-25T10:59:03","guid":{"rendered":"https:\/\/www.follain.ie\/ga\/?post_type=product&#038;p=3281"},"modified":"2024-04-24T09:44:12","modified_gmt":"2024-04-24T08:44:12","slug":"subh-fige","status":"publish","type":"product","link":"https:\/\/www.follain.ie\/ga\/product\/subh-fige\/","title":{"rendered":"Subh Fige"},"content":{"rendered":"<p>L\u00e1n do fig\u00ed milis, go hiontach in \u00e9ineacht le c\u00e1is. Ar f\u00e1il ar l\u00edne amh\u00e1in.<\/p>\n","protected":false},"excerpt":{"rendered":"<p>L\u00e1n do fig\u00ed milis, go hiontach in \u00e9ineacht le c\u00e1is. Ar f\u00e1il ar l\u00edne amh\u00e1in.<\/p>\n","protected":false},"featured_media":3290,"template":"","meta":{"_acf_changed":false},"product_brand":[],"product_cat":[37],"product_tag":[],"class_list":{"0":"post-3281","1":"product","2":"type-product","3":"status-publish","4":"has-post-thumbnail","6":"product_cat-traditional-recipe","8":"first","9":"instock","10":"purchasable","11":"product-type-variable"},"composite_virtual":false,"composite_layout":"","composite_add_to_cart_form_location":"","composite_editable_in_cart":false,"composite_sold_individually_context":"","composite_shop_price_calc":"","composite_components":[],"composite_scenarios":[],"acf":[],"yoast_head":"<!-- This site is optimized with the Yoast SEO plugin v27.4 - https:\/\/yoast.com\/product\/yoast-seo-wordpress\/ -->\n<title>Subh Fige Foll\u00e1in<\/title>\n<meta name=\"description\" content=\"L\u00e1n do fig\u00ed milis, go hiontach in \u00e9ineacht le c\u00e1is. Ar f\u00e1il ar l\u00edne amh\u00e1in.\" \/>\n<meta name=\"robots\" content=\"index, follow, max-snippet:-1, max-image-preview:large, max-video-preview:-1\" \/>\n<link rel=\"canonical\" href=\"https:\/\/www.follain.ie\/ga\/product\/subh-fige\/\" \/>\n<meta property=\"og:locale\" content=\"en_GB\" \/>\n<meta property=\"og:type\" content=\"article\" \/>\n<meta property=\"og:title\" content=\"Subh Fige Foll\u00e1in\" \/>\n<meta property=\"og:description\" content=\"L\u00e1n do fig\u00ed milis, go hiontach in \u00e9ineacht le c\u00e1is. Ar f\u00e1il ar l\u00edne amh\u00e1in.\" \/>\n<meta property=\"og:url\" content=\"https:\/\/www.follain.ie\/ga\/product\/subh-fige\/\" \/>\n<meta property=\"og:site_name\" content=\"Foll\u00e1in Irish\" \/>\n<meta property=\"article:modified_time\" content=\"2024-04-24T08:44:12+00:00\" \/>\n<meta property=\"og:image\" content=\"https:\/\/www.follain.ie\/ga\/wp-content\/uploads\/sites\/3\/2023\/04\/Fig-TR-shadow-copy.jpg\" \/>\n\t<meta property=\"og:image:width\" content=\"482\" \/>\n\t<meta property=\"og:image:height\" content=\"520\" \/>\n\t<meta property=\"og:image:type\" content=\"image\/jpeg\" \/>\n<meta name=\"twitter:card\" content=\"summary_large_image\" \/>\n<meta name=\"twitter:label1\" content=\"Estimated reading time\" \/>\n\t<meta name=\"twitter:data1\" content=\"1 minute\" \/>\n<!-- \/ Yoast SEO plugin. -->","yoast_head_json":{"title":"Subh Fige Foll\u00e1in","description":"L\u00e1n do fig\u00ed milis, go hiontach in \u00e9ineacht le c\u00e1is. Ar f\u00e1il ar l\u00edne amh\u00e1in.","robots":{"index":"index","follow":"follow","max-snippet":"max-snippet:-1","max-image-preview":"max-image-preview:large","max-video-preview":"max-video-preview:-1"},"canonical":"https:\/\/www.follain.ie\/ga\/product\/subh-fige\/","og_locale":"en_GB","og_type":"article","og_title":"Subh Fige Foll\u00e1in","og_description":"L\u00e1n do fig\u00ed milis, go hiontach in \u00e9ineacht le c\u00e1is. Ar f\u00e1il ar l\u00edne amh\u00e1in.","og_url":"https:\/\/www.follain.ie\/ga\/product\/subh-fige\/","og_site_name":"Foll\u00e1in Irish","article_modified_time":"2024-04-24T08:44:12+00:00","og_image":[{"width":482,"height":520,"url":"https:\/\/www.follain.ie\/ga\/wp-content\/uploads\/sites\/3\/2023\/04\/Fig-TR-shadow-copy.jpg","type":"image\/jpeg"}],"twitter_card":"summary_large_image","twitter_misc":{"Estimated reading time":"1 minute"},"schema":{"@context":"https:\/\/schema.org","@graph":[{"@type":"WebPage","@id":"https:\/\/www.follain.ie\/ga\/product\/subh-fige\/","url":"https:\/\/www.follain.ie\/ga\/product\/subh-fige\/","name":"Subh Fige Foll\u00e1in","isPartOf":{"@id":"https:\/\/www.follain.ie\/ga\/#website"},"primaryImageOfPage":{"@id":"https:\/\/www.follain.ie\/ga\/product\/subh-fige\/#primaryimage"},"image":{"@id":"https:\/\/www.follain.ie\/ga\/product\/subh-fige\/#primaryimage"},"thumbnailUrl":"https:\/\/www.follain.ie\/ga\/wp-content\/uploads\/sites\/3\/2023\/04\/Fig-TR-shadow-copy.jpg","datePublished":"2023-09-25T10:59:03+00:00","dateModified":"2024-04-24T08:44:12+00:00","description":"L\u00e1n do fig\u00ed milis, go hiontach in \u00e9ineacht le c\u00e1is. Ar f\u00e1il ar l\u00edne amh\u00e1in.","breadcrumb":{"@id":"https:\/\/www.follain.ie\/ga\/product\/subh-fige\/#breadcrumb"},"inLanguage":"en-GB","potentialAction":[{"@type":"ReadAction","target":["https:\/\/www.follain.ie\/ga\/product\/subh-fige\/"]}]},{"@type":"ImageObject","inLanguage":"en-GB","@id":"https:\/\/www.follain.ie\/ga\/product\/subh-fige\/#primaryimage","url":"https:\/\/www.follain.ie\/ga\/wp-content\/uploads\/sites\/3\/2023\/04\/Fig-TR-shadow-copy.jpg","contentUrl":"https:\/\/www.follain.ie\/ga\/wp-content\/uploads\/sites\/3\/2023\/04\/Fig-TR-shadow-copy.jpg","width":482,"height":520},{"@type":"BreadcrumbList","@id":"https:\/\/www.follain.ie\/ga\/product\/subh-fige\/#breadcrumb","itemListElement":[{"@type":"ListItem","position":1,"name":"Baile","item":"https:\/\/www.follain.ie\/ga\/"},{"@type":"ListItem","position":2,"name":"Subhanna","item":"https:\/\/www.follain.ie\/ga\/catag%C3%B3ir-t%C3%A1irg%C3%AD\/jams\/"},{"@type":"ListItem","position":3,"name":"Subh Tradisi\u00fanta","item":"https:\/\/www.follain.ie\/ga\/catag%C3%B3ir-t%C3%A1irg%C3%AD\/jams\/traditional-recipe\/"},{"@type":"ListItem","position":4,"name":"Subh Fige"}]},{"@type":"WebSite","@id":"https:\/\/www.follain.ie\/ga\/#website","url":"https:\/\/www.follain.ie\/ga\/","name":"Foll\u00e1in Irish","description":"We love sharing our passion for good food and eating well through our dedication to making delicious preserves","potentialAction":[{"@type":"SearchAction","target":{"@type":"EntryPoint","urlTemplate":"https:\/\/www.follain.ie\/ga\/?s={search_term_string}"},"query-input":{"@type":"PropertyValueSpecification","valueRequired":true,"valueName":"search_term_string"}}],"inLanguage":"en-GB"}]}},"_links":{"self":[{"href":"https:\/\/www.follain.ie\/ga\/wp-json\/wp\/v2\/product\/3281","targetHints":{"allow":["GET"]}}],"collection":[{"href":"https:\/\/www.follain.ie\/ga\/wp-json\/wp\/v2\/product"}],"about":[{"href":"https:\/\/www.follain.ie\/ga\/wp-json\/wp\/v2\/types\/product"}],"wp:featuredmedia":[{"embeddable":true,"href":"https:\/\/www.follain.ie\/ga\/wp-json\/wp\/v2\/media\/3290"}],"wp:attachment":[{"href":"https:\/\/www.follain.ie\/ga\/wp-json\/wp\/v2\/media?parent=3281"}],"wp:term":[{"taxonomy":"product_brand","embeddable":true,"href":"https:\/\/www.follain.ie\/ga\/wp-json\/wp\/v2\/product_brand?post=3281"},{"taxonomy":"product_cat","embeddable":true,"href":"https:\/\/www.follain.ie\/ga\/wp-json\/wp\/v2\/product_cat?post=3281"},{"taxonomy":"product_tag","embeddable":true,"href":"https:\/\/www.follain.ie\/ga\/wp-json\/wp\/v2\/product_tag?post=3281"}],"curies":[{"name":"wp","href":"https:\/\/api.w.org\/{rel}","templated":true}]}}