{"id":3282,"date":"2023-09-11T14:48:12","date_gmt":"2023-09-11T13:48:12","guid":{"rendered":"https:\/\/www.follain.ie\/ga\/?post_type=product&#038;p=3282"},"modified":"2026-04-30T15:08:29","modified_gmt":"2026-04-30T14:08:29","slug":"gruth-liomoide","status":"publish","type":"product","link":"https:\/\/www.follain.ie\/ga\/product\/gruth-liomoide\/","title":{"rendered":"Gruth L\u00edom\u00f3ide"},"content":{"rendered":"<p>Gruth L\u00edmoide saibhir d\u00e9anta le \u00edm \u00c9ireannach, s\u00fa L\u00edm\u00f3ide agus uibheacha<\/p>\n","protected":false},"excerpt":{"rendered":"<p>Gruth L\u00edmoide saibhir d\u00e9anta le \u00edm \u00c9ireannach, s\u00fa L\u00edm\u00f3ide agus uibheacha<\/p>\n","protected":false},"featured_media":3230,"template":"","meta":{"_acf_changed":false},"product_brand":[],"product_cat":[343],"product_tag":[],"class_list":{"0":"post-3282","1":"product","2":"type-product","3":"status-publish","4":"has-post-thumbnail","6":"product_cat-gruth-caramal","8":"first","9":"instock","10":"purchasable","11":"product-type-variable"},"composite_virtual":false,"composite_layout":"","composite_add_to_cart_form_location":"","composite_editable_in_cart":false,"composite_sold_individually_context":"","composite_shop_price_calc":"","composite_components":[],"composite_scenarios":[],"acf":[],"yoast_head":"<!-- This site is optimized with the Yoast SEO plugin v27.4 - https:\/\/yoast.com\/product\/yoast-seo-wordpress\/ -->\n<title>Gruth L\u00edom\u00f3ide Foll\u00e1in<\/title>\n<meta name=\"description\" content=\"Gruth L\u00edmoide saibhir d\u00e9anta le \u00edm \u00c9ireannach, s\u00fa L\u00edm\u00f3ide agus uibheacha Gruth L\u00edmoide saibhir d\u00e9anta le \u00edm \u00c9ireannach, s\u00fa L\u00edm\u00f3ide agus uibheacha\" \/>\n<meta name=\"robots\" content=\"index, follow, max-snippet:-1, max-image-preview:large, max-video-preview:-1\" \/>\n<link rel=\"canonical\" href=\"https:\/\/www.follain.ie\/ga\/product\/gruth-liomoide\/\" \/>\n<meta property=\"og:locale\" content=\"en_GB\" \/>\n<meta property=\"og:type\" content=\"article\" \/>\n<meta property=\"og:title\" content=\"Gruth L\u00edom\u00f3ide Foll\u00e1in\" \/>\n<meta property=\"og:description\" content=\"Gruth L\u00edmoide saibhir d\u00e9anta le \u00edm \u00c9ireannach, s\u00fa L\u00edm\u00f3ide agus uibheacha Gruth L\u00edmoide saibhir d\u00e9anta le \u00edm \u00c9ireannach, s\u00fa L\u00edm\u00f3ide agus uibheacha\" \/>\n<meta property=\"og:url\" content=\"https:\/\/www.follain.ie\/ga\/product\/gruth-liomoide\/\" \/>\n<meta property=\"og:site_name\" content=\"Foll\u00e1in Irish\" \/>\n<meta property=\"article:modified_time\" content=\"2026-04-30T14:08:29+00:00\" \/>\n<meta property=\"og:image\" content=\"https:\/\/www.follain.ie\/ga\/wp-content\/uploads\/sites\/3\/2021\/11\/Lemon-Curd-shadow.png\" \/>\n\t<meta property=\"og:image:width\" content=\"482\" \/>\n\t<meta property=\"og:image:height\" content=\"520\" \/>\n\t<meta property=\"og:image:type\" content=\"image\/png\" \/>\n<meta name=\"twitter:card\" content=\"summary_large_image\" \/>\n<meta name=\"twitter:label1\" content=\"Estimated reading time\" \/>\n\t<meta name=\"twitter:data1\" content=\"1 minute\" \/>\n<!-- \/ Yoast SEO plugin. -->","yoast_head_json":{"title":"Gruth L\u00edom\u00f3ide Foll\u00e1in","description":"Gruth L\u00edmoide saibhir d\u00e9anta le \u00edm \u00c9ireannach, s\u00fa L\u00edm\u00f3ide agus uibheacha Gruth L\u00edmoide saibhir d\u00e9anta le \u00edm \u00c9ireannach, s\u00fa L\u00edm\u00f3ide agus uibheacha","robots":{"index":"index","follow":"follow","max-snippet":"max-snippet:-1","max-image-preview":"max-image-preview:large","max-video-preview":"max-video-preview:-1"},"canonical":"https:\/\/www.follain.ie\/ga\/product\/gruth-liomoide\/","og_locale":"en_GB","og_type":"article","og_title":"Gruth L\u00edom\u00f3ide Foll\u00e1in","og_description":"Gruth L\u00edmoide saibhir d\u00e9anta le \u00edm \u00c9ireannach, s\u00fa L\u00edm\u00f3ide agus uibheacha Gruth L\u00edmoide saibhir d\u00e9anta le \u00edm \u00c9ireannach, s\u00fa L\u00edm\u00f3ide agus uibheacha","og_url":"https:\/\/www.follain.ie\/ga\/product\/gruth-liomoide\/","og_site_name":"Foll\u00e1in Irish","article_modified_time":"2026-04-30T14:08:29+00:00","og_image":[{"width":482,"height":520,"url":"https:\/\/www.follain.ie\/ga\/wp-content\/uploads\/sites\/3\/2021\/11\/Lemon-Curd-shadow.png","type":"image\/png"}],"twitter_card":"summary_large_image","twitter_misc":{"Estimated reading time":"1 minute"},"schema":{"@context":"https:\/\/schema.org","@graph":[{"@type":"WebPage","@id":"https:\/\/www.follain.ie\/ga\/product\/gruth-liomoide\/","url":"https:\/\/www.follain.ie\/ga\/product\/gruth-liomoide\/","name":"Gruth L\u00edom\u00f3ide Foll\u00e1in","isPartOf":{"@id":"https:\/\/www.follain.ie\/ga\/#website"},"primaryImageOfPage":{"@id":"https:\/\/www.follain.ie\/ga\/product\/gruth-liomoide\/#primaryimage"},"image":{"@id":"https:\/\/www.follain.ie\/ga\/product\/gruth-liomoide\/#primaryimage"},"thumbnailUrl":"https:\/\/www.follain.ie\/ga\/wp-content\/uploads\/sites\/3\/2021\/11\/Lemon-Curd-shadow.png","datePublished":"2023-09-11T13:48:12+00:00","dateModified":"2026-04-30T14:08:29+00:00","description":"Gruth L\u00edmoide saibhir d\u00e9anta le \u00edm \u00c9ireannach, s\u00fa L\u00edm\u00f3ide agus uibheacha Gruth L\u00edmoide saibhir d\u00e9anta le \u00edm \u00c9ireannach, s\u00fa L\u00edm\u00f3ide agus uibheacha","breadcrumb":{"@id":"https:\/\/www.follain.ie\/ga\/product\/gruth-liomoide\/#breadcrumb"},"inLanguage":"en-GB","potentialAction":[{"@type":"ReadAction","target":["https:\/\/www.follain.ie\/ga\/product\/gruth-liomoide\/"]}]},{"@type":"ImageObject","inLanguage":"en-GB","@id":"https:\/\/www.follain.ie\/ga\/product\/gruth-liomoide\/#primaryimage","url":"https:\/\/www.follain.ie\/ga\/wp-content\/uploads\/sites\/3\/2021\/11\/Lemon-Curd-shadow.png","contentUrl":"https:\/\/www.follain.ie\/ga\/wp-content\/uploads\/sites\/3\/2021\/11\/Lemon-Curd-shadow.png","width":482,"height":520},{"@type":"BreadcrumbList","@id":"https:\/\/www.follain.ie\/ga\/product\/gruth-liomoide\/#breadcrumb","itemListElement":[{"@type":"ListItem","position":1,"name":"Baile","item":"https:\/\/www.follain.ie\/ga\/"},{"@type":"ListItem","position":2,"name":"Gruth &amp; Caramal","item":"https:\/\/www.follain.ie\/ga\/product-category\/gruth-caramal\/"},{"@type":"ListItem","position":3,"name":"Gruth L\u00edom\u00f3ide"}]},{"@type":"WebSite","@id":"https:\/\/www.follain.ie\/ga\/#website","url":"https:\/\/www.follain.ie\/ga\/","name":"Foll\u00e1in Irish","description":"We love sharing our passion for good food and eating well through our dedication to making delicious preserves","potentialAction":[{"@type":"SearchAction","target":{"@type":"EntryPoint","urlTemplate":"https:\/\/www.follain.ie\/ga\/?s={search_term_string}"},"query-input":{"@type":"PropertyValueSpecification","valueRequired":true,"valueName":"search_term_string"}}],"inLanguage":"en-GB"}]}},"_links":{"self":[{"href":"https:\/\/www.follain.ie\/ga\/wp-json\/wp\/v2\/product\/3282","targetHints":{"allow":["GET"]}}],"collection":[{"href":"https:\/\/www.follain.ie\/ga\/wp-json\/wp\/v2\/product"}],"about":[{"href":"https:\/\/www.follain.ie\/ga\/wp-json\/wp\/v2\/types\/product"}],"wp:featuredmedia":[{"embeddable":true,"href":"https:\/\/www.follain.ie\/ga\/wp-json\/wp\/v2\/media\/3230"}],"wp:attachment":[{"href":"https:\/\/www.follain.ie\/ga\/wp-json\/wp\/v2\/media?parent=3282"}],"wp:term":[{"taxonomy":"product_brand","embeddable":true,"href":"https:\/\/www.follain.ie\/ga\/wp-json\/wp\/v2\/product_brand?post=3282"},{"taxonomy":"product_cat","embeddable":true,"href":"https:\/\/www.follain.ie\/ga\/wp-json\/wp\/v2\/product_cat?post=3282"},{"taxonomy":"product_tag","embeddable":true,"href":"https:\/\/www.follain.ie\/ga\/wp-json\/wp\/v2\/product_tag?post=3282"}],"curies":[{"name":"wp","href":"https:\/\/api.w.org\/{rel}","templated":true}]}}