{"id":3291,"date":"2023-09-11T13:17:32","date_gmt":"2023-09-11T12:17:32","guid":{"rendered":"https:\/\/www.follain.ie\/ga\/?post_type=product&#038;p=3291"},"modified":"2025-11-05T19:41:14","modified_gmt":"2025-11-05T19:41:14","slug":"dha-la-deag-na-nollag","status":"publish","type":"product","link":"https:\/\/www.follain.ie\/ga\/product\/dha-la-deag-na-nollag\/","title":{"rendered":"Dh\u00e1 l\u00e1 d\u00e9ag na Nollag"},"content":{"rendered":"<p>R\u00e9imse do 12 proca beaga le measc\u00e1n do subhanna agus subh-\u00f3r\u00e1iste. Blasanna \u00e9agsula do dh\u00e1 l\u00e1 d\u00e9ag na Nollag<\/p>\n<p>Sa bhosca d\u00e1 l\u00e1 d\u00e9ag na Nollag t\u00e1 dh\u00e1 phroca d\u00e9ag do 35g an ceann. Tagann an feir\u00edn seo le mala tote Foll\u00e1in saor in aisce.<\/p>\n<p>T\u00e1 proca beag subh, subh-\u00f3r\u00e1iste, agus gruth taobh thiar do gach fuinneog , ina measc<\/p>\n<p>Subh-\u00f3r\u00e1iste fuisce<\/p>\n<p>Subh Sm\u00e9ar dubha<\/p>\n<p>Subh s\u00fa-chraobh<\/p>\n<p>Subh s\u00fa-tal\u00fan<\/p>\n<p>Gruth tortha\u00ed paisean<\/p>\n<p>Chomh maith le roinnt d\u00e1r tairg\u00ed s\u00e9as\u00farach<\/p>\n","protected":false},"excerpt":{"rendered":"<p>R\u00e9imse do 12 proca beaga le measc\u00e1n do subhanna agus subh-\u00f3r\u00e1iste. Blasanna \u00e9agsula do dh\u00e1 l\u00e1 d\u00e9ag na Nollag Sa bhosca d\u00e1 l\u00e1 d\u00e9ag na Nollag t\u00e1 dh\u00e1 phroca d\u00e9ag do 35g an ceann. Tagann an feir\u00edn seo le mala tote Foll\u00e1in saor in aisce. T\u00e1 proca beag subh, subh-\u00f3r\u00e1iste, agus gruth taobh thiar do [&hellip;]<\/p>\n","protected":false},"featured_media":3270,"template":"","meta":{"_acf_changed":false},"product_brand":[],"product_cat":[53,345],"product_tag":[],"class_list":{"0":"post-3291","1":"product","2":"type-product","3":"status-publish","4":"has-post-thumbnail","6":"product_cat-gift-box","7":"product_cat-nollag-ga","9":"first","10":"outofstock","11":"purchasable","12":"product-type-simple"},"composite_virtual":false,"composite_layout":"","composite_add_to_cart_form_location":"","composite_editable_in_cart":false,"composite_sold_individually_context":"","composite_shop_price_calc":"","composite_components":[],"composite_scenarios":[],"acf":[],"yoast_head":"<!-- This site is optimized with the Yoast SEO plugin v27.4 - https:\/\/yoast.com\/product\/yoast-seo-wordpress\/ -->\n<title>Foll\u00e1in Dh\u00e1 l\u00e1 d\u00e9ag na Nollag<\/title>\n<meta name=\"description\" content=\"R\u00e9imse do 12 proca beaga le measc\u00e1n do subhanna agus subh-\u00f3r\u00e1iste. Blasanna \u00e9agsula do dh\u00e1 l\u00e1 d\u00e9ag na Nollag Sa bhosca d\u00e1 l\u00e1 d\u00e9ag na Nollag t\u00e1 dh\u00e1 phroca R\u00e9imse do 12 proca beaga le measc\u00e1n do subhanna agus subh-\u00f3r\u00e1iste. Blasanna \u00e9agsula do dh\u00e1 l\u00e1 d\u00e9ag na Nollag\" \/>\n<meta name=\"robots\" content=\"index, follow, max-snippet:-1, max-image-preview:large, max-video-preview:-1\" \/>\n<link rel=\"canonical\" href=\"https:\/\/www.follain.ie\/ga\/product\/dha-la-deag-na-nollag\/\" \/>\n<meta property=\"og:locale\" content=\"en_GB\" \/>\n<meta property=\"og:type\" content=\"article\" \/>\n<meta property=\"og:title\" content=\"Foll\u00e1in Dh\u00e1 l\u00e1 d\u00e9ag na Nollag\" \/>\n<meta property=\"og:description\" content=\"R\u00e9imse do 12 proca beaga le measc\u00e1n do subhanna agus subh-\u00f3r\u00e1iste. Blasanna \u00e9agsula do dh\u00e1 l\u00e1 d\u00e9ag na Nollag Sa bhosca d\u00e1 l\u00e1 d\u00e9ag na Nollag t\u00e1 dh\u00e1 phroca R\u00e9imse do 12 proca beaga le measc\u00e1n do subhanna agus subh-\u00f3r\u00e1iste. Blasanna \u00e9agsula do dh\u00e1 l\u00e1 d\u00e9ag na Nollag\" \/>\n<meta property=\"og:url\" content=\"https:\/\/www.follain.ie\/ga\/product\/dha-la-deag-na-nollag\/\" \/>\n<meta property=\"og:site_name\" content=\"Foll\u00e1in Irish\" \/>\n<meta property=\"article:modified_time\" content=\"2025-11-05T19:41:14+00:00\" \/>\n<meta property=\"og:image\" content=\"https:\/\/www.follain.ie\/ga\/wp-content\/uploads\/sites\/3\/2023\/04\/12-days-scaled.jpg\" \/>\n\t<meta property=\"og:image:width\" content=\"2048\" \/>\n\t<meta property=\"og:image:height\" content=\"1280\" \/>\n\t<meta property=\"og:image:type\" content=\"image\/jpeg\" \/>\n<meta name=\"twitter:card\" content=\"summary_large_image\" \/>\n<meta name=\"twitter:label1\" content=\"Estimated reading time\" \/>\n\t<meta name=\"twitter:data1\" content=\"1 minute\" \/>\n<!-- \/ Yoast SEO plugin. -->","yoast_head_json":{"title":"Foll\u00e1in Dh\u00e1 l\u00e1 d\u00e9ag na Nollag","description":"R\u00e9imse do 12 proca beaga le measc\u00e1n do subhanna agus subh-\u00f3r\u00e1iste. Blasanna \u00e9agsula do dh\u00e1 l\u00e1 d\u00e9ag na Nollag Sa bhosca d\u00e1 l\u00e1 d\u00e9ag na Nollag t\u00e1 dh\u00e1 phroca R\u00e9imse do 12 proca beaga le measc\u00e1n do subhanna agus subh-\u00f3r\u00e1iste. Blasanna \u00e9agsula do dh\u00e1 l\u00e1 d\u00e9ag na Nollag","robots":{"index":"index","follow":"follow","max-snippet":"max-snippet:-1","max-image-preview":"max-image-preview:large","max-video-preview":"max-video-preview:-1"},"canonical":"https:\/\/www.follain.ie\/ga\/product\/dha-la-deag-na-nollag\/","og_locale":"en_GB","og_type":"article","og_title":"Foll\u00e1in Dh\u00e1 l\u00e1 d\u00e9ag na Nollag","og_description":"R\u00e9imse do 12 proca beaga le measc\u00e1n do subhanna agus subh-\u00f3r\u00e1iste. Blasanna \u00e9agsula do dh\u00e1 l\u00e1 d\u00e9ag na Nollag Sa bhosca d\u00e1 l\u00e1 d\u00e9ag na Nollag t\u00e1 dh\u00e1 phroca R\u00e9imse do 12 proca beaga le measc\u00e1n do subhanna agus subh-\u00f3r\u00e1iste. Blasanna \u00e9agsula do dh\u00e1 l\u00e1 d\u00e9ag na Nollag","og_url":"https:\/\/www.follain.ie\/ga\/product\/dha-la-deag-na-nollag\/","og_site_name":"Foll\u00e1in Irish","article_modified_time":"2025-11-05T19:41:14+00:00","og_image":[{"width":2048,"height":1280,"url":"https:\/\/www.follain.ie\/ga\/wp-content\/uploads\/sites\/3\/2023\/04\/12-days-scaled.jpg","type":"image\/jpeg"}],"twitter_card":"summary_large_image","twitter_misc":{"Estimated reading time":"1 minute"},"schema":{"@context":"https:\/\/schema.org","@graph":[{"@type":"WebPage","@id":"https:\/\/www.follain.ie\/ga\/product\/dha-la-deag-na-nollag\/","url":"https:\/\/www.follain.ie\/ga\/product\/dha-la-deag-na-nollag\/","name":"Foll\u00e1in Dh\u00e1 l\u00e1 d\u00e9ag na Nollag","isPartOf":{"@id":"https:\/\/www.follain.ie\/ga\/#website"},"primaryImageOfPage":{"@id":"https:\/\/www.follain.ie\/ga\/product\/dha-la-deag-na-nollag\/#primaryimage"},"image":{"@id":"https:\/\/www.follain.ie\/ga\/product\/dha-la-deag-na-nollag\/#primaryimage"},"thumbnailUrl":"https:\/\/www.follain.ie\/ga\/wp-content\/uploads\/sites\/3\/2023\/04\/12-days-scaled.jpg","datePublished":"2023-09-11T12:17:32+00:00","dateModified":"2025-11-05T19:41:14+00:00","description":"R\u00e9imse do 12 proca beaga le measc\u00e1n do subhanna agus subh-\u00f3r\u00e1iste. Blasanna \u00e9agsula do dh\u00e1 l\u00e1 d\u00e9ag na Nollag Sa bhosca d\u00e1 l\u00e1 d\u00e9ag na Nollag t\u00e1 dh\u00e1 phroca R\u00e9imse do 12 proca beaga le measc\u00e1n do subhanna agus subh-\u00f3r\u00e1iste. Blasanna \u00e9agsula do dh\u00e1 l\u00e1 d\u00e9ag na Nollag","breadcrumb":{"@id":"https:\/\/www.follain.ie\/ga\/product\/dha-la-deag-na-nollag\/#breadcrumb"},"inLanguage":"en-GB","potentialAction":[{"@type":"ReadAction","target":["https:\/\/www.follain.ie\/ga\/product\/dha-la-deag-na-nollag\/"]}]},{"@type":"ImageObject","inLanguage":"en-GB","@id":"https:\/\/www.follain.ie\/ga\/product\/dha-la-deag-na-nollag\/#primaryimage","url":"https:\/\/www.follain.ie\/ga\/wp-content\/uploads\/sites\/3\/2023\/04\/12-days-scaled.jpg","contentUrl":"https:\/\/www.follain.ie\/ga\/wp-content\/uploads\/sites\/3\/2023\/04\/12-days-scaled.jpg","width":2048,"height":1280},{"@type":"BreadcrumbList","@id":"https:\/\/www.follain.ie\/ga\/product\/dha-la-deag-na-nollag\/#breadcrumb","itemListElement":[{"@type":"ListItem","position":1,"name":"Baile","item":"https:\/\/www.follain.ie\/ga\/"},{"@type":"ListItem","position":2,"name":"F\u00e9ir\u00edn\u00ed","item":"https:\/\/www.follain.ie\/ga\/catag%C3%B3ir-t%C3%A1irg%C3%AD\/gift-box\/"},{"@type":"ListItem","position":3,"name":"Nollaig","item":"https:\/\/www.follain.ie\/ga\/product-category\/gift-box\/nollag-ga\/"},{"@type":"ListItem","position":4,"name":"Dh\u00e1 l\u00e1 d\u00e9ag na Nollag"}]},{"@type":"WebSite","@id":"https:\/\/www.follain.ie\/ga\/#website","url":"https:\/\/www.follain.ie\/ga\/","name":"Foll\u00e1in Irish","description":"We love sharing our passion for good food and eating well through our dedication to making delicious preserves","potentialAction":[{"@type":"SearchAction","target":{"@type":"EntryPoint","urlTemplate":"https:\/\/www.follain.ie\/ga\/?s={search_term_string}"},"query-input":{"@type":"PropertyValueSpecification","valueRequired":true,"valueName":"search_term_string"}}],"inLanguage":"en-GB"}]}},"_links":{"self":[{"href":"https:\/\/www.follain.ie\/ga\/wp-json\/wp\/v2\/product\/3291","targetHints":{"allow":["GET"]}}],"collection":[{"href":"https:\/\/www.follain.ie\/ga\/wp-json\/wp\/v2\/product"}],"about":[{"href":"https:\/\/www.follain.ie\/ga\/wp-json\/wp\/v2\/types\/product"}],"wp:featuredmedia":[{"embeddable":true,"href":"https:\/\/www.follain.ie\/ga\/wp-json\/wp\/v2\/media\/3270"}],"wp:attachment":[{"href":"https:\/\/www.follain.ie\/ga\/wp-json\/wp\/v2\/media?parent=3291"}],"wp:term":[{"taxonomy":"product_brand","embeddable":true,"href":"https:\/\/www.follain.ie\/ga\/wp-json\/wp\/v2\/product_brand?post=3291"},{"taxonomy":"product_cat","embeddable":true,"href":"https:\/\/www.follain.ie\/ga\/wp-json\/wp\/v2\/product_cat?post=3291"},{"taxonomy":"product_tag","embeddable":true,"href":"https:\/\/www.follain.ie\/ga\/wp-json\/wp\/v2\/product_tag?post=3291"}],"curies":[{"name":"wp","href":"https:\/\/api.w.org\/{rel}","templated":true}]}}