{"id":3299,"date":"2023-05-09T14:29:17","date_gmt":"2023-05-09T13:29:17","guid":{"rendered":"https:\/\/www.follain.ie\/ga\/?post_type=product&#038;p=3299"},"modified":"2025-11-05T14:36:54","modified_gmt":"2025-11-05T14:36:54","slug":"caramal-licear-duachtar-gaolach","status":"publish","type":"product","link":"https:\/\/www.follain.ie\/ga\/product\/caramal-licear-duachtar-gaolach\/","title":{"rendered":"Caramal lic\u00e9ar d&#8217;uachtar Gaolach"},"content":{"rendered":"<p>T\u00e1 \u00e1r caramal d\u00e9anta le bainne comhdhl\u00faite<\/p>\n<p>Fanaile \u00f3\u00a0 an Madagascrach<\/p>\n<p>D\u00e1ta\u00ed<\/p>\n<p>Lic\u00e9ar d&#8217;uachtar Gaolach<\/p>\n<p>Sa phroca t\u00e1 360g<\/p>\n","protected":false},"excerpt":{"rendered":"<p>T\u00e1 an caramel seo oiri\u00fanach do m\u00f3r\u00e1n <span class=\"eid trg clickable\"><span class=\"diclick\">Milseoga.\u00a0<\/span><\/span><\/p>\n","protected":false},"featured_media":3300,"template":"","meta":{"_acf_changed":false},"product_brand":[],"product_cat":[343],"product_tag":[],"class_list":{"0":"post-3299","1":"product","2":"type-product","3":"status-publish","4":"has-post-thumbnail","6":"product_cat-milseog","8":"first","9":"instock","10":"purchasable","11":"product-type-variable"},"composite_virtual":false,"composite_layout":"","composite_add_to_cart_form_location":"","composite_editable_in_cart":false,"composite_sold_individually_context":"","composite_shop_price_calc":"","composite_components":[],"composite_scenarios":[],"acf":[],"yoast_head":"<!-- This site is optimized with the Yoast SEO plugin v27.2 - https:\/\/yoast.com\/product\/yoast-seo-wordpress\/ -->\n<title>Caramal lic\u00e9ar d&#039;uachtar Gaolach - Foll\u00e1in Irish<\/title>\n<meta name=\"description\" content=\"T\u00e1 an caramel seo oiri\u00fanach do m\u00f3r\u00e1n Milseoga.\u00a0\" \/>\n<meta name=\"robots\" content=\"index, follow, max-snippet:-1, max-image-preview:large, max-video-preview:-1\" \/>\n<link rel=\"canonical\" href=\"https:\/\/www.follain.ie\/ga\/product\/caramal-licear-duachtar-gaolach\/\" \/>\n<meta property=\"og:locale\" content=\"en_GB\" \/>\n<meta property=\"og:type\" content=\"article\" \/>\n<meta property=\"og:title\" content=\"Caramal lic\u00e9ar d&#039;uachtar Gaolach - Foll\u00e1in Irish\" \/>\n<meta property=\"og:description\" content=\"T\u00e1 an caramel seo oiri\u00fanach do m\u00f3r\u00e1n Milseoga.\u00a0\" \/>\n<meta property=\"og:url\" content=\"https:\/\/www.follain.ie\/ga\/product\/caramal-licear-duachtar-gaolach\/\" \/>\n<meta property=\"og:site_name\" content=\"Foll\u00e1in Irish\" \/>\n<meta property=\"article:modified_time\" content=\"2025-11-05T14:36:54+00:00\" \/>\n<meta property=\"og:image\" content=\"https:\/\/www.follain.ie\/ga\/wp-content\/uploads\/sites\/3\/2023\/04\/admin-ajax.png\" \/>\n\t<meta property=\"og:image:width\" content=\"371\" \/>\n\t<meta property=\"og:image:height\" content=\"400\" \/>\n\t<meta property=\"og:image:type\" content=\"image\/png\" \/>\n<meta name=\"twitter:card\" content=\"summary_large_image\" \/>\n<meta name=\"twitter:label1\" content=\"Estimated reading time\" \/>\n\t<meta name=\"twitter:data1\" content=\"1 minute\" \/>\n<!-- \/ Yoast SEO plugin. -->","yoast_head_json":{"title":"Caramal lic\u00e9ar d'uachtar Gaolach - Foll\u00e1in Irish","description":"T\u00e1 an caramel seo oiri\u00fanach do m\u00f3r\u00e1n Milseoga.\u00a0","robots":{"index":"index","follow":"follow","max-snippet":"max-snippet:-1","max-image-preview":"max-image-preview:large","max-video-preview":"max-video-preview:-1"},"canonical":"https:\/\/www.follain.ie\/ga\/product\/caramal-licear-duachtar-gaolach\/","og_locale":"en_GB","og_type":"article","og_title":"Caramal lic\u00e9ar d'uachtar Gaolach - Foll\u00e1in Irish","og_description":"T\u00e1 an caramel seo oiri\u00fanach do m\u00f3r\u00e1n Milseoga.\u00a0","og_url":"https:\/\/www.follain.ie\/ga\/product\/caramal-licear-duachtar-gaolach\/","og_site_name":"Foll\u00e1in Irish","article_modified_time":"2025-11-05T14:36:54+00:00","og_image":[{"width":371,"height":400,"url":"https:\/\/www.follain.ie\/ga\/wp-content\/uploads\/sites\/3\/2023\/04\/admin-ajax.png","type":"image\/png"}],"twitter_card":"summary_large_image","twitter_misc":{"Estimated reading time":"1 minute"},"schema":{"@context":"https:\/\/schema.org","@graph":[{"@type":"WebPage","@id":"https:\/\/www.follain.ie\/ga\/product\/caramal-licear-duachtar-gaolach\/","url":"https:\/\/www.follain.ie\/ga\/product\/caramal-licear-duachtar-gaolach\/","name":"Caramal lic\u00e9ar d'uachtar Gaolach - Foll\u00e1in Irish","isPartOf":{"@id":"https:\/\/www.follain.ie\/ga\/#website"},"primaryImageOfPage":{"@id":"https:\/\/www.follain.ie\/ga\/product\/caramal-licear-duachtar-gaolach\/#primaryimage"},"image":{"@id":"https:\/\/www.follain.ie\/ga\/product\/caramal-licear-duachtar-gaolach\/#primaryimage"},"thumbnailUrl":"https:\/\/www.follain.ie\/ga\/wp-content\/uploads\/sites\/3\/2023\/04\/admin-ajax.png","datePublished":"2023-05-09T13:29:17+00:00","dateModified":"2025-11-05T14:36:54+00:00","description":"T\u00e1 an caramel seo oiri\u00fanach do m\u00f3r\u00e1n Milseoga.\u00a0","breadcrumb":{"@id":"https:\/\/www.follain.ie\/ga\/product\/caramal-licear-duachtar-gaolach\/#breadcrumb"},"inLanguage":"en-GB","potentialAction":[{"@type":"ReadAction","target":["https:\/\/www.follain.ie\/ga\/product\/caramal-licear-duachtar-gaolach\/"]}]},{"@type":"ImageObject","inLanguage":"en-GB","@id":"https:\/\/www.follain.ie\/ga\/product\/caramal-licear-duachtar-gaolach\/#primaryimage","url":"https:\/\/www.follain.ie\/ga\/wp-content\/uploads\/sites\/3\/2023\/04\/admin-ajax.png","contentUrl":"https:\/\/www.follain.ie\/ga\/wp-content\/uploads\/sites\/3\/2023\/04\/admin-ajax.png","width":371,"height":400},{"@type":"BreadcrumbList","@id":"https:\/\/www.follain.ie\/ga\/product\/caramal-licear-duachtar-gaolach\/#breadcrumb","itemListElement":[{"@type":"ListItem","position":1,"name":"Baile","item":"https:\/\/www.follain.ie\/ga\/"},{"@type":"ListItem","position":2,"name":"Milseog","item":"https:\/\/www.follain.ie\/ga\/product-category\/milseog\/"},{"@type":"ListItem","position":3,"name":"Caramal lic\u00e9ar d&#8217;uachtar Gaolach"}]},{"@type":"WebSite","@id":"https:\/\/www.follain.ie\/ga\/#website","url":"https:\/\/www.follain.ie\/ga\/","name":"Foll\u00e1in Irish","description":"We love sharing our passion for good food and eating well through our dedication to making delicious preserves","potentialAction":[{"@type":"SearchAction","target":{"@type":"EntryPoint","urlTemplate":"https:\/\/www.follain.ie\/ga\/?s={search_term_string}"},"query-input":{"@type":"PropertyValueSpecification","valueRequired":true,"valueName":"search_term_string"}}],"inLanguage":"en-GB"}]}},"_links":{"self":[{"href":"https:\/\/www.follain.ie\/ga\/wp-json\/wp\/v2\/product\/3299","targetHints":{"allow":["GET"]}}],"collection":[{"href":"https:\/\/www.follain.ie\/ga\/wp-json\/wp\/v2\/product"}],"about":[{"href":"https:\/\/www.follain.ie\/ga\/wp-json\/wp\/v2\/types\/product"}],"wp:featuredmedia":[{"embeddable":true,"href":"https:\/\/www.follain.ie\/ga\/wp-json\/wp\/v2\/media\/3300"}],"wp:attachment":[{"href":"https:\/\/www.follain.ie\/ga\/wp-json\/wp\/v2\/media?parent=3299"}],"wp:term":[{"taxonomy":"product_brand","embeddable":true,"href":"https:\/\/www.follain.ie\/ga\/wp-json\/wp\/v2\/product_brand?post=3299"},{"taxonomy":"product_cat","embeddable":true,"href":"https:\/\/www.follain.ie\/ga\/wp-json\/wp\/v2\/product_cat?post=3299"},{"taxonomy":"product_tag","embeddable":true,"href":"https:\/\/www.follain.ie\/ga\/wp-json\/wp\/v2\/product_tag?post=3299"}],"curies":[{"name":"wp","href":"https:\/\/api.w.org\/{rel}","templated":true}]}}