{"id":3366,"date":"2023-09-11T15:00:31","date_gmt":"2023-09-11T14:00:31","guid":{"rendered":"https:\/\/www.follain.ie\/ga\/?post_type=product&#038;p=3366"},"modified":"2026-04-28T15:20:38","modified_gmt":"2026-04-28T14:20:38","slug":"subh-tratai-agus-cilli","status":"publish","type":"product","link":"https:\/\/www.follain.ie\/ga\/product\/subh-tratai-agus-cilli\/","title":{"rendered":"Subh Tr\u00e1ta\u00ed &amp; cill\u00ed"},"content":{"rendered":"<p>\u00c1r subh trata\u00ed le cill\u00ed.<\/p>\n<p>Is feidir an tairge seo a chuir le m\u00f3r\u00e1n beil\u00ed &#8211; \u00f3 mhaidin i rith bricfeasta n\u00fa d\u00e9anach sa tr\u00e1thn\u00f3na le c\u00e1is.<\/p>\n<p>Cuir le beil\u00ed eile \u00e9 cos\u00fail le stobhach chun cic deas an cill\u00ed a chuir leis.<\/p>\n<p>Sa phroca 350g<\/p>\n","protected":false},"excerpt":{"rendered":"<p>Cic deas an cill\u00ed le gach saghas b\u00e9ile.<\/p>\n<p>&nbsp;<\/p>\n","protected":false},"featured_media":3367,"template":"","meta":{"_acf_changed":false},"product_brand":[],"product_cat":[43,37,41],"product_tag":[],"class_list":{"0":"post-3366","1":"product","2":"type-product","3":"status-publish","4":"has-post-thumbnail","6":"product_cat-anlainn","7":"product_cat-traditional-recipe","8":"product_cat-jams","10":"first","11":"instock","12":"purchasable","13":"product-type-variable"},"composite_virtual":false,"composite_layout":"","composite_add_to_cart_form_location":"","composite_editable_in_cart":false,"composite_sold_individually_context":"","composite_shop_price_calc":"","composite_components":[],"composite_scenarios":[],"acf":[],"yoast_head":"<!-- This site is optimized with the Yoast SEO plugin v27.4 - https:\/\/yoast.com\/product\/yoast-seo-wordpress\/ -->\n<title>Subh Tr\u00e1ta\u00ed &amp; cill\u00ed - Foll\u00e1in Irish<\/title>\n<meta name=\"description\" content=\"Cic deas an cill\u00ed le gach saghas b\u00e9ile.  &nbsp;\" \/>\n<meta name=\"robots\" content=\"index, follow, max-snippet:-1, max-image-preview:large, max-video-preview:-1\" \/>\n<link rel=\"canonical\" href=\"https:\/\/www.follain.ie\/ga\/product\/subh-tratai-agus-cilli\/\" \/>\n<meta property=\"og:locale\" content=\"en_GB\" \/>\n<meta property=\"og:type\" content=\"article\" \/>\n<meta property=\"og:title\" content=\"Subh Tr\u00e1ta\u00ed &amp; cill\u00ed - Foll\u00e1in Irish\" \/>\n<meta property=\"og:description\" content=\"Cic deas an cill\u00ed le gach saghas b\u00e9ile.  &nbsp;\" \/>\n<meta property=\"og:url\" content=\"https:\/\/www.follain.ie\/ga\/product\/subh-tratai-agus-cilli\/\" \/>\n<meta property=\"og:site_name\" content=\"Foll\u00e1in Irish\" \/>\n<meta property=\"article:modified_time\" content=\"2026-04-28T14:20:38+00:00\" \/>\n<meta property=\"og:image\" content=\"https:\/\/www.follain.ie\/ga\/wp-content\/uploads\/sites\/3\/2023\/05\/Tomoto-Chilli.png\" \/>\n\t<meta property=\"og:image:width\" content=\"884\" \/>\n\t<meta property=\"og:image:height\" content=\"1000\" \/>\n\t<meta property=\"og:image:type\" content=\"image\/png\" \/>\n<meta name=\"twitter:card\" content=\"summary_large_image\" \/>\n<meta name=\"twitter:label1\" content=\"Estimated reading time\" \/>\n\t<meta name=\"twitter:data1\" content=\"1 minute\" \/>\n<!-- \/ Yoast SEO plugin. -->","yoast_head_json":{"title":"Subh Tr\u00e1ta\u00ed &amp; cill\u00ed - Foll\u00e1in Irish","description":"Cic deas an cill\u00ed le gach saghas b\u00e9ile.  &nbsp;","robots":{"index":"index","follow":"follow","max-snippet":"max-snippet:-1","max-image-preview":"max-image-preview:large","max-video-preview":"max-video-preview:-1"},"canonical":"https:\/\/www.follain.ie\/ga\/product\/subh-tratai-agus-cilli\/","og_locale":"en_GB","og_type":"article","og_title":"Subh Tr\u00e1ta\u00ed &amp; cill\u00ed - Foll\u00e1in Irish","og_description":"Cic deas an cill\u00ed le gach saghas b\u00e9ile.  &nbsp;","og_url":"https:\/\/www.follain.ie\/ga\/product\/subh-tratai-agus-cilli\/","og_site_name":"Foll\u00e1in Irish","article_modified_time":"2026-04-28T14:20:38+00:00","og_image":[{"width":884,"height":1000,"url":"https:\/\/www.follain.ie\/ga\/wp-content\/uploads\/sites\/3\/2023\/05\/Tomoto-Chilli.png","type":"image\/png"}],"twitter_card":"summary_large_image","twitter_misc":{"Estimated reading time":"1 minute"},"schema":{"@context":"https:\/\/schema.org","@graph":[{"@type":"WebPage","@id":"https:\/\/www.follain.ie\/ga\/product\/subh-tratai-agus-cilli\/","url":"https:\/\/www.follain.ie\/ga\/product\/subh-tratai-agus-cilli\/","name":"Subh Tr\u00e1ta\u00ed &amp; cill\u00ed - Foll\u00e1in Irish","isPartOf":{"@id":"https:\/\/www.follain.ie\/ga\/#website"},"primaryImageOfPage":{"@id":"https:\/\/www.follain.ie\/ga\/product\/subh-tratai-agus-cilli\/#primaryimage"},"image":{"@id":"https:\/\/www.follain.ie\/ga\/product\/subh-tratai-agus-cilli\/#primaryimage"},"thumbnailUrl":"https:\/\/www.follain.ie\/ga\/wp-content\/uploads\/sites\/3\/2023\/05\/Tomoto-Chilli.png","datePublished":"2023-09-11T14:00:31+00:00","dateModified":"2026-04-28T14:20:38+00:00","description":"Cic deas an cill\u00ed le gach saghas b\u00e9ile. &nbsp;","breadcrumb":{"@id":"https:\/\/www.follain.ie\/ga\/product\/subh-tratai-agus-cilli\/#breadcrumb"},"inLanguage":"en-GB","potentialAction":[{"@type":"ReadAction","target":["https:\/\/www.follain.ie\/ga\/product\/subh-tratai-agus-cilli\/"]}]},{"@type":"ImageObject","inLanguage":"en-GB","@id":"https:\/\/www.follain.ie\/ga\/product\/subh-tratai-agus-cilli\/#primaryimage","url":"https:\/\/www.follain.ie\/ga\/wp-content\/uploads\/sites\/3\/2023\/05\/Tomoto-Chilli.png","contentUrl":"https:\/\/www.follain.ie\/ga\/wp-content\/uploads\/sites\/3\/2023\/05\/Tomoto-Chilli.png","width":884,"height":1000,"caption":"Trata\u00ed agus Cill\u00ed"},{"@type":"BreadcrumbList","@id":"https:\/\/www.follain.ie\/ga\/product\/subh-tratai-agus-cilli\/#breadcrumb","itemListElement":[{"@type":"ListItem","position":1,"name":"Baile","item":"https:\/\/www.follain.ie\/ga\/"},{"@type":"ListItem","position":2,"name":"Anlainn","item":"https:\/\/www.follain.ie\/ga\/catag%C3%B3ir-t%C3%A1irg%C3%AD\/anlainn\/"},{"@type":"ListItem","position":3,"name":"Subh Tr\u00e1ta\u00ed &amp; cill\u00ed"}]},{"@type":"WebSite","@id":"https:\/\/www.follain.ie\/ga\/#website","url":"https:\/\/www.follain.ie\/ga\/","name":"Foll\u00e1in Irish","description":"We love sharing our passion for good food and eating well through our dedication to making delicious preserves","potentialAction":[{"@type":"SearchAction","target":{"@type":"EntryPoint","urlTemplate":"https:\/\/www.follain.ie\/ga\/?s={search_term_string}"},"query-input":{"@type":"PropertyValueSpecification","valueRequired":true,"valueName":"search_term_string"}}],"inLanguage":"en-GB"}]}},"_links":{"self":[{"href":"https:\/\/www.follain.ie\/ga\/wp-json\/wp\/v2\/product\/3366","targetHints":{"allow":["GET"]}}],"collection":[{"href":"https:\/\/www.follain.ie\/ga\/wp-json\/wp\/v2\/product"}],"about":[{"href":"https:\/\/www.follain.ie\/ga\/wp-json\/wp\/v2\/types\/product"}],"wp:featuredmedia":[{"embeddable":true,"href":"https:\/\/www.follain.ie\/ga\/wp-json\/wp\/v2\/media\/3367"}],"wp:attachment":[{"href":"https:\/\/www.follain.ie\/ga\/wp-json\/wp\/v2\/media?parent=3366"}],"wp:term":[{"taxonomy":"product_brand","embeddable":true,"href":"https:\/\/www.follain.ie\/ga\/wp-json\/wp\/v2\/product_brand?post=3366"},{"taxonomy":"product_cat","embeddable":true,"href":"https:\/\/www.follain.ie\/ga\/wp-json\/wp\/v2\/product_cat?post=3366"},{"taxonomy":"product_tag","embeddable":true,"href":"https:\/\/www.follain.ie\/ga\/wp-json\/wp\/v2\/product_tag?post=3366"}],"curies":[{"name":"wp","href":"https:\/\/api.w.org\/{rel}","templated":true}]}}