{"id":3484,"date":"2024-04-18T10:05:28","date_gmt":"2024-04-18T09:05:28","guid":{"rendered":"https:\/\/www.follain.ie\/ga\/?post_type=product&#038;p=3484"},"modified":"2026-02-03T15:48:20","modified_gmt":"2026-02-03T15:48:20","slug":"bosca-casca","status":"publish","type":"product","link":"https:\/\/www.follain.ie\/ga\/product\/bosca-casca\/","title":{"rendered":"Bosca C\u00e1sca"},"content":{"rendered":"<p>Is am don chlann \u00ed an Ch\u00e1isce. Bosca bre\u00e1 anseo l\u00e1n do tairg\u00ed dos na b\u00e1ic\u00e9ir\u00ed sa chlann.<\/p>\n","protected":false},"excerpt":{"rendered":"<p>Is am don chlann \u00ed an Ch\u00e1isce. Bosca bre\u00e1 anseo l\u00e1n do tairg\u00ed dos na b\u00e1ic\u00e9ir\u00ed sa chlann.<\/p>\n","protected":false},"featured_media":3504,"template":"","meta":{"_acf_changed":false},"product_brand":[],"product_cat":[140,53],"product_tag":[],"class_list":{"0":"post-3484","1":"product","2":"type-product","3":"status-publish","4":"has-post-thumbnail","6":"product_cat-box-of-4","7":"product_cat-gift-box","9":"first","10":"outofstock","11":"product-type-simple"},"composite_virtual":false,"composite_layout":"","composite_add_to_cart_form_location":"","composite_editable_in_cart":false,"composite_sold_individually_context":"","composite_shop_price_calc":"","composite_components":[],"composite_scenarios":[],"acf":[],"yoast_head":"<!-- This site is optimized with the Yoast SEO plugin v27.2 - https:\/\/yoast.com\/product\/yoast-seo-wordpress\/ -->\n<title>Bosca C\u00e1sca - Foll\u00e1in Irish<\/title>\n<meta name=\"description\" content=\"Is am don chlann \u00ed an Ch\u00e1isce. Bosca bre\u00e1 anseo l\u00e1n do tairg\u00ed dos na b\u00e1ic\u00e9ir\u00ed sa chlann.\" \/>\n<meta name=\"robots\" content=\"index, follow, max-snippet:-1, max-image-preview:large, max-video-preview:-1\" \/>\n<link rel=\"canonical\" href=\"https:\/\/www.follain.ie\/ga\/product\/bosca-casca\/\" \/>\n<meta property=\"og:locale\" content=\"en_GB\" \/>\n<meta property=\"og:type\" content=\"article\" \/>\n<meta property=\"og:title\" content=\"Bosca C\u00e1sca - Foll\u00e1in Irish\" \/>\n<meta property=\"og:description\" content=\"Is am don chlann \u00ed an Ch\u00e1isce. Bosca bre\u00e1 anseo l\u00e1n do tairg\u00ed dos na b\u00e1ic\u00e9ir\u00ed sa chlann.\" \/>\n<meta property=\"og:url\" content=\"https:\/\/www.follain.ie\/ga\/product\/bosca-casca\/\" \/>\n<meta property=\"og:site_name\" content=\"Foll\u00e1in Irish\" \/>\n<meta property=\"article:modified_time\" content=\"2026-02-03T15:48:20+00:00\" \/>\n<meta property=\"og:image\" content=\"https:\/\/www.follain.ie\/ga\/wp-content\/uploads\/sites\/3\/2024\/03\/Bosca-Casca-3d.png\" \/>\n\t<meta property=\"og:image:width\" content=\"1703\" \/>\n\t<meta property=\"og:image:height\" content=\"2025\" \/>\n\t<meta property=\"og:image:type\" content=\"image\/png\" \/>\n<meta name=\"twitter:card\" content=\"summary_large_image\" \/>\n<meta name=\"twitter:label1\" content=\"Estimated reading time\" \/>\n\t<meta name=\"twitter:data1\" content=\"1 minute\" \/>\n<!-- \/ Yoast SEO plugin. -->","yoast_head_json":{"title":"Bosca C\u00e1sca - Foll\u00e1in Irish","description":"Is am don chlann \u00ed an Ch\u00e1isce. Bosca bre\u00e1 anseo l\u00e1n do tairg\u00ed dos na b\u00e1ic\u00e9ir\u00ed sa chlann.","robots":{"index":"index","follow":"follow","max-snippet":"max-snippet:-1","max-image-preview":"max-image-preview:large","max-video-preview":"max-video-preview:-1"},"canonical":"https:\/\/www.follain.ie\/ga\/product\/bosca-casca\/","og_locale":"en_GB","og_type":"article","og_title":"Bosca C\u00e1sca - Foll\u00e1in Irish","og_description":"Is am don chlann \u00ed an Ch\u00e1isce. Bosca bre\u00e1 anseo l\u00e1n do tairg\u00ed dos na b\u00e1ic\u00e9ir\u00ed sa chlann.","og_url":"https:\/\/www.follain.ie\/ga\/product\/bosca-casca\/","og_site_name":"Foll\u00e1in Irish","article_modified_time":"2026-02-03T15:48:20+00:00","og_image":[{"width":1703,"height":2025,"url":"https:\/\/www.follain.ie\/ga\/wp-content\/uploads\/sites\/3\/2024\/03\/Bosca-Casca-3d.png","type":"image\/png"}],"twitter_card":"summary_large_image","twitter_misc":{"Estimated reading time":"1 minute"},"schema":{"@context":"https:\/\/schema.org","@graph":[{"@type":"WebPage","@id":"https:\/\/www.follain.ie\/ga\/product\/bosca-casca\/","url":"https:\/\/www.follain.ie\/ga\/product\/bosca-casca\/","name":"Bosca C\u00e1sca - Foll\u00e1in Irish","isPartOf":{"@id":"https:\/\/www.follain.ie\/ga\/#website"},"primaryImageOfPage":{"@id":"https:\/\/www.follain.ie\/ga\/product\/bosca-casca\/#primaryimage"},"image":{"@id":"https:\/\/www.follain.ie\/ga\/product\/bosca-casca\/#primaryimage"},"thumbnailUrl":"https:\/\/www.follain.ie\/ga\/wp-content\/uploads\/sites\/3\/2024\/03\/Bosca-Casca-3d.png","datePublished":"2024-04-18T09:05:28+00:00","dateModified":"2026-02-03T15:48:20+00:00","description":"Is am don chlann \u00ed an Ch\u00e1isce. Bosca bre\u00e1 anseo l\u00e1n do tairg\u00ed dos na b\u00e1ic\u00e9ir\u00ed sa chlann.","breadcrumb":{"@id":"https:\/\/www.follain.ie\/ga\/product\/bosca-casca\/#breadcrumb"},"inLanguage":"en-GB","potentialAction":[{"@type":"ReadAction","target":["https:\/\/www.follain.ie\/ga\/product\/bosca-casca\/"]}]},{"@type":"ImageObject","inLanguage":"en-GB","@id":"https:\/\/www.follain.ie\/ga\/product\/bosca-casca\/#primaryimage","url":"https:\/\/www.follain.ie\/ga\/wp-content\/uploads\/sites\/3\/2024\/03\/Bosca-Casca-3d.png","contentUrl":"https:\/\/www.follain.ie\/ga\/wp-content\/uploads\/sites\/3\/2024\/03\/Bosca-Casca-3d.png","width":1703,"height":2025},{"@type":"BreadcrumbList","@id":"https:\/\/www.follain.ie\/ga\/product\/bosca-casca\/#breadcrumb","itemListElement":[{"@type":"ListItem","position":1,"name":"Baile","item":"https:\/\/www.follain.ie\/ga\/"},{"@type":"ListItem","position":2,"name":"F\u00e9ir\u00edn\u00ed","item":"https:\/\/www.follain.ie\/ga\/catag%C3%B3ir-t%C3%A1irg%C3%AD\/gift-box\/"},{"@type":"ListItem","position":3,"name":"Bosca do 4","item":"https:\/\/www.follain.ie\/ga\/catag%C3%B3ir-t%C3%A1irg%C3%AD\/gift-box\/box-of-4\/"},{"@type":"ListItem","position":4,"name":"Bosca C\u00e1sca"}]},{"@type":"WebSite","@id":"https:\/\/www.follain.ie\/ga\/#website","url":"https:\/\/www.follain.ie\/ga\/","name":"Foll\u00e1in Irish","description":"We love sharing our passion for good food and eating well through our dedication to making delicious preserves","potentialAction":[{"@type":"SearchAction","target":{"@type":"EntryPoint","urlTemplate":"https:\/\/www.follain.ie\/ga\/?s={search_term_string}"},"query-input":{"@type":"PropertyValueSpecification","valueRequired":true,"valueName":"search_term_string"}}],"inLanguage":"en-GB"}]}},"_links":{"self":[{"href":"https:\/\/www.follain.ie\/ga\/wp-json\/wp\/v2\/product\/3484","targetHints":{"allow":["GET"]}}],"collection":[{"href":"https:\/\/www.follain.ie\/ga\/wp-json\/wp\/v2\/product"}],"about":[{"href":"https:\/\/www.follain.ie\/ga\/wp-json\/wp\/v2\/types\/product"}],"wp:featuredmedia":[{"embeddable":true,"href":"https:\/\/www.follain.ie\/ga\/wp-json\/wp\/v2\/media\/3504"}],"wp:attachment":[{"href":"https:\/\/www.follain.ie\/ga\/wp-json\/wp\/v2\/media?parent=3484"}],"wp:term":[{"taxonomy":"product_brand","embeddable":true,"href":"https:\/\/www.follain.ie\/ga\/wp-json\/wp\/v2\/product_brand?post=3484"},{"taxonomy":"product_cat","embeddable":true,"href":"https:\/\/www.follain.ie\/ga\/wp-json\/wp\/v2\/product_cat?post=3484"},{"taxonomy":"product_tag","embeddable":true,"href":"https:\/\/www.follain.ie\/ga\/wp-json\/wp\/v2\/product_tag?post=3484"}],"curies":[{"name":"wp","href":"https:\/\/api.w.org\/{rel}","templated":true}]}}