{"id":3572,"date":"2024-04-25T10:43:56","date_gmt":"2024-04-25T09:43:56","guid":{"rendered":"https:\/\/www.follain.ie\/ga\/?post_type=product&#038;p=3572"},"modified":"2026-04-30T15:11:52","modified_gmt":"2026-04-30T14:11:52","slug":"orange-tote-bag","status":"publish","type":"product","link":"https:\/\/www.follain.ie\/ga\/product\/orange-tote-bag\/","title":{"rendered":"Mala tote Or\u00e1iste"},"content":{"rendered":"<p>Mala canbh\u00e1s cad\u00e1s 18unsa<\/p>\n","protected":false},"excerpt":{"rendered":"<p>Mala canbh\u00e1s cad\u00e1s 18unsa<\/p>\n","protected":false},"featured_media":3553,"template":"","meta":{"_acf_changed":false},"product_brand":[],"product_cat":[295],"product_tag":[],"class_list":{"0":"post-3572","1":"product","2":"type-product","3":"status-publish","4":"has-post-thumbnail","6":"product_cat-add-ons","8":"first","9":"instock","10":"taxable","11":"shipping-taxable","12":"purchasable","13":"product-type-variable"},"composite_virtual":false,"composite_layout":"","composite_add_to_cart_form_location":"","composite_editable_in_cart":false,"composite_sold_individually_context":"","composite_shop_price_calc":"","composite_components":[],"composite_scenarios":[],"acf":[],"yoast_head":"<!-- This site is optimized with the Yoast SEO plugin v27.4 - https:\/\/yoast.com\/product\/yoast-seo-wordpress\/ -->\n<title>Mala tote Or\u00e1iste - Foll\u00e1in Irish<\/title>\n<meta name=\"description\" content=\"Mala canbh\u00e1s cad\u00e1s 18unsa\" \/>\n<meta name=\"robots\" content=\"index, follow, max-snippet:-1, max-image-preview:large, max-video-preview:-1\" \/>\n<link rel=\"canonical\" href=\"https:\/\/www.follain.ie\/ga\/product\/orange-tote-bag\/\" \/>\n<meta property=\"og:locale\" content=\"en_GB\" \/>\n<meta property=\"og:type\" content=\"article\" \/>\n<meta property=\"og:title\" content=\"Mala tote Or\u00e1iste - Foll\u00e1in Irish\" \/>\n<meta property=\"og:description\" content=\"Mala canbh\u00e1s cad\u00e1s 18unsa\" \/>\n<meta property=\"og:url\" content=\"https:\/\/www.follain.ie\/ga\/product\/orange-tote-bag\/\" \/>\n<meta property=\"og:site_name\" content=\"Foll\u00e1in Irish\" \/>\n<meta property=\"article:modified_time\" content=\"2026-04-30T14:11:52+00:00\" \/>\n<meta property=\"og:image\" content=\"https:\/\/www.follain.ie\/ga\/wp-content\/uploads\/sites\/3\/2024\/04\/Follain-Bag-Mockups-New-1.png\" \/>\n\t<meta property=\"og:image:width\" content=\"1000\" \/>\n\t<meta property=\"og:image:height\" content=\"1500\" \/>\n\t<meta property=\"og:image:type\" content=\"image\/png\" \/>\n<meta name=\"twitter:card\" content=\"summary_large_image\" \/>\n<meta name=\"twitter:label1\" content=\"Estimated reading time\" \/>\n\t<meta name=\"twitter:data1\" content=\"1 minute\" \/>\n<!-- \/ Yoast SEO plugin. -->","yoast_head_json":{"title":"Mala tote Or\u00e1iste - Foll\u00e1in Irish","description":"Mala canbh\u00e1s cad\u00e1s 18unsa","robots":{"index":"index","follow":"follow","max-snippet":"max-snippet:-1","max-image-preview":"max-image-preview:large","max-video-preview":"max-video-preview:-1"},"canonical":"https:\/\/www.follain.ie\/ga\/product\/orange-tote-bag\/","og_locale":"en_GB","og_type":"article","og_title":"Mala tote Or\u00e1iste - Foll\u00e1in Irish","og_description":"Mala canbh\u00e1s cad\u00e1s 18unsa","og_url":"https:\/\/www.follain.ie\/ga\/product\/orange-tote-bag\/","og_site_name":"Foll\u00e1in Irish","article_modified_time":"2026-04-30T14:11:52+00:00","og_image":[{"width":1000,"height":1500,"url":"https:\/\/www.follain.ie\/ga\/wp-content\/uploads\/sites\/3\/2024\/04\/Follain-Bag-Mockups-New-1.png","type":"image\/png"}],"twitter_card":"summary_large_image","twitter_misc":{"Estimated reading time":"1 minute"},"schema":{"@context":"https:\/\/schema.org","@graph":[{"@type":"WebPage","@id":"https:\/\/www.follain.ie\/ga\/product\/orange-tote-bag\/","url":"https:\/\/www.follain.ie\/ga\/product\/orange-tote-bag\/","name":"Mala tote Or\u00e1iste - Foll\u00e1in Irish","isPartOf":{"@id":"https:\/\/www.follain.ie\/ga\/#website"},"primaryImageOfPage":{"@id":"https:\/\/www.follain.ie\/ga\/product\/orange-tote-bag\/#primaryimage"},"image":{"@id":"https:\/\/www.follain.ie\/ga\/product\/orange-tote-bag\/#primaryimage"},"thumbnailUrl":"https:\/\/www.follain.ie\/ga\/wp-content\/uploads\/sites\/3\/2024\/04\/Follain-Bag-Mockups-New-1.png","datePublished":"2024-04-25T09:43:56+00:00","dateModified":"2026-04-30T14:11:52+00:00","description":"Mala canbh\u00e1s cad\u00e1s 18unsa","breadcrumb":{"@id":"https:\/\/www.follain.ie\/ga\/product\/orange-tote-bag\/#breadcrumb"},"inLanguage":"en-GB","potentialAction":[{"@type":"ReadAction","target":["https:\/\/www.follain.ie\/ga\/product\/orange-tote-bag\/"]}]},{"@type":"ImageObject","inLanguage":"en-GB","@id":"https:\/\/www.follain.ie\/ga\/product\/orange-tote-bag\/#primaryimage","url":"https:\/\/www.follain.ie\/ga\/wp-content\/uploads\/sites\/3\/2024\/04\/Follain-Bag-Mockups-New-1.png","contentUrl":"https:\/\/www.follain.ie\/ga\/wp-content\/uploads\/sites\/3\/2024\/04\/Follain-Bag-Mockups-New-1.png","width":1000,"height":1500},{"@type":"BreadcrumbList","@id":"https:\/\/www.follain.ie\/ga\/product\/orange-tote-bag\/#breadcrumb","itemListElement":[{"@type":"ListItem","position":1,"name":"Baile","item":"https:\/\/www.follain.ie\/ga\/"},{"@type":"ListItem","position":2,"name":"Add ons","item":"https:\/\/www.follain.ie\/ga\/product-category\/add-ons\/"},{"@type":"ListItem","position":3,"name":"Mala tote Or\u00e1iste"}]},{"@type":"WebSite","@id":"https:\/\/www.follain.ie\/ga\/#website","url":"https:\/\/www.follain.ie\/ga\/","name":"Foll\u00e1in Irish","description":"We love sharing our passion for good food and eating well through our dedication to making delicious preserves","potentialAction":[{"@type":"SearchAction","target":{"@type":"EntryPoint","urlTemplate":"https:\/\/www.follain.ie\/ga\/?s={search_term_string}"},"query-input":{"@type":"PropertyValueSpecification","valueRequired":true,"valueName":"search_term_string"}}],"inLanguage":"en-GB"}]}},"_links":{"self":[{"href":"https:\/\/www.follain.ie\/ga\/wp-json\/wp\/v2\/product\/3572","targetHints":{"allow":["GET"]}}],"collection":[{"href":"https:\/\/www.follain.ie\/ga\/wp-json\/wp\/v2\/product"}],"about":[{"href":"https:\/\/www.follain.ie\/ga\/wp-json\/wp\/v2\/types\/product"}],"wp:featuredmedia":[{"embeddable":true,"href":"https:\/\/www.follain.ie\/ga\/wp-json\/wp\/v2\/media\/3553"}],"wp:attachment":[{"href":"https:\/\/www.follain.ie\/ga\/wp-json\/wp\/v2\/media?parent=3572"}],"wp:term":[{"taxonomy":"product_brand","embeddable":true,"href":"https:\/\/www.follain.ie\/ga\/wp-json\/wp\/v2\/product_brand?post=3572"},{"taxonomy":"product_cat","embeddable":true,"href":"https:\/\/www.follain.ie\/ga\/wp-json\/wp\/v2\/product_cat?post=3572"},{"taxonomy":"product_tag","embeddable":true,"href":"https:\/\/www.follain.ie\/ga\/wp-json\/wp\/v2\/product_tag?post=3572"}],"curies":[{"name":"wp","href":"https:\/\/api.w.org\/{rel}","templated":true}]}}