{"id":3591,"date":"2025-11-05T12:31:15","date_gmt":"2025-11-05T12:31:15","guid":{"rendered":"https:\/\/www.follain.ie\/ga\/?post_type=product&#038;p=3591"},"modified":"2026-04-30T15:15:51","modified_gmt":"2026-04-30T14:15:51","slug":"bailiuchan-blaiseadh","status":"publish","type":"product","link":"https:\/\/www.follain.ie\/ga\/product\/bailiuchan-blaiseadh\/","title":{"rendered":"Baili\u00fach\u00e1n blaiseadh anlann goinbhlasta"},"content":{"rendered":"<p>T\u00e1 tr\u00ed cinn d\u00e1r mblasanna anlann goinbhlasta agus subh tortha\u00ed is fearr linn roghnaithe againn chun cur le do chl\u00e1r c\u00e1ise<\/p>\n<p>Sna pr\u00f3ca\u00ed: 3 x 190g-200g<\/p>\n","protected":false},"excerpt":{"rendered":"<p>T\u00e1 tr\u00ed cinn d\u00e1r mblasanna anlann goinbhlasta agus subh tortha\u00ed is fearr linn roghnaithe againn chun cur le do chl\u00e1r c\u00e1ise Sna pr\u00f3ca\u00ed: 3 x 190g-200g<\/p>\n","protected":false},"featured_media":5326,"template":"","meta":{"_acf_changed":false},"product_brand":[],"product_cat":[53,345],"product_tag":[],"class_list":{"0":"post-3591","1":"product","2":"type-product","3":"status-publish","4":"has-post-thumbnail","6":"product_cat-gift-box","7":"product_cat-seasurach","9":"first","10":"outofstock","11":"purchasable","12":"product-type-simple"},"composite_virtual":false,"composite_layout":"","composite_add_to_cart_form_location":"","composite_editable_in_cart":false,"composite_sold_individually_context":"","composite_shop_price_calc":"","composite_components":[],"composite_scenarios":[],"acf":[],"yoast_head":"<!-- This site is optimized with the Yoast SEO plugin v27.4 - https:\/\/yoast.com\/product\/yoast-seo-wordpress\/ -->\n<title>Baili\u00fach\u00e1n blaiseadh anlann goinbhlasta - Foll\u00e1in Irish<\/title>\n<meta name=\"description\" content=\"T\u00e1 tr\u00ed cinn d\u00e1r mblasanna anlann goinbhlasta agus subh tortha\u00ed is fearr linn roghnaithe againn chun cur le do chl\u00e1r c\u00e1ise  Sna pr\u00f3ca\u00ed: 3 x 190g-200g\" \/>\n<meta name=\"robots\" content=\"index, follow, max-snippet:-1, max-image-preview:large, max-video-preview:-1\" \/>\n<link rel=\"canonical\" href=\"https:\/\/www.follain.ie\/ga\/product\/bailiuchan-blaiseadh\/\" \/>\n<meta property=\"og:locale\" content=\"en_GB\" \/>\n<meta property=\"og:type\" content=\"article\" \/>\n<meta property=\"og:title\" content=\"Baili\u00fach\u00e1n blaiseadh anlann goinbhlasta - Foll\u00e1in Irish\" \/>\n<meta property=\"og:description\" content=\"T\u00e1 tr\u00ed cinn d\u00e1r mblasanna anlann goinbhlasta agus subh tortha\u00ed is fearr linn roghnaithe againn chun cur le do chl\u00e1r c\u00e1ise  Sna pr\u00f3ca\u00ed: 3 x 190g-200g\" \/>\n<meta property=\"og:url\" content=\"https:\/\/www.follain.ie\/ga\/product\/bailiuchan-blaiseadh\/\" \/>\n<meta property=\"og:site_name\" content=\"Foll\u00e1in Irish\" \/>\n<meta property=\"article:modified_time\" content=\"2026-04-30T14:15:51+00:00\" \/>\n<meta property=\"og:image\" content=\"https:\/\/www.follain.ie\/ga\/wp-content\/uploads\/sites\/3\/2025\/11\/Trio-Cheese-Preserve-2-White-Camera-2-1.png\" \/>\n\t<meta property=\"og:image:width\" content=\"1800\" \/>\n\t<meta property=\"og:image:height\" content=\"1200\" \/>\n\t<meta property=\"og:image:type\" content=\"image\/png\" \/>\n<meta name=\"twitter:card\" content=\"summary_large_image\" \/>\n<meta name=\"twitter:label1\" content=\"Estimated reading time\" \/>\n\t<meta name=\"twitter:data1\" content=\"1 minute\" \/>\n<!-- \/ Yoast SEO plugin. -->","yoast_head_json":{"title":"Baili\u00fach\u00e1n blaiseadh anlann goinbhlasta - Foll\u00e1in Irish","description":"T\u00e1 tr\u00ed cinn d\u00e1r mblasanna anlann goinbhlasta agus subh tortha\u00ed is fearr linn roghnaithe againn chun cur le do chl\u00e1r c\u00e1ise  Sna pr\u00f3ca\u00ed: 3 x 190g-200g","robots":{"index":"index","follow":"follow","max-snippet":"max-snippet:-1","max-image-preview":"max-image-preview:large","max-video-preview":"max-video-preview:-1"},"canonical":"https:\/\/www.follain.ie\/ga\/product\/bailiuchan-blaiseadh\/","og_locale":"en_GB","og_type":"article","og_title":"Baili\u00fach\u00e1n blaiseadh anlann goinbhlasta - Foll\u00e1in Irish","og_description":"T\u00e1 tr\u00ed cinn d\u00e1r mblasanna anlann goinbhlasta agus subh tortha\u00ed is fearr linn roghnaithe againn chun cur le do chl\u00e1r c\u00e1ise  Sna pr\u00f3ca\u00ed: 3 x 190g-200g","og_url":"https:\/\/www.follain.ie\/ga\/product\/bailiuchan-blaiseadh\/","og_site_name":"Foll\u00e1in Irish","article_modified_time":"2026-04-30T14:15:51+00:00","og_image":[{"width":1800,"height":1200,"url":"https:\/\/www.follain.ie\/ga\/wp-content\/uploads\/sites\/3\/2025\/11\/Trio-Cheese-Preserve-2-White-Camera-2-1.png","type":"image\/png"}],"twitter_card":"summary_large_image","twitter_misc":{"Estimated reading time":"1 minute"},"schema":{"@context":"https:\/\/schema.org","@graph":[{"@type":"WebPage","@id":"https:\/\/www.follain.ie\/ga\/product\/bailiuchan-blaiseadh\/","url":"https:\/\/www.follain.ie\/ga\/product\/bailiuchan-blaiseadh\/","name":"Baili\u00fach\u00e1n blaiseadh anlann goinbhlasta - Foll\u00e1in Irish","isPartOf":{"@id":"https:\/\/www.follain.ie\/ga\/#website"},"primaryImageOfPage":{"@id":"https:\/\/www.follain.ie\/ga\/product\/bailiuchan-blaiseadh\/#primaryimage"},"image":{"@id":"https:\/\/www.follain.ie\/ga\/product\/bailiuchan-blaiseadh\/#primaryimage"},"thumbnailUrl":"https:\/\/www.follain.ie\/ga\/wp-content\/uploads\/sites\/3\/2025\/11\/Trio-Cheese-Preserve-2-White-Camera-2-1.png","datePublished":"2025-11-05T12:31:15+00:00","dateModified":"2026-04-30T14:15:51+00:00","description":"T\u00e1 tr\u00ed cinn d\u00e1r mblasanna anlann goinbhlasta agus subh tortha\u00ed is fearr linn roghnaithe againn chun cur le do chl\u00e1r c\u00e1ise Sna pr\u00f3ca\u00ed: 3 x 190g-200g","breadcrumb":{"@id":"https:\/\/www.follain.ie\/ga\/product\/bailiuchan-blaiseadh\/#breadcrumb"},"inLanguage":"en-GB","potentialAction":[{"@type":"ReadAction","target":["https:\/\/www.follain.ie\/ga\/product\/bailiuchan-blaiseadh\/"]}]},{"@type":"ImageObject","inLanguage":"en-GB","@id":"https:\/\/www.follain.ie\/ga\/product\/bailiuchan-blaiseadh\/#primaryimage","url":"https:\/\/www.follain.ie\/ga\/wp-content\/uploads\/sites\/3\/2025\/11\/Trio-Cheese-Preserve-2-White-Camera-2-1.png","contentUrl":"https:\/\/www.follain.ie\/ga\/wp-content\/uploads\/sites\/3\/2025\/11\/Trio-Cheese-Preserve-2-White-Camera-2-1.png","width":1800,"height":1200},{"@type":"BreadcrumbList","@id":"https:\/\/www.follain.ie\/ga\/product\/bailiuchan-blaiseadh\/#breadcrumb","itemListElement":[{"@type":"ListItem","position":1,"name":"Baile","item":"https:\/\/www.follain.ie\/ga\/"},{"@type":"ListItem","position":2,"name":"F\u00e9ir\u00edn\u00ed","item":"https:\/\/www.follain.ie\/ga\/catag%C3%B3ir-t%C3%A1irg%C3%AD\/gift-box\/"},{"@type":"ListItem","position":3,"name":"Baili\u00fach\u00e1n blaiseadh anlann goinbhlasta"}]},{"@type":"WebSite","@id":"https:\/\/www.follain.ie\/ga\/#website","url":"https:\/\/www.follain.ie\/ga\/","name":"Foll\u00e1in Irish","description":"We love sharing our passion for good food and eating well through our dedication to making delicious preserves","potentialAction":[{"@type":"SearchAction","target":{"@type":"EntryPoint","urlTemplate":"https:\/\/www.follain.ie\/ga\/?s={search_term_string}"},"query-input":{"@type":"PropertyValueSpecification","valueRequired":true,"valueName":"search_term_string"}}],"inLanguage":"en-GB"}]}},"_links":{"self":[{"href":"https:\/\/www.follain.ie\/ga\/wp-json\/wp\/v2\/product\/3591","targetHints":{"allow":["GET"]}}],"collection":[{"href":"https:\/\/www.follain.ie\/ga\/wp-json\/wp\/v2\/product"}],"about":[{"href":"https:\/\/www.follain.ie\/ga\/wp-json\/wp\/v2\/types\/product"}],"wp:featuredmedia":[{"embeddable":true,"href":"https:\/\/www.follain.ie\/ga\/wp-json\/wp\/v2\/media\/5326"}],"wp:attachment":[{"href":"https:\/\/www.follain.ie\/ga\/wp-json\/wp\/v2\/media?parent=3591"}],"wp:term":[{"taxonomy":"product_brand","embeddable":true,"href":"https:\/\/www.follain.ie\/ga\/wp-json\/wp\/v2\/product_brand?post=3591"},{"taxonomy":"product_cat","embeddable":true,"href":"https:\/\/www.follain.ie\/ga\/wp-json\/wp\/v2\/product_cat?post=3591"},{"taxonomy":"product_tag","embeddable":true,"href":"https:\/\/www.follain.ie\/ga\/wp-json\/wp\/v2\/product_tag?post=3591"}],"curies":[{"name":"wp","href":"https:\/\/api.w.org\/{rel}","templated":true}]}}