{"id":400,"date":"2021-02-25T13:13:27","date_gmt":"2021-02-25T13:13:27","guid":{"rendered":"https:\/\/follainprod.wpengine.com\/product\/nothing-but-fruit-white-peach-raspberry-preserve\/"},"modified":"2024-04-24T10:04:40","modified_gmt":"2024-04-24T09:04:40","slug":"nothing-but-fruit-white-peach-raspberry-preserve","status":"publish","type":"product","link":"https:\/\/www.follain.ie\/ga\/product\/nothing-but-fruit-white-peach-raspberry-preserve\/","title":{"rendered":"P\u00e9itseog B\u00e1n le S\u00fa-Chraobh"},"content":{"rendered":"<p class=\"p1\">Torth\u00ed c\u00famhra blasta &#8211; is milis an toradh an P\u00e9itseog b\u00e1n. Go h\u00e1llainn le s\u00fa-chraobh.<span class=\"Apple-converted-space\">\u00a0<\/span><\/p>\n<p>&nbsp;<\/p>\n<p>Sa Phr\u00f3ca: 340g<\/p>\n","protected":false},"excerpt":{"rendered":"<p class=\"p1\">Torth\u00ed c\u00famhra blasta &#8211; is milis an toradh an P\u00e9itseog b\u00e1n.<\/p>\n","protected":false},"featured_media":2036,"template":"","meta":{"_acf_changed":false},"product_brand":[],"product_cat":[38,41],"product_tag":[],"class_list":{"0":"post-400","1":"product","2":"type-product","3":"status-publish","4":"has-post-thumbnail","6":"product_cat-nothing-but-fruit","7":"product_cat-jams","9":"first","10":"outofstock","11":"purchasable","12":"product-type-variable"},"composite_virtual":false,"composite_layout":"","composite_add_to_cart_form_location":"","composite_editable_in_cart":false,"composite_sold_individually_context":"","composite_shop_price_calc":"","composite_components":[],"composite_scenarios":[],"acf":[],"yoast_head":"<!-- This site is optimized with the Yoast SEO plugin v27.4 - https:\/\/yoast.com\/product\/yoast-seo-wordpress\/ -->\n<title>P\u00e9itseog B\u00e1n le S\u00fa-Chraobh - Foll\u00e1in Irish<\/title>\n<meta name=\"description\" content=\"Torth\u00ed c\u00famhra blasta - is milis an toradh an P\u00e9itseog b\u00e1n. Go h\u00e1llainn le s\u00fa-chraobh.\u00a0\" \/>\n<meta name=\"robots\" content=\"index, follow, max-snippet:-1, max-image-preview:large, max-video-preview:-1\" \/>\n<link rel=\"canonical\" href=\"https:\/\/www.follain.ie\/ga\/product\/nothing-but-fruit-white-peach-raspberry-preserve\/\" \/>\n<meta property=\"og:locale\" content=\"en_GB\" \/>\n<meta property=\"og:type\" content=\"article\" \/>\n<meta property=\"og:title\" content=\"P\u00e9itseog b\u00e1n le s\u00fa-chraobh\" \/>\n<meta property=\"og:description\" content=\"Torth\u00ed c\u00famhra blasta - is milis an toradh an P\u00e9itseog b\u00e1n. Go h\u00e1llainn le s\u00fa-chraobh.\u00a0\" \/>\n<meta property=\"og:url\" content=\"https:\/\/www.follain.ie\/ga\/product\/nothing-but-fruit-white-peach-raspberry-preserve\/\" \/>\n<meta property=\"og:site_name\" content=\"Foll\u00e1in Irish\" \/>\n<meta property=\"article:modified_time\" content=\"2024-04-24T09:04:40+00:00\" \/>\n<meta property=\"og:image\" content=\"https:\/\/www.follain.ie\/ga\/wp-content\/uploads\/sites\/3\/2021\/02\/Limited_Edition_main-low-3.jpg\" \/>\n\t<meta property=\"og:image:width\" content=\"2000\" \/>\n\t<meta property=\"og:image:height\" content=\"1333\" \/>\n\t<meta property=\"og:image:type\" content=\"image\/jpeg\" \/>\n<meta name=\"twitter:card\" content=\"summary_large_image\" \/>\n<meta name=\"twitter:title\" content=\"P\u00e9itseog b\u00e1n le s\u00fa-chraobh\" \/>\n<meta name=\"twitter:description\" content=\"Torth\u00ed c\u00famhra blasta - is milis an toradh an P\u00e9itseog b\u00e1n. Go h\u00e1llainn le s\u00fa-chraobh.\u00a0\" \/>\n<meta name=\"twitter:image\" content=\"https:\/\/www.follain.ie\/ga\/wp-content\/uploads\/sites\/3\/2021\/02\/Limited_Edition_main-low-3.jpg\" \/>\n<meta name=\"twitter:label1\" content=\"Estimated reading time\" \/>\n\t<meta name=\"twitter:data1\" content=\"1 minute\" \/>\n<!-- \/ Yoast SEO plugin. -->","yoast_head_json":{"title":"P\u00e9itseog B\u00e1n le S\u00fa-Chraobh - Foll\u00e1in Irish","description":"Torth\u00ed c\u00famhra blasta - is milis an toradh an P\u00e9itseog b\u00e1n. Go h\u00e1llainn le s\u00fa-chraobh.\u00a0","robots":{"index":"index","follow":"follow","max-snippet":"max-snippet:-1","max-image-preview":"max-image-preview:large","max-video-preview":"max-video-preview:-1"},"canonical":"https:\/\/www.follain.ie\/ga\/product\/nothing-but-fruit-white-peach-raspberry-preserve\/","og_locale":"en_GB","og_type":"article","og_title":"P\u00e9itseog b\u00e1n le s\u00fa-chraobh","og_description":"Torth\u00ed c\u00famhra blasta - is milis an toradh an P\u00e9itseog b\u00e1n. Go h\u00e1llainn le s\u00fa-chraobh.\u00a0","og_url":"https:\/\/www.follain.ie\/ga\/product\/nothing-but-fruit-white-peach-raspberry-preserve\/","og_site_name":"Foll\u00e1in Irish","article_modified_time":"2024-04-24T09:04:40+00:00","og_image":[{"width":2000,"height":1333,"url":"https:\/\/www.follain.ie\/ga\/wp-content\/uploads\/sites\/3\/2021\/02\/Limited_Edition_main-low-3.jpg","type":"image\/jpeg"}],"twitter_card":"summary_large_image","twitter_title":"P\u00e9itseog b\u00e1n le s\u00fa-chraobh","twitter_description":"Torth\u00ed c\u00famhra blasta - is milis an toradh an P\u00e9itseog b\u00e1n. Go h\u00e1llainn le s\u00fa-chraobh.\u00a0","twitter_image":"https:\/\/www.follain.ie\/ga\/wp-content\/uploads\/sites\/3\/2021\/02\/Limited_Edition_main-low-3.jpg","twitter_misc":{"Estimated reading time":"1 minute"},"schema":{"@context":"https:\/\/schema.org","@graph":[{"@type":"WebPage","@id":"https:\/\/www.follain.ie\/ga\/product\/nothing-but-fruit-white-peach-raspberry-preserve\/","url":"https:\/\/www.follain.ie\/ga\/product\/nothing-but-fruit-white-peach-raspberry-preserve\/","name":"P\u00e9itseog B\u00e1n le S\u00fa-Chraobh - Foll\u00e1in Irish","isPartOf":{"@id":"https:\/\/www.follain.ie\/ga\/#website"},"primaryImageOfPage":{"@id":"https:\/\/www.follain.ie\/ga\/product\/nothing-but-fruit-white-peach-raspberry-preserve\/#primaryimage"},"image":{"@id":"https:\/\/www.follain.ie\/ga\/product\/nothing-but-fruit-white-peach-raspberry-preserve\/#primaryimage"},"thumbnailUrl":"https:\/\/www.follain.ie\/ga\/wp-content\/uploads\/sites\/3\/2021\/02\/whitepeachrasberry-shadow1.png","datePublished":"2021-02-25T13:13:27+00:00","dateModified":"2024-04-24T09:04:40+00:00","description":"Torth\u00ed c\u00famhra blasta - is milis an toradh an P\u00e9itseog b\u00e1n. Go h\u00e1llainn le s\u00fa-chraobh.\u00a0","breadcrumb":{"@id":"https:\/\/www.follain.ie\/ga\/product\/nothing-but-fruit-white-peach-raspberry-preserve\/#breadcrumb"},"inLanguage":"en-GB","potentialAction":[{"@type":"ReadAction","target":["https:\/\/www.follain.ie\/ga\/product\/nothing-but-fruit-white-peach-raspberry-preserve\/"]}]},{"@type":"ImageObject","inLanguage":"en-GB","@id":"https:\/\/www.follain.ie\/ga\/product\/nothing-but-fruit-white-peach-raspberry-preserve\/#primaryimage","url":"https:\/\/www.follain.ie\/ga\/wp-content\/uploads\/sites\/3\/2021\/02\/whitepeachrasberry-shadow1.png","contentUrl":"https:\/\/www.follain.ie\/ga\/wp-content\/uploads\/sites\/3\/2021\/02\/whitepeachrasberry-shadow1.png","width":482,"height":520,"caption":"Follain Limited Edition White Peach and Raspberry Jam"},{"@type":"BreadcrumbList","@id":"https:\/\/www.follain.ie\/ga\/product\/nothing-but-fruit-white-peach-raspberry-preserve\/#breadcrumb","itemListElement":[{"@type":"ListItem","position":1,"name":"Baile","item":"https:\/\/www.follain.ie\/ga\/"},{"@type":"ListItem","position":2,"name":"Subhanna","item":"https:\/\/www.follain.ie\/ga\/catag%C3%B3ir-t%C3%A1irg%C3%AD\/jams\/"},{"@type":"ListItem","position":3,"name":"Subh gan si\u00facra","item":"https:\/\/www.follain.ie\/ga\/catag%C3%B3ir-t%C3%A1irg%C3%AD\/jams\/nothing-but-fruit\/"},{"@type":"ListItem","position":4,"name":"P\u00e9itseog B\u00e1n le S\u00fa-Chraobh"}]},{"@type":"WebSite","@id":"https:\/\/www.follain.ie\/ga\/#website","url":"https:\/\/www.follain.ie\/ga\/","name":"Foll\u00e1in Irish","description":"We love sharing our passion for good food and eating well through our dedication to making delicious preserves","potentialAction":[{"@type":"SearchAction","target":{"@type":"EntryPoint","urlTemplate":"https:\/\/www.follain.ie\/ga\/?s={search_term_string}"},"query-input":{"@type":"PropertyValueSpecification","valueRequired":true,"valueName":"search_term_string"}}],"inLanguage":"en-GB"}]}},"_links":{"self":[{"href":"https:\/\/www.follain.ie\/ga\/wp-json\/wp\/v2\/product\/400","targetHints":{"allow":["GET"]}}],"collection":[{"href":"https:\/\/www.follain.ie\/ga\/wp-json\/wp\/v2\/product"}],"about":[{"href":"https:\/\/www.follain.ie\/ga\/wp-json\/wp\/v2\/types\/product"}],"wp:featuredmedia":[{"embeddable":true,"href":"https:\/\/www.follain.ie\/ga\/wp-json\/wp\/v2\/media\/2036"}],"wp:attachment":[{"href":"https:\/\/www.follain.ie\/ga\/wp-json\/wp\/v2\/media?parent=400"}],"wp:term":[{"taxonomy":"product_brand","embeddable":true,"href":"https:\/\/www.follain.ie\/ga\/wp-json\/wp\/v2\/product_brand?post=400"},{"taxonomy":"product_cat","embeddable":true,"href":"https:\/\/www.follain.ie\/ga\/wp-json\/wp\/v2\/product_cat?post=400"},{"taxonomy":"product_tag","embeddable":true,"href":"https:\/\/www.follain.ie\/ga\/wp-json\/wp\/v2\/product_tag?post=400"}],"curies":[{"name":"wp","href":"https:\/\/api.w.org\/{rel}","templated":true}]}}