{"id":407,"date":"2021-02-25T13:13:27","date_gmt":"2021-02-25T13:13:27","guid":{"rendered":"https:\/\/follainprod.wpengine.com\/product\/follain-chargrilled-red-pepper-relish\/"},"modified":"2024-04-24T10:05:35","modified_gmt":"2024-04-24T09:05:35","slug":"chargrilled-red-pepper-relish","status":"publish","type":"product","link":"https:\/\/www.follain.ie\/ga\/product\/chargrilled-red-pepper-relish\/","title":{"rendered":"Piobar Dearg R\u00f3staithe"},"content":{"rendered":"<p class=\"p1\">Ana bhlasta le c\u00e1is gabhair agus aon rud ar an mBBQ.<\/p>\n<p>&nbsp;<\/p>\n<p>Sa Phr\u00f3ca: 320g<\/p>\n","protected":false},"excerpt":{"rendered":"<p class=\"p1\">Ana bhlasta le c\u00e1is gabhair agus aon rud ar an mBBQ.<\/p>\n","protected":false},"featured_media":2029,"template":"","meta":{"_acf_changed":false},"product_brand":[],"product_cat":[43],"product_tag":[],"class_list":{"0":"post-407","1":"product","2":"type-product","3":"status-publish","4":"has-post-thumbnail","6":"product_cat-anlainn","8":"first","9":"instock","10":"purchasable","11":"product-type-variable"},"composite_virtual":false,"composite_layout":"","composite_add_to_cart_form_location":"","composite_editable_in_cart":false,"composite_sold_individually_context":"","composite_shop_price_calc":"","composite_components":[],"composite_scenarios":[],"acf":[],"yoast_head":"<!-- This site is optimized with the Yoast SEO plugin v27.2 - https:\/\/yoast.com\/product\/yoast-seo-wordpress\/ -->\n<title>Piobar Dearg R\u00f3staithe - Foll\u00e1in Irish<\/title>\n<meta name=\"description\" content=\"Ana bhlasta le c\u00e1is gabhair agus aon rud ar an mBBQ.\" \/>\n<meta name=\"robots\" content=\"index, follow, max-snippet:-1, max-image-preview:large, max-video-preview:-1\" \/>\n<link rel=\"canonical\" href=\"https:\/\/www.follain.ie\/ga\/product\/chargrilled-red-pepper-relish\/\" \/>\n<meta property=\"og:locale\" content=\"en_GB\" \/>\n<meta property=\"og:type\" content=\"article\" \/>\n<meta property=\"og:title\" content=\"Anlann sobhlasta Piobar dearg r\u00f3staithe\" \/>\n<meta property=\"og:description\" content=\"Ana bhlasta le c\u00e1is gabhair agus aon rud ar an mBBQ.\" \/>\n<meta property=\"og:url\" content=\"https:\/\/www.follain.ie\/ga\/product\/chargrilled-red-pepper-relish\/\" \/>\n<meta property=\"og:site_name\" content=\"Foll\u00e1in Irish\" \/>\n<meta property=\"article:modified_time\" content=\"2024-04-24T09:05:35+00:00\" \/>\n<meta property=\"og:image\" content=\"https:\/\/www.follain.ie\/ga\/wp-content\/uploads\/sites\/3\/2021\/04\/Relish_group_alt1-low.jpg\" \/>\n\t<meta property=\"og:image:width\" content=\"2000\" \/>\n\t<meta property=\"og:image:height\" content=\"1333\" \/>\n\t<meta property=\"og:image:type\" content=\"image\/jpeg\" \/>\n<meta name=\"twitter:card\" content=\"summary_large_image\" \/>\n<meta name=\"twitter:title\" content=\"Anlann sobhlasta Piobar dearg r\u00f3staithe\" \/>\n<meta name=\"twitter:description\" content=\"Ana bhlasta le c\u00e1is gabhair agus aon rud ar an mBBQ.\" \/>\n<meta name=\"twitter:image\" content=\"https:\/\/www.follain.ie\/ga\/wp-content\/uploads\/sites\/3\/2021\/02\/Relish_group_alt1-low.jpg\" \/>\n<meta name=\"twitter:label1\" content=\"Estimated reading time\" \/>\n\t<meta name=\"twitter:data1\" content=\"1 minute\" \/>\n<!-- \/ Yoast SEO plugin. -->","yoast_head_json":{"title":"Piobar Dearg R\u00f3staithe - Foll\u00e1in Irish","description":"Ana bhlasta le c\u00e1is gabhair agus aon rud ar an mBBQ.","robots":{"index":"index","follow":"follow","max-snippet":"max-snippet:-1","max-image-preview":"max-image-preview:large","max-video-preview":"max-video-preview:-1"},"canonical":"https:\/\/www.follain.ie\/ga\/product\/chargrilled-red-pepper-relish\/","og_locale":"en_GB","og_type":"article","og_title":"Anlann sobhlasta Piobar dearg r\u00f3staithe","og_description":"Ana bhlasta le c\u00e1is gabhair agus aon rud ar an mBBQ.","og_url":"https:\/\/www.follain.ie\/ga\/product\/chargrilled-red-pepper-relish\/","og_site_name":"Foll\u00e1in Irish","article_modified_time":"2024-04-24T09:05:35+00:00","og_image":[{"width":2000,"height":1333,"url":"https:\/\/www.follain.ie\/ga\/wp-content\/uploads\/sites\/3\/2021\/04\/Relish_group_alt1-low.jpg","type":"image\/jpeg"}],"twitter_card":"summary_large_image","twitter_title":"Anlann sobhlasta Piobar dearg r\u00f3staithe","twitter_description":"Ana bhlasta le c\u00e1is gabhair agus aon rud ar an mBBQ.","twitter_image":"https:\/\/www.follain.ie\/ga\/wp-content\/uploads\/sites\/3\/2021\/02\/Relish_group_alt1-low.jpg","twitter_misc":{"Estimated reading time":"1 minute"},"schema":{"@context":"https:\/\/schema.org","@graph":[{"@type":"WebPage","@id":"https:\/\/www.follain.ie\/ga\/product\/chargrilled-red-pepper-relish\/","url":"https:\/\/www.follain.ie\/ga\/product\/chargrilled-red-pepper-relish\/","name":"Piobar Dearg R\u00f3staithe - Foll\u00e1in Irish","isPartOf":{"@id":"https:\/\/www.follain.ie\/ga\/#website"},"primaryImageOfPage":{"@id":"https:\/\/www.follain.ie\/ga\/product\/chargrilled-red-pepper-relish\/#primaryimage"},"image":{"@id":"https:\/\/www.follain.ie\/ga\/product\/chargrilled-red-pepper-relish\/#primaryimage"},"thumbnailUrl":"https:\/\/www.follain.ie\/ga\/wp-content\/uploads\/sites\/3\/2021\/02\/chargrilledredpepperrelish-shadow1-1.png","datePublished":"2021-02-25T13:13:27+00:00","dateModified":"2024-04-24T09:05:35+00:00","description":"Ana bhlasta le c\u00e1is gabhair agus aon rud ar an mBBQ.","breadcrumb":{"@id":"https:\/\/www.follain.ie\/ga\/product\/chargrilled-red-pepper-relish\/#breadcrumb"},"inLanguage":"en-GB","potentialAction":[{"@type":"ReadAction","target":["https:\/\/www.follain.ie\/ga\/product\/chargrilled-red-pepper-relish\/"]}]},{"@type":"ImageObject","inLanguage":"en-GB","@id":"https:\/\/www.follain.ie\/ga\/product\/chargrilled-red-pepper-relish\/#primaryimage","url":"https:\/\/www.follain.ie\/ga\/wp-content\/uploads\/sites\/3\/2021\/02\/chargrilledredpepperrelish-shadow1-1.png","contentUrl":"https:\/\/www.follain.ie\/ga\/wp-content\/uploads\/sites\/3\/2021\/02\/chargrilledredpepperrelish-shadow1-1.png","width":482,"height":520,"caption":"Follain Chargrilled Red Pepper Relish"},{"@type":"BreadcrumbList","@id":"https:\/\/www.follain.ie\/ga\/product\/chargrilled-red-pepper-relish\/#breadcrumb","itemListElement":[{"@type":"ListItem","position":1,"name":"Baile","item":"https:\/\/www.follain.ie\/ga\/"},{"@type":"ListItem","position":2,"name":"Anlainn","item":"https:\/\/www.follain.ie\/ga\/catag%C3%B3ir-t%C3%A1irg%C3%AD\/anlainn\/"},{"@type":"ListItem","position":3,"name":"Piobar Dearg R\u00f3staithe"}]},{"@type":"WebSite","@id":"https:\/\/www.follain.ie\/ga\/#website","url":"https:\/\/www.follain.ie\/ga\/","name":"Foll\u00e1in Irish","description":"We love sharing our passion for good food and eating well through our dedication to making delicious preserves","potentialAction":[{"@type":"SearchAction","target":{"@type":"EntryPoint","urlTemplate":"https:\/\/www.follain.ie\/ga\/?s={search_term_string}"},"query-input":{"@type":"PropertyValueSpecification","valueRequired":true,"valueName":"search_term_string"}}],"inLanguage":"en-GB"}]}},"_links":{"self":[{"href":"https:\/\/www.follain.ie\/ga\/wp-json\/wp\/v2\/product\/407","targetHints":{"allow":["GET"]}}],"collection":[{"href":"https:\/\/www.follain.ie\/ga\/wp-json\/wp\/v2\/product"}],"about":[{"href":"https:\/\/www.follain.ie\/ga\/wp-json\/wp\/v2\/types\/product"}],"wp:featuredmedia":[{"embeddable":true,"href":"https:\/\/www.follain.ie\/ga\/wp-json\/wp\/v2\/media\/2029"}],"wp:attachment":[{"href":"https:\/\/www.follain.ie\/ga\/wp-json\/wp\/v2\/media?parent=407"}],"wp:term":[{"taxonomy":"product_brand","embeddable":true,"href":"https:\/\/www.follain.ie\/ga\/wp-json\/wp\/v2\/product_brand?post=407"},{"taxonomy":"product_cat","embeddable":true,"href":"https:\/\/www.follain.ie\/ga\/wp-json\/wp\/v2\/product_cat?post=407"},{"taxonomy":"product_tag","embeddable":true,"href":"https:\/\/www.follain.ie\/ga\/wp-json\/wp\/v2\/product_tag?post=407"}],"curies":[{"name":"wp","href":"https:\/\/api.w.org\/{rel}","templated":true}]}}