{"id":415,"date":"2021-02-25T13:13:28","date_gmt":"2021-02-25T13:13:28","guid":{"rendered":"https:\/\/follainprod.wpengine.com\/product\/traditional-recipe-grapefruit-medium-cut-marmalade\/"},"modified":"2026-04-30T14:52:49","modified_gmt":"2026-04-30T13:52:49","slug":"traditional-recipe-grapefruit-medium-cut-marmalade","status":"publish","type":"product","link":"https:\/\/www.follain.ie\/ga\/product\/traditional-recipe-grapefruit-medium-cut-marmalade\/","title":{"rendered":"Sead\u00f3g &#8211; TR"},"content":{"rendered":"<p class=\"p1\">Bainfidh s\u00e9 seo an codhladh d\u00edot ar maidin!<\/p>\n<p>Sa Phr\u00f3ca: 370g<\/p>\n","protected":false},"excerpt":{"rendered":"<p class=\"p1\">Bainfidh s\u00e9 seo an codhladh d\u00edot ar maidin!<\/p>\n","protected":false},"featured_media":2014,"template":"","meta":{"_acf_changed":false},"product_brand":[],"product_cat":[47,42],"product_tag":[],"class_list":{"0":"post-415","1":"product","2":"type-product","3":"status-publish","4":"has-post-thumbnail","6":"product_cat-traditional-recipe-marmalades","7":"product_cat-marmalades","9":"first","10":"instock","11":"purchasable","12":"product-type-variable"},"composite_virtual":false,"composite_layout":"","composite_add_to_cart_form_location":"","composite_editable_in_cart":false,"composite_sold_individually_context":"","composite_shop_price_calc":"","composite_components":[],"composite_scenarios":[],"acf":[],"yoast_head":"<!-- This site is optimized with the Yoast SEO plugin v27.4 - https:\/\/yoast.com\/product\/yoast-seo-wordpress\/ -->\n<title>Sead\u00f3g - TR - Foll\u00e1in Irish<\/title>\n<meta name=\"description\" content=\"Bainfidh s\u00e9 seo an codhladh d\u00edot ar maidin!\" \/>\n<meta name=\"robots\" content=\"index, follow, max-snippet:-1, max-image-preview:large, max-video-preview:-1\" \/>\n<link rel=\"canonical\" href=\"https:\/\/www.follain.ie\/ga\/product\/traditional-recipe-grapefruit-medium-cut-marmalade\/\" \/>\n<meta property=\"og:locale\" content=\"en_GB\" \/>\n<meta property=\"og:type\" content=\"article\" \/>\n<meta property=\"og:title\" content=\"Sead\u00f3g\" \/>\n<meta property=\"og:description\" content=\"Bainfidh s\u00e9 seo an codhladh d\u00edot ar maidin!\" \/>\n<meta property=\"og:url\" content=\"https:\/\/www.follain.ie\/ga\/product\/traditional-recipe-grapefruit-medium-cut-marmalade\/\" \/>\n<meta property=\"og:site_name\" content=\"Foll\u00e1in Irish\" \/>\n<meta property=\"article:modified_time\" content=\"2026-04-30T13:52:49+00:00\" \/>\n<meta property=\"og:image\" content=\"https:\/\/www.follain.ie\/ga\/wp-content\/uploads\/sites\/3\/2021\/02\/Marmalade_Trad_Recipe_group_main-low-1.jpg\" \/>\n\t<meta property=\"og:image:width\" content=\"2000\" \/>\n\t<meta property=\"og:image:height\" content=\"1333\" \/>\n\t<meta property=\"og:image:type\" content=\"image\/jpeg\" \/>\n<meta name=\"twitter:card\" content=\"summary_large_image\" \/>\n<meta name=\"twitter:title\" content=\"Sead\u00f3g\" \/>\n<meta name=\"twitter:description\" content=\"Bainfidh s\u00e9 seo an codhladh d\u00edot ar maidin!\" \/>\n<meta name=\"twitter:image\" content=\"https:\/\/www.follain.ie\/ga\/wp-content\/uploads\/sites\/3\/2021\/02\/Marmalade_Trad_Recipe_group_main-low-1.jpg\" \/>\n<meta name=\"twitter:label1\" content=\"Estimated reading time\" \/>\n\t<meta name=\"twitter:data1\" content=\"1 minute\" \/>\n<!-- \/ Yoast SEO plugin. -->","yoast_head_json":{"title":"Sead\u00f3g - TR - Foll\u00e1in Irish","description":"Bainfidh s\u00e9 seo an codhladh d\u00edot ar maidin!","robots":{"index":"index","follow":"follow","max-snippet":"max-snippet:-1","max-image-preview":"max-image-preview:large","max-video-preview":"max-video-preview:-1"},"canonical":"https:\/\/www.follain.ie\/ga\/product\/traditional-recipe-grapefruit-medium-cut-marmalade\/","og_locale":"en_GB","og_type":"article","og_title":"Sead\u00f3g","og_description":"Bainfidh s\u00e9 seo an codhladh d\u00edot ar maidin!","og_url":"https:\/\/www.follain.ie\/ga\/product\/traditional-recipe-grapefruit-medium-cut-marmalade\/","og_site_name":"Foll\u00e1in Irish","article_modified_time":"2026-04-30T13:52:49+00:00","og_image":[{"width":2000,"height":1333,"url":"https:\/\/www.follain.ie\/ga\/wp-content\/uploads\/sites\/3\/2021\/02\/Marmalade_Trad_Recipe_group_main-low-1.jpg","type":"image\/jpeg"}],"twitter_card":"summary_large_image","twitter_title":"Sead\u00f3g","twitter_description":"Bainfidh s\u00e9 seo an codhladh d\u00edot ar maidin!","twitter_image":"https:\/\/www.follain.ie\/ga\/wp-content\/uploads\/sites\/3\/2021\/02\/Marmalade_Trad_Recipe_group_main-low-1.jpg","twitter_misc":{"Estimated reading time":"1 minute"},"schema":{"@context":"https:\/\/schema.org","@graph":[{"@type":"WebPage","@id":"https:\/\/www.follain.ie\/ga\/product\/traditional-recipe-grapefruit-medium-cut-marmalade\/","url":"https:\/\/www.follain.ie\/ga\/product\/traditional-recipe-grapefruit-medium-cut-marmalade\/","name":"Sead\u00f3g - TR - Foll\u00e1in Irish","isPartOf":{"@id":"https:\/\/www.follain.ie\/ga\/#website"},"primaryImageOfPage":{"@id":"https:\/\/www.follain.ie\/ga\/product\/traditional-recipe-grapefruit-medium-cut-marmalade\/#primaryimage"},"image":{"@id":"https:\/\/www.follain.ie\/ga\/product\/traditional-recipe-grapefruit-medium-cut-marmalade\/#primaryimage"},"thumbnailUrl":"https:\/\/www.follain.ie\/ga\/wp-content\/uploads\/sites\/3\/2021\/02\/grapefruitmarmalademediumcutTR-shadow-1.png","datePublished":"2021-02-25T13:13:28+00:00","dateModified":"2026-04-30T13:52:49+00:00","description":"Bainfidh s\u00e9 seo an codhladh d\u00edot ar maidin!","breadcrumb":{"@id":"https:\/\/www.follain.ie\/ga\/product\/traditional-recipe-grapefruit-medium-cut-marmalade\/#breadcrumb"},"inLanguage":"en-GB","potentialAction":[{"@type":"ReadAction","target":["https:\/\/www.follain.ie\/ga\/product\/traditional-recipe-grapefruit-medium-cut-marmalade\/"]}]},{"@type":"ImageObject","inLanguage":"en-GB","@id":"https:\/\/www.follain.ie\/ga\/product\/traditional-recipe-grapefruit-medium-cut-marmalade\/#primaryimage","url":"https:\/\/www.follain.ie\/ga\/wp-content\/uploads\/sites\/3\/2021\/02\/grapefruitmarmalademediumcutTR-shadow-1.png","contentUrl":"https:\/\/www.follain.ie\/ga\/wp-content\/uploads\/sites\/3\/2021\/02\/grapefruitmarmalademediumcutTR-shadow-1.png","width":482,"height":520,"caption":"Follain Traditional Recipe Grapefruit Medium Cut Marmalade"},{"@type":"BreadcrumbList","@id":"https:\/\/www.follain.ie\/ga\/product\/traditional-recipe-grapefruit-medium-cut-marmalade\/#breadcrumb","itemListElement":[{"@type":"ListItem","position":1,"name":"Baile","item":"https:\/\/www.follain.ie\/ga\/"},{"@type":"ListItem","position":2,"name":"Subhor\u00e1iste","item":"https:\/\/www.follain.ie\/ga\/catag%C3%B3ir-t%C3%A1irg%C3%AD\/marmalades\/"},{"@type":"ListItem","position":3,"name":"Sead\u00f3g &#8211; TR"}]},{"@type":"WebSite","@id":"https:\/\/www.follain.ie\/ga\/#website","url":"https:\/\/www.follain.ie\/ga\/","name":"Foll\u00e1in Irish","description":"We love sharing our passion for good food and eating well through our dedication to making delicious preserves","potentialAction":[{"@type":"SearchAction","target":{"@type":"EntryPoint","urlTemplate":"https:\/\/www.follain.ie\/ga\/?s={search_term_string}"},"query-input":{"@type":"PropertyValueSpecification","valueRequired":true,"valueName":"search_term_string"}}],"inLanguage":"en-GB"}]}},"_links":{"self":[{"href":"https:\/\/www.follain.ie\/ga\/wp-json\/wp\/v2\/product\/415","targetHints":{"allow":["GET"]}}],"collection":[{"href":"https:\/\/www.follain.ie\/ga\/wp-json\/wp\/v2\/product"}],"about":[{"href":"https:\/\/www.follain.ie\/ga\/wp-json\/wp\/v2\/types\/product"}],"wp:featuredmedia":[{"embeddable":true,"href":"https:\/\/www.follain.ie\/ga\/wp-json\/wp\/v2\/media\/2014"}],"wp:attachment":[{"href":"https:\/\/www.follain.ie\/ga\/wp-json\/wp\/v2\/media?parent=415"}],"wp:term":[{"taxonomy":"product_brand","embeddable":true,"href":"https:\/\/www.follain.ie\/ga\/wp-json\/wp\/v2\/product_brand?post=415"},{"taxonomy":"product_cat","embeddable":true,"href":"https:\/\/www.follain.ie\/ga\/wp-json\/wp\/v2\/product_cat?post=415"},{"taxonomy":"product_tag","embeddable":true,"href":"https:\/\/www.follain.ie\/ga\/wp-json\/wp\/v2\/product_tag?post=415"}],"curies":[{"name":"wp","href":"https:\/\/api.w.org\/{rel}","templated":true}]}}