{"id":416,"date":"2021-02-25T13:13:28","date_gmt":"2021-02-25T13:13:28","guid":{"rendered":"https:\/\/follainprod.wpengine.com\/product\/traditional-recipe-gooseberry-jam\/"},"modified":"2024-04-24T10:02:45","modified_gmt":"2024-04-24T09:02:45","slug":"traditional-recipe-gooseberry-jam","status":"publish","type":"product","link":"https:\/\/www.follain.ie\/ga\/product\/traditional-recipe-gooseberry-jam\/","title":{"rendered":"Spi\u00fan\u00e1in &#8211; TR"},"content":{"rendered":"<p class=\"p1\">Subh \u00e1lainn tradis\u00fanta. Bh\u00edd\u00eds ag f\u00e1s sa ghaird\u00edn le linn \u00e1r n-\u00f3ige.<\/p>\n<p>&nbsp;<\/p>\n<p>Sa Phr\u00f3ca: 370g<\/p>\n","protected":false},"excerpt":{"rendered":"<p class=\"p1\">Subh \u00e1lainn tradis\u00fanta. Bh\u00edd\u00eds ag f\u00e1s sa ghaird\u00edn le linn \u00e1r n-\u00f3ige.<\/p>\n","protected":false},"featured_media":2013,"template":"","meta":{"_acf_changed":false},"product_brand":[],"product_cat":[37,41],"product_tag":[],"class_list":{"0":"post-416","1":"product","2":"type-product","3":"status-publish","4":"has-post-thumbnail","6":"product_cat-traditional-recipe","7":"product_cat-jams","9":"first","10":"instock","11":"purchasable","12":"product-type-variable"},"composite_virtual":false,"composite_layout":"","composite_add_to_cart_form_location":"","composite_editable_in_cart":false,"composite_sold_individually_context":"","composite_shop_price_calc":"","composite_components":[],"composite_scenarios":[],"acf":[],"yoast_head":"<!-- This site is optimized with the Yoast SEO plugin v27.2 - https:\/\/yoast.com\/product\/yoast-seo-wordpress\/ -->\n<title>Spi\u00fan\u00e1in - TR - Foll\u00e1in Irish<\/title>\n<meta name=\"description\" content=\"Subh \u00e1lainn tradis\u00fanta. Bh\u00edd\u00eds ag f\u00e1s sa ghaird\u00edn le linn \u00e1r n-\u00f3ige.\" \/>\n<meta name=\"robots\" content=\"index, follow, max-snippet:-1, max-image-preview:large, max-video-preview:-1\" \/>\n<link rel=\"canonical\" href=\"https:\/\/www.follain.ie\/ga\/product\/traditional-recipe-gooseberry-jam\/\" \/>\n<meta property=\"og:locale\" content=\"en_GB\" \/>\n<meta property=\"og:type\" content=\"article\" \/>\n<meta property=\"og:title\" content=\"Spi\u00fan\u00e1in\" \/>\n<meta property=\"og:description\" content=\"Subh \u00e1lainn tradis\u00fanta. Bh\u00edd\u00eds ag f\u00e1s sa ghaird\u00edn le linn \u00e1r n-\u00f3ige.\" \/>\n<meta property=\"og:url\" content=\"https:\/\/www.follain.ie\/ga\/product\/traditional-recipe-gooseberry-jam\/\" \/>\n<meta property=\"og:site_name\" content=\"Foll\u00e1in Irish\" \/>\n<meta property=\"article:modified_time\" content=\"2024-04-24T09:02:45+00:00\" \/>\n<meta property=\"og:image\" content=\"https:\/\/www.follain.ie\/ga\/wp-content\/uploads\/sites\/3\/2021\/02\/Jam_Trad_Recipe_alt1-low.jpg\" \/>\n\t<meta property=\"og:image:width\" content=\"2000\" \/>\n\t<meta property=\"og:image:height\" content=\"1333\" \/>\n\t<meta property=\"og:image:type\" content=\"image\/jpeg\" \/>\n<meta name=\"twitter:card\" content=\"summary_large_image\" \/>\n<meta name=\"twitter:title\" content=\"Spi\u00fan\u00e1in\" \/>\n<meta name=\"twitter:description\" content=\"Subh \u00e1lainn tradis\u00fanta. Bh\u00edd\u00eds ag f\u00e1s sa ghaird\u00edn le linn \u00e1r n-\u00f3ige.\" \/>\n<meta name=\"twitter:image\" content=\"https:\/\/www.follain.ie\/ga\/wp-content\/uploads\/sites\/3\/2021\/02\/Jam_Trad_Recipe_alt1-low.jpg\" \/>\n<meta name=\"twitter:label1\" content=\"Estimated reading time\" \/>\n\t<meta name=\"twitter:data1\" content=\"1 minute\" \/>\n<!-- \/ Yoast SEO plugin. -->","yoast_head_json":{"title":"Spi\u00fan\u00e1in - TR - Foll\u00e1in Irish","description":"Subh \u00e1lainn tradis\u00fanta. Bh\u00edd\u00eds ag f\u00e1s sa ghaird\u00edn le linn \u00e1r n-\u00f3ige.","robots":{"index":"index","follow":"follow","max-snippet":"max-snippet:-1","max-image-preview":"max-image-preview:large","max-video-preview":"max-video-preview:-1"},"canonical":"https:\/\/www.follain.ie\/ga\/product\/traditional-recipe-gooseberry-jam\/","og_locale":"en_GB","og_type":"article","og_title":"Spi\u00fan\u00e1in","og_description":"Subh \u00e1lainn tradis\u00fanta. Bh\u00edd\u00eds ag f\u00e1s sa ghaird\u00edn le linn \u00e1r n-\u00f3ige.","og_url":"https:\/\/www.follain.ie\/ga\/product\/traditional-recipe-gooseberry-jam\/","og_site_name":"Foll\u00e1in Irish","article_modified_time":"2024-04-24T09:02:45+00:00","og_image":[{"width":2000,"height":1333,"url":"https:\/\/www.follain.ie\/ga\/wp-content\/uploads\/sites\/3\/2021\/02\/Jam_Trad_Recipe_alt1-low.jpg","type":"image\/jpeg"}],"twitter_card":"summary_large_image","twitter_title":"Spi\u00fan\u00e1in","twitter_description":"Subh \u00e1lainn tradis\u00fanta. Bh\u00edd\u00eds ag f\u00e1s sa ghaird\u00edn le linn \u00e1r n-\u00f3ige.","twitter_image":"https:\/\/www.follain.ie\/ga\/wp-content\/uploads\/sites\/3\/2021\/02\/Jam_Trad_Recipe_alt1-low.jpg","twitter_misc":{"Estimated reading time":"1 minute"},"schema":{"@context":"https:\/\/schema.org","@graph":[{"@type":"WebPage","@id":"https:\/\/www.follain.ie\/ga\/product\/traditional-recipe-gooseberry-jam\/","url":"https:\/\/www.follain.ie\/ga\/product\/traditional-recipe-gooseberry-jam\/","name":"Spi\u00fan\u00e1in - TR - Foll\u00e1in Irish","isPartOf":{"@id":"https:\/\/www.follain.ie\/ga\/#website"},"primaryImageOfPage":{"@id":"https:\/\/www.follain.ie\/ga\/product\/traditional-recipe-gooseberry-jam\/#primaryimage"},"image":{"@id":"https:\/\/www.follain.ie\/ga\/product\/traditional-recipe-gooseberry-jam\/#primaryimage"},"thumbnailUrl":"https:\/\/www.follain.ie\/ga\/wp-content\/uploads\/sites\/3\/2021\/02\/gooseberryTR-shadow-1.png","datePublished":"2021-02-25T13:13:28+00:00","dateModified":"2024-04-24T09:02:45+00:00","description":"Subh \u00e1lainn tradis\u00fanta. Bh\u00edd\u00eds ag f\u00e1s sa ghaird\u00edn le linn \u00e1r n-\u00f3ige.","breadcrumb":{"@id":"https:\/\/www.follain.ie\/ga\/product\/traditional-recipe-gooseberry-jam\/#breadcrumb"},"inLanguage":"en-GB","potentialAction":[{"@type":"ReadAction","target":["https:\/\/www.follain.ie\/ga\/product\/traditional-recipe-gooseberry-jam\/"]}]},{"@type":"ImageObject","inLanguage":"en-GB","@id":"https:\/\/www.follain.ie\/ga\/product\/traditional-recipe-gooseberry-jam\/#primaryimage","url":"https:\/\/www.follain.ie\/ga\/wp-content\/uploads\/sites\/3\/2021\/02\/gooseberryTR-shadow-1.png","contentUrl":"https:\/\/www.follain.ie\/ga\/wp-content\/uploads\/sites\/3\/2021\/02\/gooseberryTR-shadow-1.png","width":482,"height":520,"caption":"Follain Traditional Recipe Gooseberry Jam"},{"@type":"BreadcrumbList","@id":"https:\/\/www.follain.ie\/ga\/product\/traditional-recipe-gooseberry-jam\/#breadcrumb","itemListElement":[{"@type":"ListItem","position":1,"name":"Baile","item":"https:\/\/www.follain.ie\/ga\/"},{"@type":"ListItem","position":2,"name":"Subhanna","item":"https:\/\/www.follain.ie\/ga\/catag%C3%B3ir-t%C3%A1irg%C3%AD\/jams\/"},{"@type":"ListItem","position":3,"name":"Subh Tradisi\u00fanta","item":"https:\/\/www.follain.ie\/ga\/catag%C3%B3ir-t%C3%A1irg%C3%AD\/jams\/traditional-recipe\/"},{"@type":"ListItem","position":4,"name":"Spi\u00fan\u00e1in &#8211; TR"}]},{"@type":"WebSite","@id":"https:\/\/www.follain.ie\/ga\/#website","url":"https:\/\/www.follain.ie\/ga\/","name":"Foll\u00e1in Irish","description":"We love sharing our passion for good food and eating well through our dedication to making delicious preserves","potentialAction":[{"@type":"SearchAction","target":{"@type":"EntryPoint","urlTemplate":"https:\/\/www.follain.ie\/ga\/?s={search_term_string}"},"query-input":{"@type":"PropertyValueSpecification","valueRequired":true,"valueName":"search_term_string"}}],"inLanguage":"en-GB"}]}},"_links":{"self":[{"href":"https:\/\/www.follain.ie\/ga\/wp-json\/wp\/v2\/product\/416","targetHints":{"allow":["GET"]}}],"collection":[{"href":"https:\/\/www.follain.ie\/ga\/wp-json\/wp\/v2\/product"}],"about":[{"href":"https:\/\/www.follain.ie\/ga\/wp-json\/wp\/v2\/types\/product"}],"wp:featuredmedia":[{"embeddable":true,"href":"https:\/\/www.follain.ie\/ga\/wp-json\/wp\/v2\/media\/2013"}],"wp:attachment":[{"href":"https:\/\/www.follain.ie\/ga\/wp-json\/wp\/v2\/media?parent=416"}],"wp:term":[{"taxonomy":"product_brand","embeddable":true,"href":"https:\/\/www.follain.ie\/ga\/wp-json\/wp\/v2\/product_brand?post=416"},{"taxonomy":"product_cat","embeddable":true,"href":"https:\/\/www.follain.ie\/ga\/wp-json\/wp\/v2\/product_cat?post=416"},{"taxonomy":"product_tag","embeddable":true,"href":"https:\/\/www.follain.ie\/ga\/wp-json\/wp\/v2\/product_tag?post=416"}],"curies":[{"name":"wp","href":"https:\/\/api.w.org\/{rel}","templated":true}]}}