{"id":418,"date":"2021-02-25T13:13:30","date_gmt":"2021-02-25T13:13:30","guid":{"rendered":"https:\/\/follainprod.wpengine.com\/product\/traditional-recipe-blackberry-jam\/"},"modified":"2024-04-24T10:02:26","modified_gmt":"2024-04-24T09:02:26","slug":"traditional-recipe-blackberry-jam","status":"publish","type":"product","link":"https:\/\/www.follain.ie\/ga\/product\/traditional-recipe-blackberry-jam\/","title":{"rendered":"Smeara Dubha &#8211; TR"},"content":{"rendered":"<p class=\"p1\">Is bre\u00e1 linn boladh an subh seo ag beiri\u00fa. Cuirann s\u00e9 i gcuimhine d\u00fainn a bheith ag piocadh sm\u00e9ara fad\u00f3.<span class=\"Apple-converted-space\">\u00a0<\/span><\/p>\n<p>Sa Phr\u00f3ca: 370g<\/p>\n","protected":false},"excerpt":{"rendered":"<p class=\"p1\">Cuimhine \u00e1r \u00f3ige<\/p>\n","protected":false},"featured_media":2052,"template":"","meta":{"_acf_changed":false},"product_brand":[],"product_cat":[37,41],"product_tag":[],"class_list":{"0":"post-418","1":"product","2":"type-product","3":"status-publish","4":"has-post-thumbnail","6":"product_cat-traditional-recipe","7":"product_cat-jams","9":"first","10":"instock","11":"purchasable","12":"product-type-variable"},"composite_virtual":false,"composite_layout":"","composite_add_to_cart_form_location":"","composite_editable_in_cart":false,"composite_sold_individually_context":"","composite_shop_price_calc":"","composite_components":[],"composite_scenarios":[],"acf":[],"yoast_head":"<!-- This site is optimized with the Yoast SEO plugin v27.2 - https:\/\/yoast.com\/product\/yoast-seo-wordpress\/ -->\n<title>Smeara Dubha - TR - Foll\u00e1in Irish<\/title>\n<meta name=\"description\" content=\"Is bre\u00e1 linn boladh an subh seo ag beiri\u00fa. Cuirann s\u00e9 i gcuimhine d\u00fainn a bheith ag piocadh sm\u00e9ara fad\u00f3.\u00a0\" \/>\n<meta name=\"robots\" content=\"index, follow, max-snippet:-1, max-image-preview:large, max-video-preview:-1\" \/>\n<link rel=\"canonical\" href=\"https:\/\/www.follain.ie\/ga\/product\/traditional-recipe-blackberry-jam\/\" \/>\n<meta property=\"og:locale\" content=\"en_GB\" \/>\n<meta property=\"og:type\" content=\"article\" \/>\n<meta property=\"og:title\" content=\"Smeara Dubha\" \/>\n<meta property=\"og:description\" content=\"Is bre\u00e1 linn boladh an subh seo ag beiri\u00fa. Cuirann s\u00e9 i gcuimhine d\u00fainn a bheith ag piocadh sm\u00e9ara fad\u00f3.\" \/>\n<meta property=\"og:url\" content=\"https:\/\/www.follain.ie\/ga\/product\/traditional-recipe-blackberry-jam\/\" \/>\n<meta property=\"og:site_name\" content=\"Foll\u00e1in Irish\" \/>\n<meta property=\"article:modified_time\" content=\"2024-04-24T09:02:26+00:00\" \/>\n<meta property=\"og:image\" content=\"https:\/\/www.follain.ie\/ga\/wp-content\/uploads\/sites\/3\/2021\/02\/Jam_Trad_Recipe_alt4-low-1.jpg\" \/>\n\t<meta property=\"og:image:width\" content=\"2000\" \/>\n\t<meta property=\"og:image:height\" content=\"1333\" \/>\n\t<meta property=\"og:image:type\" content=\"image\/jpeg\" \/>\n<meta name=\"twitter:card\" content=\"summary_large_image\" \/>\n<meta name=\"twitter:title\" content=\"Smeara Dubha\" \/>\n<meta name=\"twitter:description\" content=\"Is bre\u00e1 linn boladh an subh seo ag beiri\u00fa. Cuirann s\u00e9 i gcuimhine d\u00fainn a bheith ag piocadh sm\u00e9ara fad\u00f3.\" \/>\n<meta name=\"twitter:image\" content=\"https:\/\/www.follain.ie\/ga\/wp-content\/uploads\/sites\/3\/2021\/02\/Jam_Trad_Recipe_alt4-low-1.jpg\" \/>\n<meta name=\"twitter:label1\" content=\"Estimated reading time\" \/>\n\t<meta name=\"twitter:data1\" content=\"1 minute\" \/>\n<!-- \/ Yoast SEO plugin. -->","yoast_head_json":{"title":"Smeara Dubha - TR - Foll\u00e1in Irish","description":"Is bre\u00e1 linn boladh an subh seo ag beiri\u00fa. Cuirann s\u00e9 i gcuimhine d\u00fainn a bheith ag piocadh sm\u00e9ara fad\u00f3.\u00a0","robots":{"index":"index","follow":"follow","max-snippet":"max-snippet:-1","max-image-preview":"max-image-preview:large","max-video-preview":"max-video-preview:-1"},"canonical":"https:\/\/www.follain.ie\/ga\/product\/traditional-recipe-blackberry-jam\/","og_locale":"en_GB","og_type":"article","og_title":"Smeara Dubha","og_description":"Is bre\u00e1 linn boladh an subh seo ag beiri\u00fa. Cuirann s\u00e9 i gcuimhine d\u00fainn a bheith ag piocadh sm\u00e9ara fad\u00f3.","og_url":"https:\/\/www.follain.ie\/ga\/product\/traditional-recipe-blackberry-jam\/","og_site_name":"Foll\u00e1in Irish","article_modified_time":"2024-04-24T09:02:26+00:00","og_image":[{"width":2000,"height":1333,"url":"https:\/\/www.follain.ie\/ga\/wp-content\/uploads\/sites\/3\/2021\/02\/Jam_Trad_Recipe_alt4-low-1.jpg","type":"image\/jpeg"}],"twitter_card":"summary_large_image","twitter_title":"Smeara Dubha","twitter_description":"Is bre\u00e1 linn boladh an subh seo ag beiri\u00fa. Cuirann s\u00e9 i gcuimhine d\u00fainn a bheith ag piocadh sm\u00e9ara fad\u00f3.","twitter_image":"https:\/\/www.follain.ie\/ga\/wp-content\/uploads\/sites\/3\/2021\/02\/Jam_Trad_Recipe_alt4-low-1.jpg","twitter_misc":{"Estimated reading time":"1 minute"},"schema":{"@context":"https:\/\/schema.org","@graph":[{"@type":"WebPage","@id":"https:\/\/www.follain.ie\/ga\/product\/traditional-recipe-blackberry-jam\/","url":"https:\/\/www.follain.ie\/ga\/product\/traditional-recipe-blackberry-jam\/","name":"Smeara Dubha - TR - Foll\u00e1in Irish","isPartOf":{"@id":"https:\/\/www.follain.ie\/ga\/#website"},"primaryImageOfPage":{"@id":"https:\/\/www.follain.ie\/ga\/product\/traditional-recipe-blackberry-jam\/#primaryimage"},"image":{"@id":"https:\/\/www.follain.ie\/ga\/product\/traditional-recipe-blackberry-jam\/#primaryimage"},"thumbnailUrl":"https:\/\/www.follain.ie\/ga\/wp-content\/uploads\/sites\/3\/2021\/02\/blackberryTR-shadow2.png","datePublished":"2021-02-25T13:13:30+00:00","dateModified":"2024-04-24T09:02:26+00:00","description":"Is bre\u00e1 linn boladh an subh seo ag beiri\u00fa. Cuirann s\u00e9 i gcuimhine d\u00fainn a bheith ag piocadh sm\u00e9ara fad\u00f3.\u00a0","breadcrumb":{"@id":"https:\/\/www.follain.ie\/ga\/product\/traditional-recipe-blackberry-jam\/#breadcrumb"},"inLanguage":"en-GB","potentialAction":[{"@type":"ReadAction","target":["https:\/\/www.follain.ie\/ga\/product\/traditional-recipe-blackberry-jam\/"]}]},{"@type":"ImageObject","inLanguage":"en-GB","@id":"https:\/\/www.follain.ie\/ga\/product\/traditional-recipe-blackberry-jam\/#primaryimage","url":"https:\/\/www.follain.ie\/ga\/wp-content\/uploads\/sites\/3\/2021\/02\/blackberryTR-shadow2.png","contentUrl":"https:\/\/www.follain.ie\/ga\/wp-content\/uploads\/sites\/3\/2021\/02\/blackberryTR-shadow2.png","width":482,"height":520,"caption":"Follain Traditional Recipe Blackberry Jam"},{"@type":"BreadcrumbList","@id":"https:\/\/www.follain.ie\/ga\/product\/traditional-recipe-blackberry-jam\/#breadcrumb","itemListElement":[{"@type":"ListItem","position":1,"name":"Baile","item":"https:\/\/www.follain.ie\/ga\/"},{"@type":"ListItem","position":2,"name":"Subhanna","item":"https:\/\/www.follain.ie\/ga\/catag%C3%B3ir-t%C3%A1irg%C3%AD\/jams\/"},{"@type":"ListItem","position":3,"name":"Subh Tradisi\u00fanta","item":"https:\/\/www.follain.ie\/ga\/catag%C3%B3ir-t%C3%A1irg%C3%AD\/jams\/traditional-recipe\/"},{"@type":"ListItem","position":4,"name":"Smeara Dubha &#8211; TR"}]},{"@type":"WebSite","@id":"https:\/\/www.follain.ie\/ga\/#website","url":"https:\/\/www.follain.ie\/ga\/","name":"Foll\u00e1in Irish","description":"We love sharing our passion for good food and eating well through our dedication to making delicious preserves","potentialAction":[{"@type":"SearchAction","target":{"@type":"EntryPoint","urlTemplate":"https:\/\/www.follain.ie\/ga\/?s={search_term_string}"},"query-input":{"@type":"PropertyValueSpecification","valueRequired":true,"valueName":"search_term_string"}}],"inLanguage":"en-GB"}]}},"_links":{"self":[{"href":"https:\/\/www.follain.ie\/ga\/wp-json\/wp\/v2\/product\/418","targetHints":{"allow":["GET"]}}],"collection":[{"href":"https:\/\/www.follain.ie\/ga\/wp-json\/wp\/v2\/product"}],"about":[{"href":"https:\/\/www.follain.ie\/ga\/wp-json\/wp\/v2\/types\/product"}],"wp:featuredmedia":[{"embeddable":true,"href":"https:\/\/www.follain.ie\/ga\/wp-json\/wp\/v2\/media\/2052"}],"wp:attachment":[{"href":"https:\/\/www.follain.ie\/ga\/wp-json\/wp\/v2\/media?parent=418"}],"wp:term":[{"taxonomy":"product_brand","embeddable":true,"href":"https:\/\/www.follain.ie\/ga\/wp-json\/wp\/v2\/product_brand?post=418"},{"taxonomy":"product_cat","embeddable":true,"href":"https:\/\/www.follain.ie\/ga\/wp-json\/wp\/v2\/product_cat?post=418"},{"taxonomy":"product_tag","embeddable":true,"href":"https:\/\/www.follain.ie\/ga\/wp-json\/wp\/v2\/product_tag?post=418"}],"curies":[{"name":"wp","href":"https:\/\/api.w.org\/{rel}","templated":true}]}}