{"id":5297,"date":"2026-04-29T15:26:14","date_gmt":"2026-04-29T14:26:14","guid":{"rendered":"https:\/\/www.follain.ie\/ga\/?post_type=product&#038;p=5297"},"modified":"2026-04-30T12:05:50","modified_gmt":"2026-04-30T11:05:50","slug":"spoonfuls-sutha-talunfraochan-cnonna-coco-agus-siolta-meilte-measctha","status":"publish","type":"product","link":"https:\/\/www.follain.ie\/ga\/product\/spoonfuls-sutha-talunfraochan-cnonna-coco-agus-siolta-meilte-measctha\/","title":{"rendered":"Spoonfuls s\u00fatha tal\u00fan,fraoch\u00e1n, cn\u00f3nna c\u00f3c\u00f3 agus s\u00edolta meilte measctha."},"content":{"rendered":"<p>D\u00edreach i gceart don leite, i\u00f3gart agus granola ar mhaidin.<\/p>\n","protected":false},"excerpt":{"rendered":"<p>Spoonfuls le S\u00fatha tal\u00fa,\u00a0 fraoch\u00e1n, cn\u00f3nna c\u00f3c\u00f3 &amp; s\u00edolta meilte measctha.<\/p>\n","protected":false},"featured_media":5282,"template":"","meta":{"_acf_changed":false},"product_brand":[],"product_cat":[361],"product_tag":[],"class_list":{"0":"post-5297","1":"product","2":"type-product","3":"status-publish","4":"has-post-thumbnail","6":"product_cat-breakfast-topper","8":"first","9":"instock","10":"purchasable","11":"product-type-variable"},"composite_virtual":false,"composite_layout":"","composite_add_to_cart_form_location":"","composite_editable_in_cart":false,"composite_sold_individually_context":"","composite_shop_price_calc":"","composite_components":[],"composite_scenarios":[],"acf":[],"yoast_head":"<!-- This site is optimized with the Yoast SEO plugin v27.4 - https:\/\/yoast.com\/product\/yoast-seo-wordpress\/ -->\n<title>Spoonfuls s\u00fatha tal\u00fan,fraoch\u00e1n, cn\u00f3nna c\u00f3c\u00f3 agus s\u00edolta meilte measctha. - Foll\u00e1in Irish<\/title>\n<meta name=\"description\" content=\"Spoonfuls le S\u00fatha tal\u00fa,\u00a0 fraoch\u00e1n, cn\u00f3nna c\u00f3c\u00f3 &amp; s\u00edolta meilte measctha.\" \/>\n<meta name=\"robots\" content=\"index, follow, max-snippet:-1, max-image-preview:large, max-video-preview:-1\" \/>\n<link rel=\"canonical\" href=\"https:\/\/www.follain.ie\/ga\/product\/spoonfuls-sutha-talunfraochan-cnonna-coco-agus-siolta-meilte-measctha\/\" \/>\n<meta property=\"og:locale\" content=\"en_GB\" \/>\n<meta property=\"og:type\" content=\"article\" \/>\n<meta property=\"og:title\" content=\"Spoonfuls s\u00fatha tal\u00fan,fraoch\u00e1n, cn\u00f3nna c\u00f3c\u00f3 agus s\u00edolta meilte measctha. - Foll\u00e1in Irish\" \/>\n<meta property=\"og:description\" content=\"Spoonfuls le S\u00fatha tal\u00fa,\u00a0 fraoch\u00e1n, cn\u00f3nna c\u00f3c\u00f3 &amp; s\u00edolta meilte measctha.\" \/>\n<meta property=\"og:url\" content=\"https:\/\/www.follain.ie\/ga\/product\/spoonfuls-sutha-talunfraochan-cnonna-coco-agus-siolta-meilte-measctha\/\" \/>\n<meta property=\"og:site_name\" content=\"Foll\u00e1in Irish\" \/>\n<meta property=\"article:modified_time\" content=\"2026-04-30T11:05:50+00:00\" \/>\n<meta property=\"og:image\" content=\"https:\/\/www.follain.ie\/ga\/wp-content\/uploads\/sites\/3\/2026\/04\/Spoonfulls-3d-Strawberry-300x306-1.png\" \/>\n\t<meta property=\"og:image:width\" content=\"300\" \/>\n\t<meta property=\"og:image:height\" content=\"306\" \/>\n\t<meta property=\"og:image:type\" content=\"image\/png\" \/>\n<meta name=\"twitter:card\" content=\"summary_large_image\" \/>\n<meta name=\"twitter:label1\" content=\"Estimated reading time\" \/>\n\t<meta name=\"twitter:data1\" content=\"1 minute\" \/>\n<!-- \/ Yoast SEO plugin. -->","yoast_head_json":{"title":"Spoonfuls s\u00fatha tal\u00fan,fraoch\u00e1n, cn\u00f3nna c\u00f3c\u00f3 agus s\u00edolta meilte measctha. - Foll\u00e1in Irish","description":"Spoonfuls le S\u00fatha tal\u00fa,\u00a0 fraoch\u00e1n, cn\u00f3nna c\u00f3c\u00f3 &amp; s\u00edolta meilte measctha.","robots":{"index":"index","follow":"follow","max-snippet":"max-snippet:-1","max-image-preview":"max-image-preview:large","max-video-preview":"max-video-preview:-1"},"canonical":"https:\/\/www.follain.ie\/ga\/product\/spoonfuls-sutha-talunfraochan-cnonna-coco-agus-siolta-meilte-measctha\/","og_locale":"en_GB","og_type":"article","og_title":"Spoonfuls s\u00fatha tal\u00fan,fraoch\u00e1n, cn\u00f3nna c\u00f3c\u00f3 agus s\u00edolta meilte measctha. - Foll\u00e1in Irish","og_description":"Spoonfuls le S\u00fatha tal\u00fa,\u00a0 fraoch\u00e1n, cn\u00f3nna c\u00f3c\u00f3 &amp; s\u00edolta meilte measctha.","og_url":"https:\/\/www.follain.ie\/ga\/product\/spoonfuls-sutha-talunfraochan-cnonna-coco-agus-siolta-meilte-measctha\/","og_site_name":"Foll\u00e1in Irish","article_modified_time":"2026-04-30T11:05:50+00:00","og_image":[{"width":300,"height":306,"url":"https:\/\/www.follain.ie\/ga\/wp-content\/uploads\/sites\/3\/2026\/04\/Spoonfulls-3d-Strawberry-300x306-1.png","type":"image\/png"}],"twitter_card":"summary_large_image","twitter_misc":{"Estimated reading time":"1 minute"},"schema":{"@context":"https:\/\/schema.org","@graph":[{"@type":"WebPage","@id":"https:\/\/www.follain.ie\/ga\/product\/spoonfuls-sutha-talunfraochan-cnonna-coco-agus-siolta-meilte-measctha\/","url":"https:\/\/www.follain.ie\/ga\/product\/spoonfuls-sutha-talunfraochan-cnonna-coco-agus-siolta-meilte-measctha\/","name":"Spoonfuls s\u00fatha tal\u00fan,fraoch\u00e1n, cn\u00f3nna c\u00f3c\u00f3 agus s\u00edolta meilte measctha. - Foll\u00e1in Irish","isPartOf":{"@id":"https:\/\/www.follain.ie\/ga\/#website"},"primaryImageOfPage":{"@id":"https:\/\/www.follain.ie\/ga\/product\/spoonfuls-sutha-talunfraochan-cnonna-coco-agus-siolta-meilte-measctha\/#primaryimage"},"image":{"@id":"https:\/\/www.follain.ie\/ga\/product\/spoonfuls-sutha-talunfraochan-cnonna-coco-agus-siolta-meilte-measctha\/#primaryimage"},"thumbnailUrl":"https:\/\/www.follain.ie\/ga\/wp-content\/uploads\/sites\/3\/2026\/04\/Spoonfulls-3d-Strawberry-300x306-1.png","datePublished":"2026-04-29T14:26:14+00:00","dateModified":"2026-04-30T11:05:50+00:00","description":"Spoonfuls le S\u00fatha tal\u00fa,\u00a0 fraoch\u00e1n, cn\u00f3nna c\u00f3c\u00f3 &amp; s\u00edolta meilte measctha.","breadcrumb":{"@id":"https:\/\/www.follain.ie\/ga\/product\/spoonfuls-sutha-talunfraochan-cnonna-coco-agus-siolta-meilte-measctha\/#breadcrumb"},"inLanguage":"en-GB","potentialAction":[{"@type":"ReadAction","target":["https:\/\/www.follain.ie\/ga\/product\/spoonfuls-sutha-talunfraochan-cnonna-coco-agus-siolta-meilte-measctha\/"]}]},{"@type":"ImageObject","inLanguage":"en-GB","@id":"https:\/\/www.follain.ie\/ga\/product\/spoonfuls-sutha-talunfraochan-cnonna-coco-agus-siolta-meilte-measctha\/#primaryimage","url":"https:\/\/www.follain.ie\/ga\/wp-content\/uploads\/sites\/3\/2026\/04\/Spoonfulls-3d-Strawberry-300x306-1.png","contentUrl":"https:\/\/www.follain.ie\/ga\/wp-content\/uploads\/sites\/3\/2026\/04\/Spoonfulls-3d-Strawberry-300x306-1.png","width":300,"height":306},{"@type":"BreadcrumbList","@id":"https:\/\/www.follain.ie\/ga\/product\/spoonfuls-sutha-talunfraochan-cnonna-coco-agus-siolta-meilte-measctha\/#breadcrumb","itemListElement":[{"@type":"ListItem","position":1,"name":"Baile","item":"https:\/\/www.follain.ie\/ga\/"},{"@type":"ListItem","position":2,"name":"Spoonfuls","item":"https:\/\/www.follain.ie\/ga\/product-category\/breakfast-topper\/"},{"@type":"ListItem","position":3,"name":"Spoonfuls s\u00fatha tal\u00fan,fraoch\u00e1n, cn\u00f3nna c\u00f3c\u00f3 agus s\u00edolta meilte measctha."}]},{"@type":"WebSite","@id":"https:\/\/www.follain.ie\/ga\/#website","url":"https:\/\/www.follain.ie\/ga\/","name":"Foll\u00e1in Irish","description":"We love sharing our passion for good food and eating well through our dedication to making delicious preserves","potentialAction":[{"@type":"SearchAction","target":{"@type":"EntryPoint","urlTemplate":"https:\/\/www.follain.ie\/ga\/?s={search_term_string}"},"query-input":{"@type":"PropertyValueSpecification","valueRequired":true,"valueName":"search_term_string"}}],"inLanguage":"en-GB"}]}},"_links":{"self":[{"href":"https:\/\/www.follain.ie\/ga\/wp-json\/wp\/v2\/product\/5297","targetHints":{"allow":["GET"]}}],"collection":[{"href":"https:\/\/www.follain.ie\/ga\/wp-json\/wp\/v2\/product"}],"about":[{"href":"https:\/\/www.follain.ie\/ga\/wp-json\/wp\/v2\/types\/product"}],"wp:featuredmedia":[{"embeddable":true,"href":"https:\/\/www.follain.ie\/ga\/wp-json\/wp\/v2\/media\/5282"}],"wp:attachment":[{"href":"https:\/\/www.follain.ie\/ga\/wp-json\/wp\/v2\/media?parent=5297"}],"wp:term":[{"taxonomy":"product_brand","embeddable":true,"href":"https:\/\/www.follain.ie\/ga\/wp-json\/wp\/v2\/product_brand?post=5297"},{"taxonomy":"product_cat","embeddable":true,"href":"https:\/\/www.follain.ie\/ga\/wp-json\/wp\/v2\/product_cat?post=5297"},{"taxonomy":"product_tag","embeddable":true,"href":"https:\/\/www.follain.ie\/ga\/wp-json\/wp\/v2\/product_tag?post=5297"}],"curies":[{"name":"wp","href":"https:\/\/api.w.org\/{rel}","templated":true}]}}